{"id":18772,"date":"2020-02-12T17:10:35","date_gmt":"2020-02-12T16:10:35","guid":{"rendered":"https:\/\/miaustore.com\/pl\/?page_id=18772"},"modified":"2020-10-12T14:30:52","modified_gmt":"2020-10-12T12:30:52","slug":"uzytkowanie-pompy","status":"publish","type":"page","link":"https:\/\/miaustore.com\/pl\/uzytkowanie-pompy.html","title":{"rendered":"U\u017cytkowanie pompy"},"content":{"rendered":"<div id=\"cs-content\" class=\"cs-content\"><\/div>","protected":false},"excerpt":{"rendered":"","protected":false},"author":1,"featured_media":0,"parent":0,"menu_order":0,"comment_status":"closed","ping_status":"closed","template":"template-blank-1.php","meta":{"_glsr_average":0,"_glsr_ranking":0,"_glsr_reviews":0,"footnotes":""},"class_list":["post-18772","page","type-page","status-publish","hentry","no-post-thumbnail"],"yoast_head":"<!-- This site is optimized with the Yoast SEO Premium plugin v26.7 (Yoast SEO v26.7) - https:\/\/yoast.com\/wordpress\/plugins\/seo\/ -->\n<title>U\u017cytkowanie i konserwacja pompy Miaustore - Polska<\/title>\n<meta name=\"description\" content=\"Przy ci\u0105g\u0142ym u\u017cytkowaniu pompy czasami brud, kocie w\u0142osy, czy okruszki mog\u0105 dosta\u0107 si\u0119 do \u015brodka pompy i obni\u017cy\u0107 jej efektywno\u015b\u0107.\" \/>\n<meta name=\"robots\" content=\"index, follow, max-snippet:-1, max-image-preview:large, max-video-preview:-1\" \/>\n<link rel=\"canonical\" href=\"https:\/\/miaustore.com\/pl\/uzytkowanie-pompy.html\" \/>\n<meta property=\"og:locale\" content=\"pl_PL\" \/>\n<meta property=\"og:type\" content=\"article\" \/>\n<meta property=\"og:title\" content=\"U\u017cytkowanie pompy\" \/>\n<meta property=\"og:description\" content=\"Przy ci\u0105g\u0142ym u\u017cytkowaniu pompy czasami brud, kocie w\u0142osy, czy okruszki mog\u0105 dosta\u0107 si\u0119 do \u015brodka pompy i obni\u017cy\u0107 jej efektywno\u015b\u0107.\" \/>\n<meta property=\"og:url\" content=\"https:\/\/miaustore.com\/pl\/uzytkowanie-pompy.html\" \/>\n<meta property=\"og:site_name\" content=\"Miaustore Poland\" \/>\n<meta property=\"article:modified_time\" content=\"2020-10-12T12:30:52+00:00\" \/>\n<meta name=\"twitter:card\" content=\"summary_large_image\" \/>\n<meta name=\"twitter:label1\" content=\"Szacowany czas czytania\" \/>\n\t<meta name=\"twitter:data1\" content=\"4 minuty\" \/>\n<script type=\"application\/ld+json\" class=\"yoast-schema-graph\">{\"@context\":\"https:\/\/schema.org\",\"@graph\":[{\"@type\":\"WebPage\",\"@id\":\"https:\/\/miaustore.com\/pl\/uzytkowanie-pompy.html\",\"url\":\"https:\/\/miaustore.com\/pl\/uzytkowanie-pompy.html\",\"name\":\"U\u017cytkowanie i konserwacja pompy Miaustore - Polska\",\"isPartOf\":{\"@id\":\"https:\/\/miaustore.com\/pl\/#website\"},\"datePublished\":\"2020-02-12T16:10:35+00:00\",\"dateModified\":\"2020-10-12T12:30:52+00:00\",\"description\":\"Przy ci\u0105g\u0142ym u\u017cytkowaniu pompy czasami brud, kocie w\u0142osy, czy okruszki mog\u0105 dosta\u0107 si\u0119 do \u015brodka pompy i obni\u017cy\u0107 jej efektywno\u015b\u0107.\",\"breadcrumb\":{\"@id\":\"https:\/\/miaustore.com\/pl\/uzytkowanie-pompy.html#breadcrumb\"},\"inLanguage\":\"pl-PL\",\"potentialAction\":[{\"@type\":\"ReadAction\",\"target\":[\"https:\/\/miaustore.com\/pl\/uzytkowanie-pompy.html\"]}]},{\"@type\":\"BreadcrumbList\",\"@id\":\"https:\/\/miaustore.com\/pl\/uzytkowanie-pompy.html#breadcrumb\",\"itemListElement\":[{\"@type\":\"ListItem\",\"position\":1,\"name\":\"Startseite\",\"item\":\"https:\/\/miaustore.com\/pl\/\"},{\"@type\":\"ListItem\",\"position\":2,\"name\":\"U\u017cytkowanie pompy\"}]},{\"@type\":\"WebSite\",\"@id\":\"https:\/\/miaustore.com\/pl\/#website\",\"url\":\"https:\/\/miaustore.com\/pl\/\",\"name\":\"Miaustore Poland\",\"description\":\"Ceramiczna fontanna dla kota\",\"potentialAction\":[{\"@type\":\"SearchAction\",\"target\":{\"@type\":\"EntryPoint\",\"urlTemplate\":\"https:\/\/miaustore.com\/pl\/?s={search_term_string}\"},\"query-input\":{\"@type\":\"PropertyValueSpecification\",\"valueRequired\":true,\"valueName\":\"search_term_string\"}}],\"inLanguage\":\"pl-PL\"}]}<\/script>\n<!-- \/ Yoast SEO Premium plugin. -->","yoast_head_json":{"title":"U\u017cytkowanie i konserwacja pompy Miaustore - Polska","description":"Przy ci\u0105g\u0142ym u\u017cytkowaniu pompy czasami brud, kocie w\u0142osy, czy okruszki mog\u0105 dosta\u0107 si\u0119 do \u015brodka pompy i obni\u017cy\u0107 jej efektywno\u015b\u0107.","robots":{"index":"index","follow":"follow","max-snippet":"max-snippet:-1","max-image-preview":"max-image-preview:large","max-video-preview":"max-video-preview:-1"},"canonical":"https:\/\/miaustore.com\/pl\/uzytkowanie-pompy.html","og_locale":"pl_PL","og_type":"article","og_title":"U\u017cytkowanie pompy","og_description":"Przy ci\u0105g\u0142ym u\u017cytkowaniu pompy czasami brud, kocie w\u0142osy, czy okruszki mog\u0105 dosta\u0107 si\u0119 do \u015brodka pompy i obni\u017cy\u0107 jej efektywno\u015b\u0107.","og_url":"https:\/\/miaustore.com\/pl\/uzytkowanie-pompy.html","og_site_name":"Miaustore Poland","article_modified_time":"2020-10-12T12:30:52+00:00","twitter_card":"summary_large_image","twitter_misc":{"Szacowany czas czytania":"4 minuty"},"schema":{"@context":"https:\/\/schema.org","@graph":[{"@type":"WebPage","@id":"https:\/\/miaustore.com\/pl\/uzytkowanie-pompy.html","url":"https:\/\/miaustore.com\/pl\/uzytkowanie-pompy.html","name":"U\u017cytkowanie i konserwacja pompy Miaustore - Polska","isPartOf":{"@id":"https:\/\/miaustore.com\/pl\/#website"},"datePublished":"2020-02-12T16:10:35+00:00","dateModified":"2020-10-12T12:30:52+00:00","description":"Przy ci\u0105g\u0142ym u\u017cytkowaniu pompy czasami brud, kocie w\u0142osy, czy okruszki mog\u0105 dosta\u0107 si\u0119 do \u015brodka pompy i obni\u017cy\u0107 jej efektywno\u015b\u0107.","breadcrumb":{"@id":"https:\/\/miaustore.com\/pl\/uzytkowanie-pompy.html#breadcrumb"},"inLanguage":"pl-PL","potentialAction":[{"@type":"ReadAction","target":["https:\/\/miaustore.com\/pl\/uzytkowanie-pompy.html"]}]},{"@type":"BreadcrumbList","@id":"https:\/\/miaustore.com\/pl\/uzytkowanie-pompy.html#breadcrumb","itemListElement":[{"@type":"ListItem","position":1,"name":"Startseite","item":"https:\/\/miaustore.com\/pl\/"},{"@type":"ListItem","position":2,"name":"U\u017cytkowanie pompy"}]},{"@type":"WebSite","@id":"https:\/\/miaustore.com\/pl\/#website","url":"https:\/\/miaustore.com\/pl\/","name":"Miaustore Poland","description":"Ceramiczna fontanna dla kota","potentialAction":[{"@type":"SearchAction","target":{"@type":"EntryPoint","urlTemplate":"https:\/\/miaustore.com\/pl\/?s={search_term_string}"},"query-input":{"@type":"PropertyValueSpecification","valueRequired":true,"valueName":"search_term_string"}}],"inLanguage":"pl-PL"}]}},"_links":{"self":[{"href":"https:\/\/miaustore.com\/pl\/wp-json\/wp\/v2\/pages\/18772","targetHints":{"allow":["GET"]}}],"collection":[{"href":"https:\/\/miaustore.com\/pl\/wp-json\/wp\/v2\/pages"}],"about":[{"href":"https:\/\/miaustore.com\/pl\/wp-json\/wp\/v2\/types\/page"}],"author":[{"embeddable":true,"href":"https:\/\/miaustore.com\/pl\/wp-json\/wp\/v2\/users\/1"}],"replies":[{"embeddable":true,"href":"https:\/\/miaustore.com\/pl\/wp-json\/wp\/v2\/comments?post=18772"}],"version-history":[{"count":0,"href":"https:\/\/miaustore.com\/pl\/wp-json\/wp\/v2\/pages\/18772\/revisions"}],"wp:attachment":[{"href":"https:\/\/miaustore.com\/pl\/wp-json\/wp\/v2\/media?parent=18772"}],"curies":[{"name":"wp","href":"https:\/\/api.w.org\/{rel}","templated":true}]}}