{"id":18976,"date":"2020-02-17T13:08:39","date_gmt":"2020-02-17T12:08:39","guid":{"rendered":"https:\/\/miaustore.com\/pl\/?page_id=18976"},"modified":"2024-11-18T14:19:43","modified_gmt":"2024-11-18T13:19:43","slug":"dodatkowe-czesci","status":"publish","type":"page","link":"https:\/\/miaustore.com\/pl\/dodatkowe-czesci.html","title":{"rendered":"Dodatkowe cz\u0119\u015bci"},"content":{"rendered":"<div id=\"cs-content\" class=\"cs-content\"><\/div>","protected":false},"excerpt":{"rendered":"<p>Powr\u00f3t do strony g\u0142\u00f3wnej Dodatkowe cz\u0119\u015bci 1. Zamienny zestaw pompy Pompa zast\u0119pcza Miaustore wykonana jest z wysokiej jako\u015bci, bezpiecznego dla \u017cywno\u015bci materia\u0142u, co czyni j\u0105 jedn\u0105 z najlepszych na rynku. Specjalna konstrukcja minimalizuje zu\u017cycie energii i dzi\u0119ki os\u0142onie zapobiega gromadzeniu si\u0119 w\u0142os\u00f3w i zanieczyszcze\u0144, kt\u00f3re mog\u0142yby uszkodzi\u0107 pomp\u0119. Pompa USB ma \u017cywotno\u015b\u0107 20 000 godzin i jest obj\u0119ta 2-letni\u0105 gwarancj\u0105. &#8230; <\/p>\n<div><a href=\"https:\/\/miaustore.com\/pl\/dodatkowe-czesci.html\" class=\"more-link\">Read More<\/a><\/div>\n","protected":false},"author":1,"featured_media":0,"parent":0,"menu_order":0,"comment_status":"closed","ping_status":"closed","template":"template-blank-1.php","meta":{"_glsr_average":0,"_glsr_ranking":0,"_glsr_reviews":0,"footnotes":""},"class_list":["post-18976","page","type-page","status-publish","hentry","no-post-thumbnail"],"yoast_head":"<!-- This site is optimized with the Yoast SEO Premium plugin v26.7 (Yoast SEO v26.7) - https:\/\/yoast.com\/wordpress\/plugins\/seo\/ -->\n<title>Dodatkowe cz\u0119\u015bci do Twojej fontanny Miaustore - Poland<\/title>\n<meta name=\"description\" content=\"Pompa Jutai to pompa o wysokim standarcie, najlepsza na rynku materia\u0142\u00f3w bezpiecznych dla \u017cywno\u015bci. Zaprojektowana zosta\u0142a by oszcz\u0119dza\u0107 pr\u0105d...\" \/>\n<meta name=\"robots\" content=\"index, follow, max-snippet:-1, max-image-preview:large, max-video-preview:-1\" \/>\n<link rel=\"canonical\" href=\"https:\/\/miaustore.com\/pl\/dodatkowe-czesci.html\" \/>\n<meta property=\"og:locale\" content=\"pl_PL\" \/>\n<meta property=\"og:type\" content=\"article\" \/>\n<meta property=\"og:title\" content=\"Dodatkowe cz\u0119\u015bci\" \/>\n<meta property=\"og:description\" content=\"Pompa Jutai to pompa o wysokim standarcie, najlepsza na rynku materia\u0142\u00f3w bezpiecznych dla \u017cywno\u015bci. Zaprojektowana zosta\u0142a by oszcz\u0119dza\u0107 pr\u0105d...\" \/>\n<meta property=\"og:url\" content=\"https:\/\/miaustore.com\/pl\/dodatkowe-czesci.html\" \/>\n<meta property=\"og:site_name\" content=\"Miaustore Poland\" \/>\n<meta property=\"article:modified_time\" content=\"2024-11-18T13:19:43+00:00\" \/>\n<meta property=\"og:image\" content=\"https:\/\/miaustore.com\/wp-content\/uploads\/2022\/08\/test_jc6.jpg\" \/>\n<meta name=\"twitter:card\" content=\"summary_large_image\" \/>\n<meta name=\"twitter:label1\" content=\"Szacowany czas czytania\" \/>\n\t<meta name=\"twitter:data1\" content=\"20 minut\" \/>\n<script type=\"application\/ld+json\" class=\"yoast-schema-graph\">{\"@context\":\"https:\/\/schema.org\",\"@graph\":[{\"@type\":\"WebPage\",\"@id\":\"https:\/\/miaustore.com\/pl\/dodatkowe-czesci.html\",\"url\":\"https:\/\/miaustore.com\/pl\/dodatkowe-czesci.html\",\"name\":\"Dodatkowe cz\u0119\u015bci do Twojej fontanny Miaustore - Poland\",\"isPartOf\":{\"@id\":\"https:\/\/miaustore.com\/pl\/#website\"},\"primaryImageOfPage\":{\"@id\":\"https:\/\/miaustore.com\/pl\/dodatkowe-czesci.html#primaryimage\"},\"image\":{\"@id\":\"https:\/\/miaustore.com\/pl\/dodatkowe-czesci.html#primaryimage\"},\"thumbnailUrl\":\"https:\/\/miaustore.com\/wp-content\/uploads\/2022\/08\/test_jc6.jpg\",\"datePublished\":\"2020-02-17T12:08:39+00:00\",\"dateModified\":\"2024-11-18T13:19:43+00:00\",\"description\":\"Pompa Jutai to pompa o wysokim standarcie, najlepsza na rynku materia\u0142\u00f3w bezpiecznych dla \u017cywno\u015bci. Zaprojektowana zosta\u0142a by oszcz\u0119dza\u0107 pr\u0105d...\",\"breadcrumb\":{\"@id\":\"https:\/\/miaustore.com\/pl\/dodatkowe-czesci.html#breadcrumb\"},\"inLanguage\":\"pl-PL\",\"potentialAction\":[{\"@type\":\"ReadAction\",\"target\":[\"https:\/\/miaustore.com\/pl\/dodatkowe-czesci.html\"]}]},{\"@type\":\"ImageObject\",\"inLanguage\":\"pl-PL\",\"@id\":\"https:\/\/miaustore.com\/pl\/dodatkowe-czesci.html#primaryimage\",\"url\":\"https:\/\/miaustore.com\/wp-content\/uploads\/2022\/08\/test_jc6.jpg\",\"contentUrl\":\"https:\/\/miaustore.com\/wp-content\/uploads\/2022\/08\/test_jc6.jpg\"},{\"@type\":\"BreadcrumbList\",\"@id\":\"https:\/\/miaustore.com\/pl\/dodatkowe-czesci.html#breadcrumb\",\"itemListElement\":[{\"@type\":\"ListItem\",\"position\":1,\"name\":\"Startseite\",\"item\":\"https:\/\/miaustore.com\/pl\/\"},{\"@type\":\"ListItem\",\"position\":2,\"name\":\"Dodatkowe cz\u0119\u015bci\"}]},{\"@type\":\"WebSite\",\"@id\":\"https:\/\/miaustore.com\/pl\/#website\",\"url\":\"https:\/\/miaustore.com\/pl\/\",\"name\":\"Miaustore Poland\",\"description\":\"Ceramiczna fontanna dla kota\",\"potentialAction\":[{\"@type\":\"SearchAction\",\"target\":{\"@type\":\"EntryPoint\",\"urlTemplate\":\"https:\/\/miaustore.com\/pl\/?s={search_term_string}\"},\"query-input\":{\"@type\":\"PropertyValueSpecification\",\"valueRequired\":true,\"valueName\":\"search_term_string\"}}],\"inLanguage\":\"pl-PL\"}]}<\/script>\n<!-- \/ Yoast SEO Premium plugin. -->","yoast_head_json":{"title":"Dodatkowe cz\u0119\u015bci do Twojej fontanny Miaustore - Poland","description":"Pompa Jutai to pompa o wysokim standarcie, najlepsza na rynku materia\u0142\u00f3w bezpiecznych dla \u017cywno\u015bci. Zaprojektowana zosta\u0142a by oszcz\u0119dza\u0107 pr\u0105d...","robots":{"index":"index","follow":"follow","max-snippet":"max-snippet:-1","max-image-preview":"max-image-preview:large","max-video-preview":"max-video-preview:-1"},"canonical":"https:\/\/miaustore.com\/pl\/dodatkowe-czesci.html","og_locale":"pl_PL","og_type":"article","og_title":"Dodatkowe cz\u0119\u015bci","og_description":"Pompa Jutai to pompa o wysokim standarcie, najlepsza na rynku materia\u0142\u00f3w bezpiecznych dla \u017cywno\u015bci. Zaprojektowana zosta\u0142a by oszcz\u0119dza\u0107 pr\u0105d...","og_url":"https:\/\/miaustore.com\/pl\/dodatkowe-czesci.html","og_site_name":"Miaustore Poland","article_modified_time":"2024-11-18T13:19:43+00:00","og_image":[{"url":"https:\/\/miaustore.com\/wp-content\/uploads\/2022\/08\/test_jc6.jpg","type":"","width":"","height":""}],"twitter_card":"summary_large_image","twitter_misc":{"Szacowany czas czytania":"20 minut"},"schema":{"@context":"https:\/\/schema.org","@graph":[{"@type":"WebPage","@id":"https:\/\/miaustore.com\/pl\/dodatkowe-czesci.html","url":"https:\/\/miaustore.com\/pl\/dodatkowe-czesci.html","name":"Dodatkowe cz\u0119\u015bci do Twojej fontanny Miaustore - Poland","isPartOf":{"@id":"https:\/\/miaustore.com\/pl\/#website"},"primaryImageOfPage":{"@id":"https:\/\/miaustore.com\/pl\/dodatkowe-czesci.html#primaryimage"},"image":{"@id":"https:\/\/miaustore.com\/pl\/dodatkowe-czesci.html#primaryimage"},"thumbnailUrl":"https:\/\/miaustore.com\/wp-content\/uploads\/2022\/08\/test_jc6.jpg","datePublished":"2020-02-17T12:08:39+00:00","dateModified":"2024-11-18T13:19:43+00:00","description":"Pompa Jutai to pompa o wysokim standarcie, najlepsza na rynku materia\u0142\u00f3w bezpiecznych dla \u017cywno\u015bci. Zaprojektowana zosta\u0142a by oszcz\u0119dza\u0107 pr\u0105d...","breadcrumb":{"@id":"https:\/\/miaustore.com\/pl\/dodatkowe-czesci.html#breadcrumb"},"inLanguage":"pl-PL","potentialAction":[{"@type":"ReadAction","target":["https:\/\/miaustore.com\/pl\/dodatkowe-czesci.html"]}]},{"@type":"ImageObject","inLanguage":"pl-PL","@id":"https:\/\/miaustore.com\/pl\/dodatkowe-czesci.html#primaryimage","url":"https:\/\/miaustore.com\/wp-content\/uploads\/2022\/08\/test_jc6.jpg","contentUrl":"https:\/\/miaustore.com\/wp-content\/uploads\/2022\/08\/test_jc6.jpg"},{"@type":"BreadcrumbList","@id":"https:\/\/miaustore.com\/pl\/dodatkowe-czesci.html#breadcrumb","itemListElement":[{"@type":"ListItem","position":1,"name":"Startseite","item":"https:\/\/miaustore.com\/pl\/"},{"@type":"ListItem","position":2,"name":"Dodatkowe cz\u0119\u015bci"}]},{"@type":"WebSite","@id":"https:\/\/miaustore.com\/pl\/#website","url":"https:\/\/miaustore.com\/pl\/","name":"Miaustore Poland","description":"Ceramiczna fontanna dla kota","potentialAction":[{"@type":"SearchAction","target":{"@type":"EntryPoint","urlTemplate":"https:\/\/miaustore.com\/pl\/?s={search_term_string}"},"query-input":{"@type":"PropertyValueSpecification","valueRequired":true,"valueName":"search_term_string"}}],"inLanguage":"pl-PL"}]}},"_links":{"self":[{"href":"https:\/\/miaustore.com\/pl\/wp-json\/wp\/v2\/pages\/18976","targetHints":{"allow":["GET"]}}],"collection":[{"href":"https:\/\/miaustore.com\/pl\/wp-json\/wp\/v2\/pages"}],"about":[{"href":"https:\/\/miaustore.com\/pl\/wp-json\/wp\/v2\/types\/page"}],"author":[{"embeddable":true,"href":"https:\/\/miaustore.com\/pl\/wp-json\/wp\/v2\/users\/1"}],"replies":[{"embeddable":true,"href":"https:\/\/miaustore.com\/pl\/wp-json\/wp\/v2\/comments?post=18976"}],"version-history":[{"count":0,"href":"https:\/\/miaustore.com\/pl\/wp-json\/wp\/v2\/pages\/18976\/revisions"}],"wp:attachment":[{"href":"https:\/\/miaustore.com\/pl\/wp-json\/wp\/v2\/media?parent=18976"}],"curies":[{"name":"wp","href":"https:\/\/api.w.org\/{rel}","templated":true}]}}