{"id":43514,"date":"2021-02-17T19:45:35","date_gmt":"2021-02-17T18:45:35","guid":{"rendered":"https:\/\/miaustore.com\/pl\/?page_id=43514"},"modified":"2025-10-19T03:24:26","modified_gmt":"2025-10-19T01:24:26","slug":"subscription","status":"publish","type":"page","link":"https:\/\/miaustore.com\/pl\/subscription.html","title":{"rendered":"Subscription"},"content":{"rendered":"<div id=\"cs-content\" class=\"cs-content\"><\/div>","protected":false},"excerpt":{"rendered":"<p>Powr\u00f3t do strony g\u0142\u00f3wnej 1. Miaustore Cat FoodLiofilizowana karma dla kot\u00f3w Miaustore to po prostu \u015bwie\u017ce, ekologiczne mi\u0119so z wolnego wybiegu, z odparowan\u0105 wod\u0105. Nie ma w niej wype\u0142niaczy na bazie zb\u00f3\u017c, nie ma skrobi, nie ma konserwant\u00f3w, nie ma sztucznych aromat\u00f3w. Tylko \u015bwie\u017ce mi\u0119so, plus 3% mielonego grochu i sa\u0142aty oraz 1% mielonych skorupek jaj dla wzmocnienia wapnia i &#8230; <\/p>\n<div><a href=\"https:\/\/miaustore.com\/pl\/subscription.html\" class=\"more-link\">Read More<\/a><\/div>\n","protected":false},"author":260,"featured_media":0,"parent":0,"menu_order":0,"comment_status":"closed","ping_status":"closed","template":"template-blank-1.php","meta":{"_glsr_average":0,"_glsr_ranking":0,"_glsr_reviews":0,"footnotes":""},"class_list":["post-43514","page","type-page","status-publish","hentry","no-post-thumbnail"],"yoast_head":"<!-- This site is optimized with the Yoast SEO Premium plugin v26.7 (Yoast SEO v26.7) - https:\/\/yoast.com\/wordpress\/plugins\/seo\/ -->\n<title>Dodatkowe cz\u0119\u015bci do Twojej fontanny Miaustore - Poland<\/title>\n<meta name=\"description\" content=\"Pompa Jutai to pompa o wysokim standarcie, najlepsza na rynku materia\u0142\u00f3w bezpiecznych dla \u017cywno\u015bci. Zaprojektowana zosta\u0142a by oszcz\u0119dza\u0107 pr\u0105d...\" \/>\n<meta name=\"robots\" content=\"index, follow, max-snippet:-1, max-image-preview:large, max-video-preview:-1\" \/>\n<link rel=\"canonical\" href=\"https:\/\/miaustore.com\/pl\/subscription.html\" \/>\n<meta property=\"og:locale\" content=\"pl_PL\" \/>\n<meta property=\"og:type\" content=\"article\" \/>\n<meta property=\"og:title\" content=\"Subscription\" \/>\n<meta property=\"og:description\" content=\"Pompa Jutai to pompa o wysokim standarcie, najlepsza na rynku materia\u0142\u00f3w bezpiecznych dla \u017cywno\u015bci. Zaprojektowana zosta\u0142a by oszcz\u0119dza\u0107 pr\u0105d...\" \/>\n<meta property=\"og:url\" content=\"https:\/\/miaustore.com\/pl\/subscription.html\" \/>\n<meta property=\"og:site_name\" content=\"Miaustore Poland\" \/>\n<meta property=\"article:modified_time\" content=\"2025-10-19T01:24:26+00:00\" \/>\n<meta property=\"og:image\" content=\"https:\/\/miaustore.com\/pl\/wp-content\/uploads\/sites\/10\/2021\/02\/miaustore_mobile.png\" \/>\n<meta name=\"twitter:card\" content=\"summary_large_image\" \/>\n<meta name=\"twitter:label1\" content=\"Szacowany czas czytania\" \/>\n\t<meta name=\"twitter:data1\" content=\"4 minuty\" \/>\n<script type=\"application\/ld+json\" class=\"yoast-schema-graph\">{\"@context\":\"https:\/\/schema.org\",\"@graph\":[{\"@type\":\"WebPage\",\"@id\":\"https:\/\/miaustore.com\/pl\/subscription.html\",\"url\":\"https:\/\/miaustore.com\/pl\/subscription.html\",\"name\":\"Dodatkowe cz\u0119\u015bci do Twojej fontanny Miaustore - Poland\",\"isPartOf\":{\"@id\":\"https:\/\/miaustore.com\/pl\/#website\"},\"primaryImageOfPage\":{\"@id\":\"https:\/\/miaustore.com\/pl\/subscription.html#primaryimage\"},\"image\":{\"@id\":\"https:\/\/miaustore.com\/pl\/subscription.html#primaryimage\"},\"thumbnailUrl\":\"https:\/\/miaustore.com\/pl\/wp-content\/uploads\/sites\/10\/2021\/02\/miaustore_mobile.png\",\"datePublished\":\"2021-02-17T18:45:35+00:00\",\"dateModified\":\"2025-10-19T01:24:26+00:00\",\"description\":\"Pompa Jutai to pompa o wysokim standarcie, najlepsza na rynku materia\u0142\u00f3w bezpiecznych dla \u017cywno\u015bci. Zaprojektowana zosta\u0142a by oszcz\u0119dza\u0107 pr\u0105d...\",\"breadcrumb\":{\"@id\":\"https:\/\/miaustore.com\/pl\/subscription.html#breadcrumb\"},\"inLanguage\":\"pl-PL\",\"potentialAction\":[{\"@type\":\"ReadAction\",\"target\":[\"https:\/\/miaustore.com\/pl\/subscription.html\"]}]},{\"@type\":\"ImageObject\",\"inLanguage\":\"pl-PL\",\"@id\":\"https:\/\/miaustore.com\/pl\/subscription.html#primaryimage\",\"url\":\"https:\/\/miaustore.com\/pl\/wp-content\/uploads\/sites\/10\/2021\/02\/miaustore_mobile.png\",\"contentUrl\":\"https:\/\/miaustore.com\/pl\/wp-content\/uploads\/sites\/10\/2021\/02\/miaustore_mobile.png\",\"width\":411,\"height\":64},{\"@type\":\"BreadcrumbList\",\"@id\":\"https:\/\/miaustore.com\/pl\/subscription.html#breadcrumb\",\"itemListElement\":[{\"@type\":\"ListItem\",\"position\":1,\"name\":\"Startseite\",\"item\":\"https:\/\/miaustore.com\/pl\/\"},{\"@type\":\"ListItem\",\"position\":2,\"name\":\"Subscription\"}]},{\"@type\":\"WebSite\",\"@id\":\"https:\/\/miaustore.com\/pl\/#website\",\"url\":\"https:\/\/miaustore.com\/pl\/\",\"name\":\"Miaustore Poland\",\"description\":\"Ceramiczna fontanna dla kota\",\"potentialAction\":[{\"@type\":\"SearchAction\",\"target\":{\"@type\":\"EntryPoint\",\"urlTemplate\":\"https:\/\/miaustore.com\/pl\/?s={search_term_string}\"},\"query-input\":{\"@type\":\"PropertyValueSpecification\",\"valueRequired\":true,\"valueName\":\"search_term_string\"}}],\"inLanguage\":\"pl-PL\"}]}<\/script>\n<!-- \/ Yoast SEO Premium plugin. -->","yoast_head_json":{"title":"Dodatkowe cz\u0119\u015bci do Twojej fontanny Miaustore - Poland","description":"Pompa Jutai to pompa o wysokim standarcie, najlepsza na rynku materia\u0142\u00f3w bezpiecznych dla \u017cywno\u015bci. Zaprojektowana zosta\u0142a by oszcz\u0119dza\u0107 pr\u0105d...","robots":{"index":"index","follow":"follow","max-snippet":"max-snippet:-1","max-image-preview":"max-image-preview:large","max-video-preview":"max-video-preview:-1"},"canonical":"https:\/\/miaustore.com\/pl\/subscription.html","og_locale":"pl_PL","og_type":"article","og_title":"Subscription","og_description":"Pompa Jutai to pompa o wysokim standarcie, najlepsza na rynku materia\u0142\u00f3w bezpiecznych dla \u017cywno\u015bci. Zaprojektowana zosta\u0142a by oszcz\u0119dza\u0107 pr\u0105d...","og_url":"https:\/\/miaustore.com\/pl\/subscription.html","og_site_name":"Miaustore Poland","article_modified_time":"2025-10-19T01:24:26+00:00","og_image":[{"url":"https:\/\/miaustore.com\/pl\/wp-content\/uploads\/sites\/10\/2021\/02\/miaustore_mobile.png","type":"","width":"","height":""}],"twitter_card":"summary_large_image","twitter_misc":{"Szacowany czas czytania":"4 minuty"},"schema":{"@context":"https:\/\/schema.org","@graph":[{"@type":"WebPage","@id":"https:\/\/miaustore.com\/pl\/subscription.html","url":"https:\/\/miaustore.com\/pl\/subscription.html","name":"Dodatkowe cz\u0119\u015bci do Twojej fontanny Miaustore - Poland","isPartOf":{"@id":"https:\/\/miaustore.com\/pl\/#website"},"primaryImageOfPage":{"@id":"https:\/\/miaustore.com\/pl\/subscription.html#primaryimage"},"image":{"@id":"https:\/\/miaustore.com\/pl\/subscription.html#primaryimage"},"thumbnailUrl":"https:\/\/miaustore.com\/pl\/wp-content\/uploads\/sites\/10\/2021\/02\/miaustore_mobile.png","datePublished":"2021-02-17T18:45:35+00:00","dateModified":"2025-10-19T01:24:26+00:00","description":"Pompa Jutai to pompa o wysokim standarcie, najlepsza na rynku materia\u0142\u00f3w bezpiecznych dla \u017cywno\u015bci. Zaprojektowana zosta\u0142a by oszcz\u0119dza\u0107 pr\u0105d...","breadcrumb":{"@id":"https:\/\/miaustore.com\/pl\/subscription.html#breadcrumb"},"inLanguage":"pl-PL","potentialAction":[{"@type":"ReadAction","target":["https:\/\/miaustore.com\/pl\/subscription.html"]}]},{"@type":"ImageObject","inLanguage":"pl-PL","@id":"https:\/\/miaustore.com\/pl\/subscription.html#primaryimage","url":"https:\/\/miaustore.com\/pl\/wp-content\/uploads\/sites\/10\/2021\/02\/miaustore_mobile.png","contentUrl":"https:\/\/miaustore.com\/pl\/wp-content\/uploads\/sites\/10\/2021\/02\/miaustore_mobile.png","width":411,"height":64},{"@type":"BreadcrumbList","@id":"https:\/\/miaustore.com\/pl\/subscription.html#breadcrumb","itemListElement":[{"@type":"ListItem","position":1,"name":"Startseite","item":"https:\/\/miaustore.com\/pl\/"},{"@type":"ListItem","position":2,"name":"Subscription"}]},{"@type":"WebSite","@id":"https:\/\/miaustore.com\/pl\/#website","url":"https:\/\/miaustore.com\/pl\/","name":"Miaustore Poland","description":"Ceramiczna fontanna dla kota","potentialAction":[{"@type":"SearchAction","target":{"@type":"EntryPoint","urlTemplate":"https:\/\/miaustore.com\/pl\/?s={search_term_string}"},"query-input":{"@type":"PropertyValueSpecification","valueRequired":true,"valueName":"search_term_string"}}],"inLanguage":"pl-PL"}]}},"_links":{"self":[{"href":"https:\/\/miaustore.com\/pl\/wp-json\/wp\/v2\/pages\/43514","targetHints":{"allow":["GET"]}}],"collection":[{"href":"https:\/\/miaustore.com\/pl\/wp-json\/wp\/v2\/pages"}],"about":[{"href":"https:\/\/miaustore.com\/pl\/wp-json\/wp\/v2\/types\/page"}],"author":[{"embeddable":true,"href":"https:\/\/miaustore.com\/pl\/wp-json\/wp\/v2\/users\/260"}],"replies":[{"embeddable":true,"href":"https:\/\/miaustore.com\/pl\/wp-json\/wp\/v2\/comments?post=43514"}],"version-history":[{"count":0,"href":"https:\/\/miaustore.com\/pl\/wp-json\/wp\/v2\/pages\/43514\/revisions"}],"wp:attachment":[{"href":"https:\/\/miaustore.com\/pl\/wp-json\/wp\/v2\/media?parent=43514"}],"curies":[{"name":"wp","href":"https:\/\/api.w.org\/{rel}","templated":true}]}}