{"id":210,"date":"2019-08-09T14:14:39","date_gmt":"2019-08-09T12:14:39","guid":{"rendered":"https:\/\/miaustore.com\/pt\/?page_id=210"},"modified":"2020-02-07T15:08:05","modified_gmt":"2020-02-07T14:08:05","slug":"politica-de-privacidade","status":"publish","type":"page","link":"https:\/\/miaustore.com\/pt\/politica-de-privacidade.html","title":{"rendered":"Pol\u00edtica de Privacidade"},"content":{"rendered":"<div id=\"cs-content\" class=\"cs-content\"><\/div>","protected":false},"excerpt":{"rendered":"","protected":false},"author":1,"featured_media":0,"parent":0,"menu_order":0,"comment_status":"closed","ping_status":"closed","template":"","meta":{"_glsr_average":0,"_glsr_ranking":0,"_glsr_reviews":0,"footnotes":""},"class_list":["post-210","page","type-page","status-publish","hentry","no-post-thumbnail"],"yoast_head":"<!-- This site is optimized with the Yoast SEO Premium plugin v26.7 (Yoast SEO v26.7) - https:\/\/yoast.com\/wordpress\/plugins\/seo\/ -->\n<title>Pol\u00edtica de Privacidade- Fonte de \u00e1gua para gato em cer\u00e2mica Miaustore<\/title>\n<meta name=\"description\" content=\"Miaustore (\u201cn\u00f3s\u201d ou \u201cnosso\u201d) opera o site https:\/\/miaustore.com\/pt (doravante referido como o \u201cServi\u00e7o\u201d). Ao usar o Servi\u00e7o, voc\u00ea concorda com a coleta.\" \/>\n<meta name=\"robots\" content=\"index, follow, max-snippet:-1, max-image-preview:large, max-video-preview:-1\" \/>\n<link rel=\"canonical\" href=\"https:\/\/miaustore.com\/pt\/politica-de-privacidade.html\" \/>\n<meta property=\"og:locale\" content=\"pt_PT\" \/>\n<meta property=\"og:type\" content=\"article\" \/>\n<meta property=\"og:title\" content=\"Pol\u00edtica de Privacidade\" \/>\n<meta property=\"og:description\" content=\"Miaustore (\u201cn\u00f3s\u201d ou \u201cnosso\u201d) opera o site https:\/\/miaustore.com\/pt (doravante referido como o \u201cServi\u00e7o\u201d). Ao usar o Servi\u00e7o, voc\u00ea concorda com a coleta.\" \/>\n<meta property=\"og:url\" content=\"https:\/\/miaustore.com\/pt\/politica-de-privacidade.html\" \/>\n<meta property=\"og:site_name\" content=\"Miaustore Portugal\" \/>\n<meta property=\"article:modified_time\" content=\"2020-02-07T14:08:05+00:00\" \/>\n<meta name=\"twitter:card\" content=\"summary_large_image\" \/>\n<meta name=\"twitter:label1\" content=\"Tempo estimado de leitura\" \/>\n\t<meta name=\"twitter:data1\" content=\"7 minutos\" \/>\n<script type=\"application\/ld+json\" class=\"yoast-schema-graph\">{\"@context\":\"https:\/\/schema.org\",\"@graph\":[{\"@type\":\"WebPage\",\"@id\":\"https:\/\/miaustore.com\/pt\/politica-de-privacidade.html\",\"url\":\"https:\/\/miaustore.com\/pt\/politica-de-privacidade.html\",\"name\":\"Pol\u00edtica de Privacidade- Fonte de \u00e1gua para gato em cer\u00e2mica Miaustore\",\"isPartOf\":{\"@id\":\"https:\/\/miaustore.com\/pt\/#website\"},\"datePublished\":\"2019-08-09T12:14:39+00:00\",\"dateModified\":\"2020-02-07T14:08:05+00:00\",\"description\":\"Miaustore (\u201cn\u00f3s\u201d ou \u201cnosso\u201d) opera o site https:\/\/miaustore.com\/pt (doravante referido como o \u201cServi\u00e7o\u201d). Ao usar o Servi\u00e7o, voc\u00ea concorda com a coleta.\",\"breadcrumb\":{\"@id\":\"https:\/\/miaustore.com\/pt\/politica-de-privacidade.html#breadcrumb\"},\"inLanguage\":\"pt-PT\",\"potentialAction\":[{\"@type\":\"ReadAction\",\"target\":[\"https:\/\/miaustore.com\/pt\/politica-de-privacidade.html\"]}]},{\"@type\":\"BreadcrumbList\",\"@id\":\"https:\/\/miaustore.com\/pt\/politica-de-privacidade.html#breadcrumb\",\"itemListElement\":[{\"@type\":\"ListItem\",\"position\":1,\"name\":\"Startseite\",\"item\":\"https:\/\/miaustore.com\/pt\/\"},{\"@type\":\"ListItem\",\"position\":2,\"name\":\"Pol\u00edtica de Privacidade\"}]},{\"@type\":\"WebSite\",\"@id\":\"https:\/\/miaustore.com\/pt\/#website\",\"url\":\"https:\/\/miaustore.com\/pt\/\",\"name\":\"Miaustore Portugal\",\"description\":\"Fonte de \u00e1gua para gato em cer\u00e2mica\",\"potentialAction\":[{\"@type\":\"SearchAction\",\"target\":{\"@type\":\"EntryPoint\",\"urlTemplate\":\"https:\/\/miaustore.com\/pt\/?s={search_term_string}\"},\"query-input\":{\"@type\":\"PropertyValueSpecification\",\"valueRequired\":true,\"valueName\":\"search_term_string\"}}],\"inLanguage\":\"pt-PT\"}]}<\/script>\n<!-- \/ Yoast SEO Premium plugin. -->","yoast_head_json":{"title":"Pol\u00edtica de Privacidade- Fonte de \u00e1gua para gato em cer\u00e2mica Miaustore","description":"Miaustore (\u201cn\u00f3s\u201d ou \u201cnosso\u201d) opera o site https:\/\/miaustore.com\/pt (doravante referido como o \u201cServi\u00e7o\u201d). Ao usar o Servi\u00e7o, voc\u00ea concorda com a coleta.","robots":{"index":"index","follow":"follow","max-snippet":"max-snippet:-1","max-image-preview":"max-image-preview:large","max-video-preview":"max-video-preview:-1"},"canonical":"https:\/\/miaustore.com\/pt\/politica-de-privacidade.html","og_locale":"pt_PT","og_type":"article","og_title":"Pol\u00edtica de Privacidade","og_description":"Miaustore (\u201cn\u00f3s\u201d ou \u201cnosso\u201d) opera o site https:\/\/miaustore.com\/pt (doravante referido como o \u201cServi\u00e7o\u201d). Ao usar o Servi\u00e7o, voc\u00ea concorda com a coleta.","og_url":"https:\/\/miaustore.com\/pt\/politica-de-privacidade.html","og_site_name":"Miaustore Portugal","article_modified_time":"2020-02-07T14:08:05+00:00","twitter_card":"summary_large_image","twitter_misc":{"Tempo estimado de leitura":"7 minutos"},"schema":{"@context":"https:\/\/schema.org","@graph":[{"@type":"WebPage","@id":"https:\/\/miaustore.com\/pt\/politica-de-privacidade.html","url":"https:\/\/miaustore.com\/pt\/politica-de-privacidade.html","name":"Pol\u00edtica de Privacidade- Fonte de \u00e1gua para gato em cer\u00e2mica Miaustore","isPartOf":{"@id":"https:\/\/miaustore.com\/pt\/#website"},"datePublished":"2019-08-09T12:14:39+00:00","dateModified":"2020-02-07T14:08:05+00:00","description":"Miaustore (\u201cn\u00f3s\u201d ou \u201cnosso\u201d) opera o site https:\/\/miaustore.com\/pt (doravante referido como o \u201cServi\u00e7o\u201d). Ao usar o Servi\u00e7o, voc\u00ea concorda com a coleta.","breadcrumb":{"@id":"https:\/\/miaustore.com\/pt\/politica-de-privacidade.html#breadcrumb"},"inLanguage":"pt-PT","potentialAction":[{"@type":"ReadAction","target":["https:\/\/miaustore.com\/pt\/politica-de-privacidade.html"]}]},{"@type":"BreadcrumbList","@id":"https:\/\/miaustore.com\/pt\/politica-de-privacidade.html#breadcrumb","itemListElement":[{"@type":"ListItem","position":1,"name":"Startseite","item":"https:\/\/miaustore.com\/pt\/"},{"@type":"ListItem","position":2,"name":"Pol\u00edtica de Privacidade"}]},{"@type":"WebSite","@id":"https:\/\/miaustore.com\/pt\/#website","url":"https:\/\/miaustore.com\/pt\/","name":"Miaustore Portugal","description":"Fonte de \u00e1gua para gato em cer\u00e2mica","potentialAction":[{"@type":"SearchAction","target":{"@type":"EntryPoint","urlTemplate":"https:\/\/miaustore.com\/pt\/?s={search_term_string}"},"query-input":{"@type":"PropertyValueSpecification","valueRequired":true,"valueName":"search_term_string"}}],"inLanguage":"pt-PT"}]}},"_links":{"self":[{"href":"https:\/\/miaustore.com\/pt\/wp-json\/wp\/v2\/pages\/210","targetHints":{"allow":["GET"]}}],"collection":[{"href":"https:\/\/miaustore.com\/pt\/wp-json\/wp\/v2\/pages"}],"about":[{"href":"https:\/\/miaustore.com\/pt\/wp-json\/wp\/v2\/types\/page"}],"author":[{"embeddable":true,"href":"https:\/\/miaustore.com\/pt\/wp-json\/wp\/v2\/users\/1"}],"replies":[{"embeddable":true,"href":"https:\/\/miaustore.com\/pt\/wp-json\/wp\/v2\/comments?post=210"}],"version-history":[{"count":2,"href":"https:\/\/miaustore.com\/pt\/wp-json\/wp\/v2\/pages\/210\/revisions"}],"predecessor-version":[{"id":218,"href":"https:\/\/miaustore.com\/pt\/wp-json\/wp\/v2\/pages\/210\/revisions\/218"}],"wp:attachment":[{"href":"https:\/\/miaustore.com\/pt\/wp-json\/wp\/v2\/media?parent=210"}],"curies":[{"name":"wp","href":"https:\/\/api.w.org\/{rel}","templated":true}]}}