{"id":384,"date":"2020-02-12T17:16:52","date_gmt":"2020-02-12T16:16:52","guid":{"rendered":"https:\/\/miaustore.com\/pt\/?page_id=384"},"modified":"2020-06-17T12:13:59","modified_gmt":"2020-06-17T10:13:59","slug":"uso-da-bomba","status":"publish","type":"page","link":"https:\/\/miaustore.com\/pt\/uso-da-bomba.html","title":{"rendered":"Uso da bomba"},"content":{"rendered":"<div id=\"cs-content\" class=\"cs-content\"><\/div>","protected":false},"excerpt":{"rendered":"","protected":false},"author":1,"featured_media":0,"parent":0,"menu_order":0,"comment_status":"closed","ping_status":"closed","template":"template-blank-1.php","meta":{"_glsr_average":0,"_glsr_ranking":0,"_glsr_reviews":0,"footnotes":""},"class_list":["post-384","page","type-page","status-publish","hentry","no-post-thumbnail"],"yoast_head":"<!-- This site is optimized with the Yoast SEO Premium plugin v26.7 (Yoast SEO v26.7) - https:\/\/yoast.com\/wordpress\/plugins\/seo\/ -->\n<title>Uso e manuten\u00e7\u00e3o da bomba Miaustore - Portugal<\/title>\n<meta name=\"description\" content=\"Com o uso cont\u00ednuo da bomba, \u00e0s vezes sujeira, pelos de gato, part\u00edculas de alimentos podem se acumular dentro da bomba e diminuir sua efici\u00eancia.\" \/>\n<meta name=\"robots\" content=\"index, follow, max-snippet:-1, max-image-preview:large, max-video-preview:-1\" \/>\n<link rel=\"canonical\" href=\"https:\/\/miaustore.com\/pt\/uso-da-bomba.html\" \/>\n<meta property=\"og:locale\" content=\"pt_PT\" \/>\n<meta property=\"og:type\" content=\"article\" \/>\n<meta property=\"og:title\" content=\"Uso da bomba\" \/>\n<meta property=\"og:description\" content=\"Com o uso cont\u00ednuo da bomba, \u00e0s vezes sujeira, pelos de gato, part\u00edculas de alimentos podem se acumular dentro da bomba e diminuir sua efici\u00eancia.\" \/>\n<meta property=\"og:url\" content=\"https:\/\/miaustore.com\/pt\/uso-da-bomba.html\" \/>\n<meta property=\"og:site_name\" content=\"Miaustore Portugal\" \/>\n<meta property=\"article:modified_time\" content=\"2020-06-17T10:13:59+00:00\" \/>\n<meta name=\"twitter:card\" content=\"summary_large_image\" \/>\n<meta name=\"twitter:label1\" content=\"Tempo estimado de leitura\" \/>\n\t<meta name=\"twitter:data1\" content=\"4 minutos\" \/>\n<script type=\"application\/ld+json\" class=\"yoast-schema-graph\">{\"@context\":\"https:\/\/schema.org\",\"@graph\":[{\"@type\":\"WebPage\",\"@id\":\"https:\/\/miaustore.com\/pt\/uso-da-bomba.html\",\"url\":\"https:\/\/miaustore.com\/pt\/uso-da-bomba.html\",\"name\":\"Uso e manuten\u00e7\u00e3o da bomba Miaustore - Portugal\",\"isPartOf\":{\"@id\":\"https:\/\/miaustore.com\/pt\/#website\"},\"datePublished\":\"2020-02-12T16:16:52+00:00\",\"dateModified\":\"2020-06-17T10:13:59+00:00\",\"description\":\"Com o uso cont\u00ednuo da bomba, \u00e0s vezes sujeira, pelos de gato, part\u00edculas de alimentos podem se acumular dentro da bomba e diminuir sua efici\u00eancia.\",\"breadcrumb\":{\"@id\":\"https:\/\/miaustore.com\/pt\/uso-da-bomba.html#breadcrumb\"},\"inLanguage\":\"pt-PT\",\"potentialAction\":[{\"@type\":\"ReadAction\",\"target\":[\"https:\/\/miaustore.com\/pt\/uso-da-bomba.html\"]}]},{\"@type\":\"BreadcrumbList\",\"@id\":\"https:\/\/miaustore.com\/pt\/uso-da-bomba.html#breadcrumb\",\"itemListElement\":[{\"@type\":\"ListItem\",\"position\":1,\"name\":\"Startseite\",\"item\":\"https:\/\/miaustore.com\/pt\/\"},{\"@type\":\"ListItem\",\"position\":2,\"name\":\"Uso da bomba\"}]},{\"@type\":\"WebSite\",\"@id\":\"https:\/\/miaustore.com\/pt\/#website\",\"url\":\"https:\/\/miaustore.com\/pt\/\",\"name\":\"Miaustore Portugal\",\"description\":\"Fonte de \u00e1gua para gato em cer\u00e2mica\",\"potentialAction\":[{\"@type\":\"SearchAction\",\"target\":{\"@type\":\"EntryPoint\",\"urlTemplate\":\"https:\/\/miaustore.com\/pt\/?s={search_term_string}\"},\"query-input\":{\"@type\":\"PropertyValueSpecification\",\"valueRequired\":true,\"valueName\":\"search_term_string\"}}],\"inLanguage\":\"pt-PT\"}]}<\/script>\n<!-- \/ Yoast SEO Premium plugin. -->","yoast_head_json":{"title":"Uso e manuten\u00e7\u00e3o da bomba Miaustore - Portugal","description":"Com o uso cont\u00ednuo da bomba, \u00e0s vezes sujeira, pelos de gato, part\u00edculas de alimentos podem se acumular dentro da bomba e diminuir sua efici\u00eancia.","robots":{"index":"index","follow":"follow","max-snippet":"max-snippet:-1","max-image-preview":"max-image-preview:large","max-video-preview":"max-video-preview:-1"},"canonical":"https:\/\/miaustore.com\/pt\/uso-da-bomba.html","og_locale":"pt_PT","og_type":"article","og_title":"Uso da bomba","og_description":"Com o uso cont\u00ednuo da bomba, \u00e0s vezes sujeira, pelos de gato, part\u00edculas de alimentos podem se acumular dentro da bomba e diminuir sua efici\u00eancia.","og_url":"https:\/\/miaustore.com\/pt\/uso-da-bomba.html","og_site_name":"Miaustore Portugal","article_modified_time":"2020-06-17T10:13:59+00:00","twitter_card":"summary_large_image","twitter_misc":{"Tempo estimado de leitura":"4 minutos"},"schema":{"@context":"https:\/\/schema.org","@graph":[{"@type":"WebPage","@id":"https:\/\/miaustore.com\/pt\/uso-da-bomba.html","url":"https:\/\/miaustore.com\/pt\/uso-da-bomba.html","name":"Uso e manuten\u00e7\u00e3o da bomba Miaustore - Portugal","isPartOf":{"@id":"https:\/\/miaustore.com\/pt\/#website"},"datePublished":"2020-02-12T16:16:52+00:00","dateModified":"2020-06-17T10:13:59+00:00","description":"Com o uso cont\u00ednuo da bomba, \u00e0s vezes sujeira, pelos de gato, part\u00edculas de alimentos podem se acumular dentro da bomba e diminuir sua efici\u00eancia.","breadcrumb":{"@id":"https:\/\/miaustore.com\/pt\/uso-da-bomba.html#breadcrumb"},"inLanguage":"pt-PT","potentialAction":[{"@type":"ReadAction","target":["https:\/\/miaustore.com\/pt\/uso-da-bomba.html"]}]},{"@type":"BreadcrumbList","@id":"https:\/\/miaustore.com\/pt\/uso-da-bomba.html#breadcrumb","itemListElement":[{"@type":"ListItem","position":1,"name":"Startseite","item":"https:\/\/miaustore.com\/pt\/"},{"@type":"ListItem","position":2,"name":"Uso da bomba"}]},{"@type":"WebSite","@id":"https:\/\/miaustore.com\/pt\/#website","url":"https:\/\/miaustore.com\/pt\/","name":"Miaustore Portugal","description":"Fonte de \u00e1gua para gato em cer\u00e2mica","potentialAction":[{"@type":"SearchAction","target":{"@type":"EntryPoint","urlTemplate":"https:\/\/miaustore.com\/pt\/?s={search_term_string}"},"query-input":{"@type":"PropertyValueSpecification","valueRequired":true,"valueName":"search_term_string"}}],"inLanguage":"pt-PT"}]}},"_links":{"self":[{"href":"https:\/\/miaustore.com\/pt\/wp-json\/wp\/v2\/pages\/384","targetHints":{"allow":["GET"]}}],"collection":[{"href":"https:\/\/miaustore.com\/pt\/wp-json\/wp\/v2\/pages"}],"about":[{"href":"https:\/\/miaustore.com\/pt\/wp-json\/wp\/v2\/types\/page"}],"author":[{"embeddable":true,"href":"https:\/\/miaustore.com\/pt\/wp-json\/wp\/v2\/users\/1"}],"replies":[{"embeddable":true,"href":"https:\/\/miaustore.com\/pt\/wp-json\/wp\/v2\/comments?post=384"}],"version-history":[{"count":3,"href":"https:\/\/miaustore.com\/pt\/wp-json\/wp\/v2\/pages\/384\/revisions"}],"predecessor-version":[{"id":516,"href":"https:\/\/miaustore.com\/pt\/wp-json\/wp\/v2\/pages\/384\/revisions\/516"}],"wp:attachment":[{"href":"https:\/\/miaustore.com\/pt\/wp-json\/wp\/v2\/media?parent=384"}],"curies":[{"name":"wp","href":"https:\/\/api.w.org\/{rel}","templated":true}]}}