{"id":388,"date":"2020-02-17T15:01:10","date_gmt":"2020-02-17T14:01:10","guid":{"rendered":"https:\/\/miaustore.com\/pt\/?page_id=388"},"modified":"2024-10-30T18:28:31","modified_gmt":"2024-10-30T17:28:31","slug":"pecas-extra","status":"publish","type":"page","link":"https:\/\/miaustore.com\/pt\/pecas-extra.html","title":{"rendered":"Pe\u00e7as extra"},"content":{"rendered":"<div id=\"cs-content\" class=\"cs-content\"><\/div>","protected":false},"excerpt":{"rendered":"<p>Voltar \u00e0 p\u00e1gina inicial Pecas extra 1. Conjunto completo de bomba de substitui\u00e7\u00e3oA bomba de reposi\u00e7\u00e3o da Miaustore \u00e9 feita de material de alta qualidade e seguro para alimentos, o que a torna uma das melhores do mercado. Seu design especial minimiza o consumo de energia e evita, gra\u00e7as \u00e0 prote\u00e7\u00e3o da bomba, o ac\u00famulo de pelos e part\u00edculas de &#8230; <\/p>\n<div><a href=\"https:\/\/miaustore.com\/pt\/pecas-extra.html\" class=\"more-link\">Read More<\/a><\/div>\n","protected":false},"author":1,"featured_media":0,"parent":0,"menu_order":0,"comment_status":"closed","ping_status":"closed","template":"template-blank-1.php","meta":{"_glsr_average":0,"_glsr_ranking":0,"_glsr_reviews":0,"footnotes":""},"class_list":["post-388","page","type-page","status-publish","hentry","no-post-thumbnail"],"yoast_head":"<!-- This site is optimized with the Yoast SEO Premium plugin v26.7 (Yoast SEO v26.7) - https:\/\/yoast.com\/wordpress\/plugins\/seo\/ -->\n<title>Acess\u00f3rios para a sua fonte de \u00e1gua para gatos Miaustore<\/title>\n<meta name=\"description\" content=\"O design superior da bomba Jutai a torna a melhor bomba do mercado para materiais de seguran\u00e7a alimentar. Seu design garante que a bomba n\u00e3o desperdice...\" \/>\n<meta name=\"robots\" content=\"index, follow, max-snippet:-1, max-image-preview:large, max-video-preview:-1\" \/>\n<link rel=\"canonical\" href=\"https:\/\/miaustore.com\/pt\/pecas-extra.html\" \/>\n<meta property=\"og:locale\" content=\"pt_PT\" \/>\n<meta property=\"og:type\" content=\"article\" \/>\n<meta property=\"og:title\" content=\"Pe\u00e7as extra\" \/>\n<meta property=\"og:description\" content=\"O design superior da bomba Jutai a torna a melhor bomba do mercado para materiais de seguran\u00e7a alimentar. Seu design garante que a bomba n\u00e3o desperdice...\" \/>\n<meta property=\"og:url\" content=\"https:\/\/miaustore.com\/pt\/pecas-extra.html\" \/>\n<meta property=\"og:site_name\" content=\"Miaustore Portugal\" \/>\n<meta property=\"article:modified_time\" content=\"2024-10-30T17:28:31+00:00\" \/>\n<meta property=\"og:image\" content=\"https:\/\/miaustore.com\/wp-content\/uploads\/2020\/11\/Brush-Set-unpackaged_1.jpg\" \/>\n<meta name=\"twitter:card\" content=\"summary_large_image\" \/>\n<meta name=\"twitter:label1\" content=\"Tempo estimado de leitura\" \/>\n\t<meta name=\"twitter:data1\" content=\"15 minutos\" \/>\n<script type=\"application\/ld+json\" class=\"yoast-schema-graph\">{\"@context\":\"https:\/\/schema.org\",\"@graph\":[{\"@type\":\"WebPage\",\"@id\":\"https:\/\/miaustore.com\/pt\/pecas-extra.html\",\"url\":\"https:\/\/miaustore.com\/pt\/pecas-extra.html\",\"name\":\"Acess\u00f3rios para a sua fonte de \u00e1gua para gatos Miaustore\",\"isPartOf\":{\"@id\":\"https:\/\/miaustore.com\/pt\/#website\"},\"primaryImageOfPage\":{\"@id\":\"https:\/\/miaustore.com\/pt\/pecas-extra.html#primaryimage\"},\"image\":{\"@id\":\"https:\/\/miaustore.com\/pt\/pecas-extra.html#primaryimage\"},\"thumbnailUrl\":\"https:\/\/miaustore.com\/wp-content\/uploads\/2020\/11\/Brush-Set-unpackaged_1.jpg\",\"datePublished\":\"2020-02-17T14:01:10+00:00\",\"dateModified\":\"2024-10-30T17:28:31+00:00\",\"description\":\"O design superior da bomba Jutai a torna a melhor bomba do mercado para materiais de seguran\u00e7a alimentar. Seu design garante que a bomba n\u00e3o desperdice...\",\"breadcrumb\":{\"@id\":\"https:\/\/miaustore.com\/pt\/pecas-extra.html#breadcrumb\"},\"inLanguage\":\"pt-PT\",\"potentialAction\":[{\"@type\":\"ReadAction\",\"target\":[\"https:\/\/miaustore.com\/pt\/pecas-extra.html\"]}]},{\"@type\":\"ImageObject\",\"inLanguage\":\"pt-PT\",\"@id\":\"https:\/\/miaustore.com\/pt\/pecas-extra.html#primaryimage\",\"url\":\"https:\/\/miaustore.com\/wp-content\/uploads\/2020\/11\/Brush-Set-unpackaged_1.jpg\",\"contentUrl\":\"https:\/\/miaustore.com\/wp-content\/uploads\/2020\/11\/Brush-Set-unpackaged_1.jpg\"},{\"@type\":\"BreadcrumbList\",\"@id\":\"https:\/\/miaustore.com\/pt\/pecas-extra.html#breadcrumb\",\"itemListElement\":[{\"@type\":\"ListItem\",\"position\":1,\"name\":\"Startseite\",\"item\":\"https:\/\/miaustore.com\/pt\/\"},{\"@type\":\"ListItem\",\"position\":2,\"name\":\"Pe\u00e7as extra\"}]},{\"@type\":\"WebSite\",\"@id\":\"https:\/\/miaustore.com\/pt\/#website\",\"url\":\"https:\/\/miaustore.com\/pt\/\",\"name\":\"Miaustore Portugal\",\"description\":\"Fonte de \u00e1gua para gato em cer\u00e2mica\",\"potentialAction\":[{\"@type\":\"SearchAction\",\"target\":{\"@type\":\"EntryPoint\",\"urlTemplate\":\"https:\/\/miaustore.com\/pt\/?s={search_term_string}\"},\"query-input\":{\"@type\":\"PropertyValueSpecification\",\"valueRequired\":true,\"valueName\":\"search_term_string\"}}],\"inLanguage\":\"pt-PT\"}]}<\/script>\n<!-- \/ Yoast SEO Premium plugin. -->","yoast_head_json":{"title":"Acess\u00f3rios para a sua fonte de \u00e1gua para gatos Miaustore","description":"O design superior da bomba Jutai a torna a melhor bomba do mercado para materiais de seguran\u00e7a alimentar. Seu design garante que a bomba n\u00e3o desperdice...","robots":{"index":"index","follow":"follow","max-snippet":"max-snippet:-1","max-image-preview":"max-image-preview:large","max-video-preview":"max-video-preview:-1"},"canonical":"https:\/\/miaustore.com\/pt\/pecas-extra.html","og_locale":"pt_PT","og_type":"article","og_title":"Pe\u00e7as extra","og_description":"O design superior da bomba Jutai a torna a melhor bomba do mercado para materiais de seguran\u00e7a alimentar. Seu design garante que a bomba n\u00e3o desperdice...","og_url":"https:\/\/miaustore.com\/pt\/pecas-extra.html","og_site_name":"Miaustore Portugal","article_modified_time":"2024-10-30T17:28:31+00:00","og_image":[{"url":"https:\/\/miaustore.com\/wp-content\/uploads\/2020\/11\/Brush-Set-unpackaged_1.jpg","type":"","width":"","height":""}],"twitter_card":"summary_large_image","twitter_misc":{"Tempo estimado de leitura":"15 minutos"},"schema":{"@context":"https:\/\/schema.org","@graph":[{"@type":"WebPage","@id":"https:\/\/miaustore.com\/pt\/pecas-extra.html","url":"https:\/\/miaustore.com\/pt\/pecas-extra.html","name":"Acess\u00f3rios para a sua fonte de \u00e1gua para gatos Miaustore","isPartOf":{"@id":"https:\/\/miaustore.com\/pt\/#website"},"primaryImageOfPage":{"@id":"https:\/\/miaustore.com\/pt\/pecas-extra.html#primaryimage"},"image":{"@id":"https:\/\/miaustore.com\/pt\/pecas-extra.html#primaryimage"},"thumbnailUrl":"https:\/\/miaustore.com\/wp-content\/uploads\/2020\/11\/Brush-Set-unpackaged_1.jpg","datePublished":"2020-02-17T14:01:10+00:00","dateModified":"2024-10-30T17:28:31+00:00","description":"O design superior da bomba Jutai a torna a melhor bomba do mercado para materiais de seguran\u00e7a alimentar. Seu design garante que a bomba n\u00e3o desperdice...","breadcrumb":{"@id":"https:\/\/miaustore.com\/pt\/pecas-extra.html#breadcrumb"},"inLanguage":"pt-PT","potentialAction":[{"@type":"ReadAction","target":["https:\/\/miaustore.com\/pt\/pecas-extra.html"]}]},{"@type":"ImageObject","inLanguage":"pt-PT","@id":"https:\/\/miaustore.com\/pt\/pecas-extra.html#primaryimage","url":"https:\/\/miaustore.com\/wp-content\/uploads\/2020\/11\/Brush-Set-unpackaged_1.jpg","contentUrl":"https:\/\/miaustore.com\/wp-content\/uploads\/2020\/11\/Brush-Set-unpackaged_1.jpg"},{"@type":"BreadcrumbList","@id":"https:\/\/miaustore.com\/pt\/pecas-extra.html#breadcrumb","itemListElement":[{"@type":"ListItem","position":1,"name":"Startseite","item":"https:\/\/miaustore.com\/pt\/"},{"@type":"ListItem","position":2,"name":"Pe\u00e7as extra"}]},{"@type":"WebSite","@id":"https:\/\/miaustore.com\/pt\/#website","url":"https:\/\/miaustore.com\/pt\/","name":"Miaustore Portugal","description":"Fonte de \u00e1gua para gato em cer\u00e2mica","potentialAction":[{"@type":"SearchAction","target":{"@type":"EntryPoint","urlTemplate":"https:\/\/miaustore.com\/pt\/?s={search_term_string}"},"query-input":{"@type":"PropertyValueSpecification","valueRequired":true,"valueName":"search_term_string"}}],"inLanguage":"pt-PT"}]}},"_links":{"self":[{"href":"https:\/\/miaustore.com\/pt\/wp-json\/wp\/v2\/pages\/388","targetHints":{"allow":["GET"]}}],"collection":[{"href":"https:\/\/miaustore.com\/pt\/wp-json\/wp\/v2\/pages"}],"about":[{"href":"https:\/\/miaustore.com\/pt\/wp-json\/wp\/v2\/types\/page"}],"author":[{"embeddable":true,"href":"https:\/\/miaustore.com\/pt\/wp-json\/wp\/v2\/users\/1"}],"replies":[{"embeddable":true,"href":"https:\/\/miaustore.com\/pt\/wp-json\/wp\/v2\/comments?post=388"}],"version-history":[{"count":63,"href":"https:\/\/miaustore.com\/pt\/wp-json\/wp\/v2\/pages\/388\/revisions"}],"predecessor-version":[{"id":610922,"href":"https:\/\/miaustore.com\/pt\/wp-json\/wp\/v2\/pages\/388\/revisions\/610922"}],"wp:attachment":[{"href":"https:\/\/miaustore.com\/pt\/wp-json\/wp\/v2\/media?parent=388"}],"curies":[{"name":"wp","href":"https:\/\/api.w.org\/{rel}","templated":true}]}}