{"id":870,"date":"2021-02-17T19:38:37","date_gmt":"2021-02-17T18:38:37","guid":{"rendered":"https:\/\/miaustore.com\/pt\/?page_id=870"},"modified":"2024-02-26T12:48:43","modified_gmt":"2024-02-26T11:48:43","slug":"subscription","status":"publish","type":"page","link":"https:\/\/miaustore.com\/pt\/subscription.html","title":{"rendered":"Subscription"},"content":{"rendered":"<div id=\"cs-content\" class=\"cs-content\"><\/div>","protected":false},"excerpt":{"rendered":"<p>Voltar \u00e0 p\u00e1gina inicial 1. Comida para Gato MiaustoreA comida congelada do Miaustore \u00e9 simplesmente carne fresca, org\u00e2nica, ao ar livre, com a \u00e1gua evaporada. N\u00e3o cont\u00e9m material de enchimento \u00e0 base de cereais, nem amido, nem conservante, nem sabor artificial. Apenas carne fresca, mais 3% de ervilhas e alface mo\u00eddas, e 1% de cascas de ovos mo\u00eddas para c\u00e1lcio &#8230; <\/p>\n<div><a href=\"https:\/\/miaustore.com\/pt\/subscription.html\" class=\"more-link\">Read More<\/a><\/div>\n","protected":false},"author":260,"featured_media":0,"parent":0,"menu_order":0,"comment_status":"closed","ping_status":"closed","template":"template-blank-1.php","meta":{"_glsr_average":0,"_glsr_ranking":0,"_glsr_reviews":0,"footnotes":""},"class_list":["post-870","page","type-page","status-publish","hentry","no-post-thumbnail"],"yoast_head":"<!-- This site is optimized with the Yoast SEO Premium plugin v26.7 (Yoast SEO v26.7) - https:\/\/yoast.com\/wordpress\/plugins\/seo\/ -->\n<title>Acess\u00f3rios para a sua fonte de \u00e1gua para gatos Miaustore<\/title>\n<meta name=\"description\" content=\"O design superior da bomba Jutai a torna a melhor bomba do mercado para materiais de seguran\u00e7a alimentar. Seu design garante que a bomba n\u00e3o desperdice...\" \/>\n<meta name=\"robots\" content=\"index, follow, max-snippet:-1, max-image-preview:large, max-video-preview:-1\" \/>\n<link rel=\"canonical\" href=\"https:\/\/miaustore.com\/pt\/subscription.html\" \/>\n<meta property=\"og:locale\" content=\"pt_PT\" \/>\n<meta property=\"og:type\" content=\"article\" \/>\n<meta property=\"og:title\" content=\"Subscription\" \/>\n<meta property=\"og:description\" content=\"O design superior da bomba Jutai a torna a melhor bomba do mercado para materiais de seguran\u00e7a alimentar. Seu design garante que a bomba n\u00e3o desperdice...\" \/>\n<meta property=\"og:url\" content=\"https:\/\/miaustore.com\/pt\/subscription.html\" \/>\n<meta property=\"og:site_name\" content=\"Miaustore Portugal\" \/>\n<meta property=\"article:modified_time\" content=\"2024-02-26T11:48:43+00:00\" \/>\n<meta property=\"og:image\" content=\"https:\/\/miaustore.com\/pt\/wp-content\/uploads\/sites\/13\/2021\/02\/miaustore_mobile.png\" \/>\n<meta name=\"twitter:card\" content=\"summary_large_image\" \/>\n<meta name=\"twitter:label1\" content=\"Tempo estimado de leitura\" \/>\n\t<meta name=\"twitter:data1\" content=\"4 minutos\" \/>\n<script type=\"application\/ld+json\" class=\"yoast-schema-graph\">{\"@context\":\"https:\/\/schema.org\",\"@graph\":[{\"@type\":\"WebPage\",\"@id\":\"https:\/\/miaustore.com\/pt\/subscription.html\",\"url\":\"https:\/\/miaustore.com\/pt\/subscription.html\",\"name\":\"Acess\u00f3rios para a sua fonte de \u00e1gua para gatos Miaustore\",\"isPartOf\":{\"@id\":\"https:\/\/miaustore.com\/pt\/#website\"},\"primaryImageOfPage\":{\"@id\":\"https:\/\/miaustore.com\/pt\/subscription.html#primaryimage\"},\"image\":{\"@id\":\"https:\/\/miaustore.com\/pt\/subscription.html#primaryimage\"},\"thumbnailUrl\":\"https:\/\/miaustore.com\/pt\/wp-content\/uploads\/sites\/13\/2021\/02\/miaustore_mobile.png\",\"datePublished\":\"2021-02-17T18:38:37+00:00\",\"dateModified\":\"2024-02-26T11:48:43+00:00\",\"description\":\"O design superior da bomba Jutai a torna a melhor bomba do mercado para materiais de seguran\u00e7a alimentar. Seu design garante que a bomba n\u00e3o desperdice...\",\"breadcrumb\":{\"@id\":\"https:\/\/miaustore.com\/pt\/subscription.html#breadcrumb\"},\"inLanguage\":\"pt-PT\",\"potentialAction\":[{\"@type\":\"ReadAction\",\"target\":[\"https:\/\/miaustore.com\/pt\/subscription.html\"]}]},{\"@type\":\"ImageObject\",\"inLanguage\":\"pt-PT\",\"@id\":\"https:\/\/miaustore.com\/pt\/subscription.html#primaryimage\",\"url\":\"https:\/\/miaustore.com\/pt\/wp-content\/uploads\/sites\/13\/2021\/02\/miaustore_mobile.png\",\"contentUrl\":\"https:\/\/miaustore.com\/pt\/wp-content\/uploads\/sites\/13\/2021\/02\/miaustore_mobile.png\",\"width\":411,\"height\":64},{\"@type\":\"BreadcrumbList\",\"@id\":\"https:\/\/miaustore.com\/pt\/subscription.html#breadcrumb\",\"itemListElement\":[{\"@type\":\"ListItem\",\"position\":1,\"name\":\"Startseite\",\"item\":\"https:\/\/miaustore.com\/pt\/\"},{\"@type\":\"ListItem\",\"position\":2,\"name\":\"Subscription\"}]},{\"@type\":\"WebSite\",\"@id\":\"https:\/\/miaustore.com\/pt\/#website\",\"url\":\"https:\/\/miaustore.com\/pt\/\",\"name\":\"Miaustore Portugal\",\"description\":\"Fonte de \u00e1gua para gato em cer\u00e2mica\",\"potentialAction\":[{\"@type\":\"SearchAction\",\"target\":{\"@type\":\"EntryPoint\",\"urlTemplate\":\"https:\/\/miaustore.com\/pt\/?s={search_term_string}\"},\"query-input\":{\"@type\":\"PropertyValueSpecification\",\"valueRequired\":true,\"valueName\":\"search_term_string\"}}],\"inLanguage\":\"pt-PT\"}]}<\/script>\n<!-- \/ Yoast SEO Premium plugin. -->","yoast_head_json":{"title":"Acess\u00f3rios para a sua fonte de \u00e1gua para gatos Miaustore","description":"O design superior da bomba Jutai a torna a melhor bomba do mercado para materiais de seguran\u00e7a alimentar. Seu design garante que a bomba n\u00e3o desperdice...","robots":{"index":"index","follow":"follow","max-snippet":"max-snippet:-1","max-image-preview":"max-image-preview:large","max-video-preview":"max-video-preview:-1"},"canonical":"https:\/\/miaustore.com\/pt\/subscription.html","og_locale":"pt_PT","og_type":"article","og_title":"Subscription","og_description":"O design superior da bomba Jutai a torna a melhor bomba do mercado para materiais de seguran\u00e7a alimentar. Seu design garante que a bomba n\u00e3o desperdice...","og_url":"https:\/\/miaustore.com\/pt\/subscription.html","og_site_name":"Miaustore Portugal","article_modified_time":"2024-02-26T11:48:43+00:00","og_image":[{"url":"https:\/\/miaustore.com\/pt\/wp-content\/uploads\/sites\/13\/2021\/02\/miaustore_mobile.png","type":"","width":"","height":""}],"twitter_card":"summary_large_image","twitter_misc":{"Tempo estimado de leitura":"4 minutos"},"schema":{"@context":"https:\/\/schema.org","@graph":[{"@type":"WebPage","@id":"https:\/\/miaustore.com\/pt\/subscription.html","url":"https:\/\/miaustore.com\/pt\/subscription.html","name":"Acess\u00f3rios para a sua fonte de \u00e1gua para gatos Miaustore","isPartOf":{"@id":"https:\/\/miaustore.com\/pt\/#website"},"primaryImageOfPage":{"@id":"https:\/\/miaustore.com\/pt\/subscription.html#primaryimage"},"image":{"@id":"https:\/\/miaustore.com\/pt\/subscription.html#primaryimage"},"thumbnailUrl":"https:\/\/miaustore.com\/pt\/wp-content\/uploads\/sites\/13\/2021\/02\/miaustore_mobile.png","datePublished":"2021-02-17T18:38:37+00:00","dateModified":"2024-02-26T11:48:43+00:00","description":"O design superior da bomba Jutai a torna a melhor bomba do mercado para materiais de seguran\u00e7a alimentar. Seu design garante que a bomba n\u00e3o desperdice...","breadcrumb":{"@id":"https:\/\/miaustore.com\/pt\/subscription.html#breadcrumb"},"inLanguage":"pt-PT","potentialAction":[{"@type":"ReadAction","target":["https:\/\/miaustore.com\/pt\/subscription.html"]}]},{"@type":"ImageObject","inLanguage":"pt-PT","@id":"https:\/\/miaustore.com\/pt\/subscription.html#primaryimage","url":"https:\/\/miaustore.com\/pt\/wp-content\/uploads\/sites\/13\/2021\/02\/miaustore_mobile.png","contentUrl":"https:\/\/miaustore.com\/pt\/wp-content\/uploads\/sites\/13\/2021\/02\/miaustore_mobile.png","width":411,"height":64},{"@type":"BreadcrumbList","@id":"https:\/\/miaustore.com\/pt\/subscription.html#breadcrumb","itemListElement":[{"@type":"ListItem","position":1,"name":"Startseite","item":"https:\/\/miaustore.com\/pt\/"},{"@type":"ListItem","position":2,"name":"Subscription"}]},{"@type":"WebSite","@id":"https:\/\/miaustore.com\/pt\/#website","url":"https:\/\/miaustore.com\/pt\/","name":"Miaustore Portugal","description":"Fonte de \u00e1gua para gato em cer\u00e2mica","potentialAction":[{"@type":"SearchAction","target":{"@type":"EntryPoint","urlTemplate":"https:\/\/miaustore.com\/pt\/?s={search_term_string}"},"query-input":{"@type":"PropertyValueSpecification","valueRequired":true,"valueName":"search_term_string"}}],"inLanguage":"pt-PT"}]}},"_links":{"self":[{"href":"https:\/\/miaustore.com\/pt\/wp-json\/wp\/v2\/pages\/870","targetHints":{"allow":["GET"]}}],"collection":[{"href":"https:\/\/miaustore.com\/pt\/wp-json\/wp\/v2\/pages"}],"about":[{"href":"https:\/\/miaustore.com\/pt\/wp-json\/wp\/v2\/types\/page"}],"author":[{"embeddable":true,"href":"https:\/\/miaustore.com\/pt\/wp-json\/wp\/v2\/users\/260"}],"replies":[{"embeddable":true,"href":"https:\/\/miaustore.com\/pt\/wp-json\/wp\/v2\/comments?post=870"}],"version-history":[{"count":4,"href":"https:\/\/miaustore.com\/pt\/wp-json\/wp\/v2\/pages\/870\/revisions"}],"predecessor-version":[{"id":610784,"href":"https:\/\/miaustore.com\/pt\/wp-json\/wp\/v2\/pages\/870\/revisions\/610784"}],"wp:attachment":[{"href":"https:\/\/miaustore.com\/pt\/wp-json\/wp\/v2\/media?parent=870"}],"curies":[{"name":"wp","href":"https:\/\/api.w.org\/{rel}","templated":true}]}}