{"id":1089,"date":"2020-01-24T13:39:04","date_gmt":"2020-01-24T12:39:04","guid":{"rendered":"https:\/\/miaustore.com\/se\/?page_id=1089"},"modified":"2020-01-29T12:48:51","modified_gmt":"2020-01-29T11:48:51","slug":"wholesale","status":"publish","type":"page","link":"https:\/\/miaustore.com\/se\/wholesale.html","title":{"rendered":"Wholesale"},"content":{"rendered":"<p class=\"p1\"><strong>Har du en djuraff\u00e4r och vill bli v\u00e5r \u00e5terf\u00f6rs\u00e4ljare?<\/strong><\/p>\r\n<p class=\"p1\">Fyll i formul\u00e4ret nedan f\u00f6r att komma i kontakt med oss!<\/p>\r\n\r\n[os-widget path=&#8221;\/noemi\/wholesale-application&#8221;]","protected":false},"excerpt":{"rendered":"<p>Har du en djuraff\u00e4r och vill bli v\u00e5r \u00e5terf\u00f6rs\u00e4ljare? Fyll i formul\u00e4ret nedan f\u00f6r att komma i kontakt med oss! [os-widget path=&#8221;\/noemi\/wholesale-application&#8221;]<\/p>\n","protected":false},"author":1,"featured_media":0,"parent":0,"menu_order":0,"comment_status":"closed","ping_status":"closed","template":"","meta":{"_glsr_average":0,"_glsr_ranking":0,"_glsr_reviews":0,"footnotes":""},"class_list":["post-1089","page","type-page","status-publish","hentry","no-post-thumbnail"],"yoast_head":"<!-- This site is optimized with the Yoast SEO Premium plugin v26.7 (Yoast SEO v26.7) - https:\/\/yoast.com\/wordpress\/plugins\/seo\/ -->\n<title>Wholesale - Miaustore Sweden<\/title>\n<meta name=\"robots\" content=\"noindex, follow\" \/>\n<meta property=\"og:locale\" content=\"sv_SE\" \/>\n<meta property=\"og:type\" content=\"article\" \/>\n<meta property=\"og:title\" content=\"Wholesale\" \/>\n<meta property=\"og:description\" content=\"Har du en djuraff\u00e4r och vill bli v\u00e5r \u00e5terf\u00f6rs\u00e4ljare? Fyll i formul\u00e4ret nedan f\u00f6r att komma i kontakt med oss! [os-widget path=&#8221;\/noemi\/wholesale-application&#8221;]\" \/>\n<meta property=\"og:url\" content=\"https:\/\/miaustore.com\/se\/wholesale.html\" \/>\n<meta property=\"og:site_name\" content=\"Miaustore Sweden\" \/>\n<meta property=\"article:modified_time\" content=\"2020-01-29T11:48:51+00:00\" \/>\n<meta name=\"twitter:card\" content=\"summary_large_image\" \/>\n<script type=\"application\/ld+json\" class=\"yoast-schema-graph\">{\"@context\":\"https:\/\/schema.org\",\"@graph\":[{\"@type\":\"WebPage\",\"@id\":\"https:\/\/miaustore.com\/se\/wholesale.html\",\"url\":\"https:\/\/miaustore.com\/se\/wholesale.html\",\"name\":\"Wholesale - Miaustore Sweden\",\"isPartOf\":{\"@id\":\"https:\/\/miaustore.com\/se\/#website\"},\"datePublished\":\"2020-01-24T12:39:04+00:00\",\"dateModified\":\"2020-01-29T11:48:51+00:00\",\"breadcrumb\":{\"@id\":\"https:\/\/miaustore.com\/se\/wholesale.html#breadcrumb\"},\"inLanguage\":\"sv-SE\",\"potentialAction\":[{\"@type\":\"ReadAction\",\"target\":[\"https:\/\/miaustore.com\/se\/wholesale.html\"]}]},{\"@type\":\"BreadcrumbList\",\"@id\":\"https:\/\/miaustore.com\/se\/wholesale.html#breadcrumb\",\"itemListElement\":[{\"@type\":\"ListItem\",\"position\":1,\"name\":\"Startseite\",\"item\":\"https:\/\/miaustore.com\/se\/\"},{\"@type\":\"ListItem\",\"position\":2,\"name\":\"Wholesale\"}]},{\"@type\":\"WebSite\",\"@id\":\"https:\/\/miaustore.com\/se\/#website\",\"url\":\"https:\/\/miaustore.com\/se\/\",\"name\":\"Miaustore Sweden\",\"description\":\"Keramisk kattvattenfont\u00e4n\",\"potentialAction\":[{\"@type\":\"SearchAction\",\"target\":{\"@type\":\"EntryPoint\",\"urlTemplate\":\"https:\/\/miaustore.com\/se\/?s={search_term_string}\"},\"query-input\":{\"@type\":\"PropertyValueSpecification\",\"valueRequired\":true,\"valueName\":\"search_term_string\"}}],\"inLanguage\":\"sv-SE\"}]}<\/script>\n<!-- \/ Yoast SEO Premium plugin. -->","yoast_head_json":{"title":"Wholesale - Miaustore Sweden","robots":{"index":"noindex","follow":"follow"},"og_locale":"sv_SE","og_type":"article","og_title":"Wholesale","og_description":"Har du en djuraff\u00e4r och vill bli v\u00e5r \u00e5terf\u00f6rs\u00e4ljare? Fyll i formul\u00e4ret nedan f\u00f6r att komma i kontakt med oss! [os-widget path=&#8221;\/noemi\/wholesale-application&#8221;]","og_url":"https:\/\/miaustore.com\/se\/wholesale.html","og_site_name":"Miaustore Sweden","article_modified_time":"2020-01-29T11:48:51+00:00","twitter_card":"summary_large_image","schema":{"@context":"https:\/\/schema.org","@graph":[{"@type":"WebPage","@id":"https:\/\/miaustore.com\/se\/wholesale.html","url":"https:\/\/miaustore.com\/se\/wholesale.html","name":"Wholesale - Miaustore Sweden","isPartOf":{"@id":"https:\/\/miaustore.com\/se\/#website"},"datePublished":"2020-01-24T12:39:04+00:00","dateModified":"2020-01-29T11:48:51+00:00","breadcrumb":{"@id":"https:\/\/miaustore.com\/se\/wholesale.html#breadcrumb"},"inLanguage":"sv-SE","potentialAction":[{"@type":"ReadAction","target":["https:\/\/miaustore.com\/se\/wholesale.html"]}]},{"@type":"BreadcrumbList","@id":"https:\/\/miaustore.com\/se\/wholesale.html#breadcrumb","itemListElement":[{"@type":"ListItem","position":1,"name":"Startseite","item":"https:\/\/miaustore.com\/se\/"},{"@type":"ListItem","position":2,"name":"Wholesale"}]},{"@type":"WebSite","@id":"https:\/\/miaustore.com\/se\/#website","url":"https:\/\/miaustore.com\/se\/","name":"Miaustore Sweden","description":"Keramisk kattvattenfont\u00e4n","potentialAction":[{"@type":"SearchAction","target":{"@type":"EntryPoint","urlTemplate":"https:\/\/miaustore.com\/se\/?s={search_term_string}"},"query-input":{"@type":"PropertyValueSpecification","valueRequired":true,"valueName":"search_term_string"}}],"inLanguage":"sv-SE"}]}},"_links":{"self":[{"href":"https:\/\/miaustore.com\/se\/wp-json\/wp\/v2\/pages\/1089","targetHints":{"allow":["GET"]}}],"collection":[{"href":"https:\/\/miaustore.com\/se\/wp-json\/wp\/v2\/pages"}],"about":[{"href":"https:\/\/miaustore.com\/se\/wp-json\/wp\/v2\/types\/page"}],"author":[{"embeddable":true,"href":"https:\/\/miaustore.com\/se\/wp-json\/wp\/v2\/users\/1"}],"replies":[{"embeddable":true,"href":"https:\/\/miaustore.com\/se\/wp-json\/wp\/v2\/comments?post=1089"}],"version-history":[{"count":0,"href":"https:\/\/miaustore.com\/se\/wp-json\/wp\/v2\/pages\/1089\/revisions"}],"wp:attachment":[{"href":"https:\/\/miaustore.com\/se\/wp-json\/wp\/v2\/media?parent=1089"}],"curies":[{"name":"wp","href":"https:\/\/api.w.org\/{rel}","templated":true}]}}