{"id":11,"date":"2018-02-05T13:26:21","date_gmt":"2018-02-05T12:26:21","guid":{"rendered":"https:\/\/miaustore.com\/se\/?page_id=11"},"modified":"2020-10-16T12:46:38","modified_gmt":"2020-10-16T10:46:38","slug":"keramisk-kattfontan","status":"publish","type":"page","link":"https:\/\/miaustore.com\/se\/keramisk-kattfontan.html","title":{"rendered":"Keramisk kattfont\u00e4n"},"content":{"rendered":"<div id=\"cs-content\" class=\"cs-content\"><\/div>","protected":false},"excerpt":{"rendered":"","protected":false},"author":1,"featured_media":0,"parent":0,"menu_order":0,"comment_status":"closed","ping_status":"closed","template":"template-blank-4.php","meta":{"_glsr_average":0,"_glsr_ranking":0,"_glsr_reviews":0,"footnotes":""},"class_list":["post-11","page","type-page","status-publish","hentry","no-post-thumbnail"],"yoast_head":"<!-- This site is optimized with the Yoast SEO Premium plugin v26.7 (Yoast SEO v26.7) - https:\/\/yoast.com\/wordpress\/plugins\/seo\/ -->\n<title>Miaustore Sweden Keramisk kattfont\u00e4n - vatten font\u00e4n f\u00f6r ditt husdjur<\/title>\n<meta name=\"description\" content=\"Rekommenderat av veterin\u00e4rer och tillverkat av h\u00f6gkvalitativ keramik, hj\u00e4lper Miaustores kattvattenbrunn din katt att h\u00e5lla sig frisk.\" \/>\n<meta name=\"robots\" content=\"index, follow, max-snippet:-1, max-image-preview:large, max-video-preview:-1\" \/>\n<link rel=\"canonical\" href=\"https:\/\/miaustore.com\/se\/keramisk-kattfontan.html\" \/>\n<meta property=\"og:locale\" content=\"sv_SE\" \/>\n<meta property=\"og:type\" content=\"article\" \/>\n<meta property=\"og:title\" content=\"Keramisk kattfont\u00e4n\" \/>\n<meta property=\"og:description\" content=\"Rekommenderat av veterin\u00e4rer och tillverkat av h\u00f6gkvalitativ keramik, hj\u00e4lper Miaustores kattvattenbrunn din katt att h\u00e5lla sig frisk.\" \/>\n<meta property=\"og:url\" content=\"https:\/\/miaustore.com\/se\/keramisk-kattfontan.html\" \/>\n<meta property=\"og:site_name\" content=\"Miaustore Sweden\" \/>\n<meta property=\"article:modified_time\" content=\"2020-10-16T10:46:38+00:00\" \/>\n<meta property=\"og:image\" content=\"https:\/\/miaustore.com\/wp-content\/uploads\/2017\/10\/new-norton-seal1-300x162.png\" \/>\n<meta name=\"twitter:card\" content=\"summary_large_image\" \/>\n<meta name=\"twitter:label1\" content=\"Ber\u00e4knad l\u00e4stid\" \/>\n\t<meta name=\"twitter:data1\" content=\"29 minuter\" \/>\n<script type=\"application\/ld+json\" class=\"yoast-schema-graph\">{\"@context\":\"https:\/\/schema.org\",\"@graph\":[{\"@type\":\"WebPage\",\"@id\":\"https:\/\/miaustore.com\/se\/keramisk-kattfontan.html\",\"url\":\"https:\/\/miaustore.com\/se\/keramisk-kattfontan.html\",\"name\":\"Miaustore Sweden Keramisk kattfont\u00e4n - vatten font\u00e4n f\u00f6r ditt husdjur\",\"isPartOf\":{\"@id\":\"https:\/\/miaustore.com\/se\/#website\"},\"primaryImageOfPage\":{\"@id\":\"https:\/\/miaustore.com\/se\/keramisk-kattfontan.html#primaryimage\"},\"image\":{\"@id\":\"https:\/\/miaustore.com\/se\/keramisk-kattfontan.html#primaryimage\"},\"thumbnailUrl\":\"https:\/\/miaustore.com\/wp-content\/uploads\/2017\/10\/new-norton-seal1-300x162.png\",\"datePublished\":\"2018-02-05T12:26:21+00:00\",\"dateModified\":\"2020-10-16T10:46:38+00:00\",\"description\":\"Rekommenderat av veterin\u00e4rer och tillverkat av h\u00f6gkvalitativ keramik, hj\u00e4lper Miaustores kattvattenbrunn din katt att h\u00e5lla sig frisk.\",\"breadcrumb\":{\"@id\":\"https:\/\/miaustore.com\/se\/keramisk-kattfontan.html#breadcrumb\"},\"inLanguage\":\"sv-SE\",\"potentialAction\":[{\"@type\":\"ReadAction\",\"target\":[\"https:\/\/miaustore.com\/se\/keramisk-kattfontan.html\"]}]},{\"@type\":\"ImageObject\",\"inLanguage\":\"sv-SE\",\"@id\":\"https:\/\/miaustore.com\/se\/keramisk-kattfontan.html#primaryimage\",\"url\":\"https:\/\/miaustore.com\/wp-content\/uploads\/2017\/10\/new-norton-seal1-300x162.png\",\"contentUrl\":\"https:\/\/miaustore.com\/wp-content\/uploads\/2017\/10\/new-norton-seal1-300x162.png\"},{\"@type\":\"BreadcrumbList\",\"@id\":\"https:\/\/miaustore.com\/se\/keramisk-kattfontan.html#breadcrumb\",\"itemListElement\":[{\"@type\":\"ListItem\",\"position\":1,\"name\":\"Startseite\",\"item\":\"https:\/\/miaustore.com\/se\/\"},{\"@type\":\"ListItem\",\"position\":2,\"name\":\"Keramisk kattfont\u00e4n\"}]},{\"@type\":\"WebSite\",\"@id\":\"https:\/\/miaustore.com\/se\/#website\",\"url\":\"https:\/\/miaustore.com\/se\/\",\"name\":\"Miaustore Sweden\",\"description\":\"Keramisk kattvattenfont\u00e4n\",\"potentialAction\":[{\"@type\":\"SearchAction\",\"target\":{\"@type\":\"EntryPoint\",\"urlTemplate\":\"https:\/\/miaustore.com\/se\/?s={search_term_string}\"},\"query-input\":{\"@type\":\"PropertyValueSpecification\",\"valueRequired\":true,\"valueName\":\"search_term_string\"}}],\"inLanguage\":\"sv-SE\"}]}<\/script>\n<!-- \/ Yoast SEO Premium plugin. -->","yoast_head_json":{"title":"Miaustore Sweden Keramisk kattfont\u00e4n - vatten font\u00e4n f\u00f6r ditt husdjur","description":"Rekommenderat av veterin\u00e4rer och tillverkat av h\u00f6gkvalitativ keramik, hj\u00e4lper Miaustores kattvattenbrunn din katt att h\u00e5lla sig frisk.","robots":{"index":"index","follow":"follow","max-snippet":"max-snippet:-1","max-image-preview":"max-image-preview:large","max-video-preview":"max-video-preview:-1"},"canonical":"https:\/\/miaustore.com\/se\/keramisk-kattfontan.html","og_locale":"sv_SE","og_type":"article","og_title":"Keramisk kattfont\u00e4n","og_description":"Rekommenderat av veterin\u00e4rer och tillverkat av h\u00f6gkvalitativ keramik, hj\u00e4lper Miaustores kattvattenbrunn din katt att h\u00e5lla sig frisk.","og_url":"https:\/\/miaustore.com\/se\/keramisk-kattfontan.html","og_site_name":"Miaustore Sweden","article_modified_time":"2020-10-16T10:46:38+00:00","og_image":[{"url":"https:\/\/miaustore.com\/wp-content\/uploads\/2017\/10\/new-norton-seal1-300x162.png","type":"","width":"","height":""}],"twitter_card":"summary_large_image","twitter_misc":{"Ber\u00e4knad l\u00e4stid":"29 minuter"},"schema":{"@context":"https:\/\/schema.org","@graph":[{"@type":"WebPage","@id":"https:\/\/miaustore.com\/se\/keramisk-kattfontan.html","url":"https:\/\/miaustore.com\/se\/keramisk-kattfontan.html","name":"Miaustore Sweden Keramisk kattfont\u00e4n - vatten font\u00e4n f\u00f6r ditt husdjur","isPartOf":{"@id":"https:\/\/miaustore.com\/se\/#website"},"primaryImageOfPage":{"@id":"https:\/\/miaustore.com\/se\/keramisk-kattfontan.html#primaryimage"},"image":{"@id":"https:\/\/miaustore.com\/se\/keramisk-kattfontan.html#primaryimage"},"thumbnailUrl":"https:\/\/miaustore.com\/wp-content\/uploads\/2017\/10\/new-norton-seal1-300x162.png","datePublished":"2018-02-05T12:26:21+00:00","dateModified":"2020-10-16T10:46:38+00:00","description":"Rekommenderat av veterin\u00e4rer och tillverkat av h\u00f6gkvalitativ keramik, hj\u00e4lper Miaustores kattvattenbrunn din katt att h\u00e5lla sig frisk.","breadcrumb":{"@id":"https:\/\/miaustore.com\/se\/keramisk-kattfontan.html#breadcrumb"},"inLanguage":"sv-SE","potentialAction":[{"@type":"ReadAction","target":["https:\/\/miaustore.com\/se\/keramisk-kattfontan.html"]}]},{"@type":"ImageObject","inLanguage":"sv-SE","@id":"https:\/\/miaustore.com\/se\/keramisk-kattfontan.html#primaryimage","url":"https:\/\/miaustore.com\/wp-content\/uploads\/2017\/10\/new-norton-seal1-300x162.png","contentUrl":"https:\/\/miaustore.com\/wp-content\/uploads\/2017\/10\/new-norton-seal1-300x162.png"},{"@type":"BreadcrumbList","@id":"https:\/\/miaustore.com\/se\/keramisk-kattfontan.html#breadcrumb","itemListElement":[{"@type":"ListItem","position":1,"name":"Startseite","item":"https:\/\/miaustore.com\/se\/"},{"@type":"ListItem","position":2,"name":"Keramisk kattfont\u00e4n"}]},{"@type":"WebSite","@id":"https:\/\/miaustore.com\/se\/#website","url":"https:\/\/miaustore.com\/se\/","name":"Miaustore Sweden","description":"Keramisk kattvattenfont\u00e4n","potentialAction":[{"@type":"SearchAction","target":{"@type":"EntryPoint","urlTemplate":"https:\/\/miaustore.com\/se\/?s={search_term_string}"},"query-input":{"@type":"PropertyValueSpecification","valueRequired":true,"valueName":"search_term_string"}}],"inLanguage":"sv-SE"}]}},"_links":{"self":[{"href":"https:\/\/miaustore.com\/se\/wp-json\/wp\/v2\/pages\/11","targetHints":{"allow":["GET"]}}],"collection":[{"href":"https:\/\/miaustore.com\/se\/wp-json\/wp\/v2\/pages"}],"about":[{"href":"https:\/\/miaustore.com\/se\/wp-json\/wp\/v2\/types\/page"}],"author":[{"embeddable":true,"href":"https:\/\/miaustore.com\/se\/wp-json\/wp\/v2\/users\/1"}],"replies":[{"embeddable":true,"href":"https:\/\/miaustore.com\/se\/wp-json\/wp\/v2\/comments?post=11"}],"version-history":[{"count":0,"href":"https:\/\/miaustore.com\/se\/wp-json\/wp\/v2\/pages\/11\/revisions"}],"wp:attachment":[{"href":"https:\/\/miaustore.com\/se\/wp-json\/wp\/v2\/media?parent=11"}],"curies":[{"name":"wp","href":"https:\/\/api.w.org\/{rel}","templated":true}]}}