{"id":1156,"date":"2020-02-13T11:37:33","date_gmt":"2020-02-13T10:37:33","guid":{"rendered":"https:\/\/miaustore.com\/se\/?page_id=1156"},"modified":"2020-10-12T14:07:59","modified_gmt":"2020-10-12T12:07:59","slug":"pumpunderhall","status":"publish","type":"page","link":"https:\/\/miaustore.com\/se\/pumpunderhall.html","title":{"rendered":"Pumpunderh\u00e5ll"},"content":{"rendered":"<div id=\"cs-content\" class=\"cs-content\"><\/div>","protected":false},"excerpt":{"rendered":"","protected":false},"author":1,"featured_media":0,"parent":0,"menu_order":0,"comment_status":"closed","ping_status":"closed","template":"template-blank-1.php","meta":{"_glsr_average":0,"_glsr_ranking":0,"_glsr_reviews":0,"footnotes":""},"class_list":["post-1156","page","type-page","status-publish","hentry","no-post-thumbnail"],"yoast_head":"<!-- This site is optimized with the Yoast SEO Premium plugin v26.7 (Yoast SEO v26.7) - https:\/\/yoast.com\/wordpress\/plugins\/seo\/ -->\n<title>Miaustore Pump anv\u00e4ndning och underh\u00e5ll - Suecia<\/title>\n<meta name=\"description\" content=\"Med kontinuerlig anv\u00e4ndning av pumpen kan ibland smuts, katth\u00e5r, matpartiklar samlas in i pumpen och s\u00e4nka dess effektivitet.\" \/>\n<meta name=\"robots\" content=\"index, follow, max-snippet:-1, max-image-preview:large, max-video-preview:-1\" \/>\n<link rel=\"canonical\" href=\"https:\/\/miaustore.com\/se\/pumpunderhall.html\" \/>\n<meta property=\"og:locale\" content=\"sv_SE\" \/>\n<meta property=\"og:type\" content=\"article\" \/>\n<meta property=\"og:title\" content=\"Pumpunderh\u00e5ll\" \/>\n<meta property=\"og:description\" content=\"Med kontinuerlig anv\u00e4ndning av pumpen kan ibland smuts, katth\u00e5r, matpartiklar samlas in i pumpen och s\u00e4nka dess effektivitet.\" \/>\n<meta property=\"og:url\" content=\"https:\/\/miaustore.com\/se\/pumpunderhall.html\" \/>\n<meta property=\"og:site_name\" content=\"Miaustore Sweden\" \/>\n<meta property=\"article:modified_time\" content=\"2020-10-12T12:07:59+00:00\" \/>\n<meta name=\"twitter:card\" content=\"summary_large_image\" \/>\n<meta name=\"twitter:label1\" content=\"Ber\u00e4knad l\u00e4stid\" \/>\n\t<meta name=\"twitter:data1\" content=\"4 minuter\" \/>\n<script type=\"application\/ld+json\" class=\"yoast-schema-graph\">{\"@context\":\"https:\/\/schema.org\",\"@graph\":[{\"@type\":\"WebPage\",\"@id\":\"https:\/\/miaustore.com\/se\/pumpunderhall.html\",\"url\":\"https:\/\/miaustore.com\/se\/pumpunderhall.html\",\"name\":\"Miaustore Pump anv\u00e4ndning och underh\u00e5ll - Suecia\",\"isPartOf\":{\"@id\":\"https:\/\/miaustore.com\/se\/#website\"},\"datePublished\":\"2020-02-13T10:37:33+00:00\",\"dateModified\":\"2020-10-12T12:07:59+00:00\",\"description\":\"Med kontinuerlig anv\u00e4ndning av pumpen kan ibland smuts, katth\u00e5r, matpartiklar samlas in i pumpen och s\u00e4nka dess effektivitet.\",\"breadcrumb\":{\"@id\":\"https:\/\/miaustore.com\/se\/pumpunderhall.html#breadcrumb\"},\"inLanguage\":\"sv-SE\",\"potentialAction\":[{\"@type\":\"ReadAction\",\"target\":[\"https:\/\/miaustore.com\/se\/pumpunderhall.html\"]}]},{\"@type\":\"BreadcrumbList\",\"@id\":\"https:\/\/miaustore.com\/se\/pumpunderhall.html#breadcrumb\",\"itemListElement\":[{\"@type\":\"ListItem\",\"position\":1,\"name\":\"Startseite\",\"item\":\"https:\/\/miaustore.com\/se\/\"},{\"@type\":\"ListItem\",\"position\":2,\"name\":\"Pumpunderh\u00e5ll\"}]},{\"@type\":\"WebSite\",\"@id\":\"https:\/\/miaustore.com\/se\/#website\",\"url\":\"https:\/\/miaustore.com\/se\/\",\"name\":\"Miaustore Sweden\",\"description\":\"Keramisk kattvattenfont\u00e4n\",\"potentialAction\":[{\"@type\":\"SearchAction\",\"target\":{\"@type\":\"EntryPoint\",\"urlTemplate\":\"https:\/\/miaustore.com\/se\/?s={search_term_string}\"},\"query-input\":{\"@type\":\"PropertyValueSpecification\",\"valueRequired\":true,\"valueName\":\"search_term_string\"}}],\"inLanguage\":\"sv-SE\"}]}<\/script>\n<!-- \/ Yoast SEO Premium plugin. -->","yoast_head_json":{"title":"Miaustore Pump anv\u00e4ndning och underh\u00e5ll - Suecia","description":"Med kontinuerlig anv\u00e4ndning av pumpen kan ibland smuts, katth\u00e5r, matpartiklar samlas in i pumpen och s\u00e4nka dess effektivitet.","robots":{"index":"index","follow":"follow","max-snippet":"max-snippet:-1","max-image-preview":"max-image-preview:large","max-video-preview":"max-video-preview:-1"},"canonical":"https:\/\/miaustore.com\/se\/pumpunderhall.html","og_locale":"sv_SE","og_type":"article","og_title":"Pumpunderh\u00e5ll","og_description":"Med kontinuerlig anv\u00e4ndning av pumpen kan ibland smuts, katth\u00e5r, matpartiklar samlas in i pumpen och s\u00e4nka dess effektivitet.","og_url":"https:\/\/miaustore.com\/se\/pumpunderhall.html","og_site_name":"Miaustore Sweden","article_modified_time":"2020-10-12T12:07:59+00:00","twitter_card":"summary_large_image","twitter_misc":{"Ber\u00e4knad l\u00e4stid":"4 minuter"},"schema":{"@context":"https:\/\/schema.org","@graph":[{"@type":"WebPage","@id":"https:\/\/miaustore.com\/se\/pumpunderhall.html","url":"https:\/\/miaustore.com\/se\/pumpunderhall.html","name":"Miaustore Pump anv\u00e4ndning och underh\u00e5ll - Suecia","isPartOf":{"@id":"https:\/\/miaustore.com\/se\/#website"},"datePublished":"2020-02-13T10:37:33+00:00","dateModified":"2020-10-12T12:07:59+00:00","description":"Med kontinuerlig anv\u00e4ndning av pumpen kan ibland smuts, katth\u00e5r, matpartiklar samlas in i pumpen och s\u00e4nka dess effektivitet.","breadcrumb":{"@id":"https:\/\/miaustore.com\/se\/pumpunderhall.html#breadcrumb"},"inLanguage":"sv-SE","potentialAction":[{"@type":"ReadAction","target":["https:\/\/miaustore.com\/se\/pumpunderhall.html"]}]},{"@type":"BreadcrumbList","@id":"https:\/\/miaustore.com\/se\/pumpunderhall.html#breadcrumb","itemListElement":[{"@type":"ListItem","position":1,"name":"Startseite","item":"https:\/\/miaustore.com\/se\/"},{"@type":"ListItem","position":2,"name":"Pumpunderh\u00e5ll"}]},{"@type":"WebSite","@id":"https:\/\/miaustore.com\/se\/#website","url":"https:\/\/miaustore.com\/se\/","name":"Miaustore Sweden","description":"Keramisk kattvattenfont\u00e4n","potentialAction":[{"@type":"SearchAction","target":{"@type":"EntryPoint","urlTemplate":"https:\/\/miaustore.com\/se\/?s={search_term_string}"},"query-input":{"@type":"PropertyValueSpecification","valueRequired":true,"valueName":"search_term_string"}}],"inLanguage":"sv-SE"}]}},"_links":{"self":[{"href":"https:\/\/miaustore.com\/se\/wp-json\/wp\/v2\/pages\/1156","targetHints":{"allow":["GET"]}}],"collection":[{"href":"https:\/\/miaustore.com\/se\/wp-json\/wp\/v2\/pages"}],"about":[{"href":"https:\/\/miaustore.com\/se\/wp-json\/wp\/v2\/types\/page"}],"author":[{"embeddable":true,"href":"https:\/\/miaustore.com\/se\/wp-json\/wp\/v2\/users\/1"}],"replies":[{"embeddable":true,"href":"https:\/\/miaustore.com\/se\/wp-json\/wp\/v2\/comments?post=1156"}],"version-history":[{"count":0,"href":"https:\/\/miaustore.com\/se\/wp-json\/wp\/v2\/pages\/1156\/revisions"}],"wp:attachment":[{"href":"https:\/\/miaustore.com\/se\/wp-json\/wp\/v2\/media?parent=1156"}],"curies":[{"name":"wp","href":"https:\/\/api.w.org\/{rel}","templated":true}]}}