{"id":1171,"date":"2020-02-17T12:27:07","date_gmt":"2020-02-17T11:27:07","guid":{"rendered":"https:\/\/miaustore.com\/se\/?page_id=1171"},"modified":"2024-11-18T14:19:02","modified_gmt":"2024-11-18T13:19:02","slug":"extra-delar","status":"publish","type":"page","link":"https:\/\/miaustore.com\/se\/extra-delar.html","title":{"rendered":"Extra delar"},"content":{"rendered":"<div id=\"cs-content\" class=\"cs-content\"><\/div>","protected":false},"excerpt":{"rendered":"<p>Tillbaka till hemsidan Extra delar 1. Reservpump Komplett SetMiaustores reservpump \u00e4r tillverkad av h\u00f6gkvalitativt och livsmedelss\u00e4kert material, vilket g\u00f6r den till en av de b\u00e4sta p\u00e5 marknaden. Den speciella designen minimerar str\u00f6mf\u00f6rbrukningen och f\u00f6rhindrar att h\u00e5r- och smutspartiklar samlas och skadar pumpen tack vare pumpskyddet. USB-pumpen har en livsl\u00e4ngd p\u00e5 20 000 timmar och levereras med tv\u00e5 \u00e5rs garanti. Vid &#8230; <\/p>\n<div><a href=\"https:\/\/miaustore.com\/se\/extra-delar.html\" class=\"more-link\">Read More<\/a><\/div>\n","protected":false},"author":1,"featured_media":0,"parent":0,"menu_order":0,"comment_status":"closed","ping_status":"closed","template":"template-blank-1.php","meta":{"_glsr_average":0,"_glsr_ranking":0,"_glsr_reviews":0,"footnotes":""},"class_list":["post-1171","page","type-page","status-publish","hentry","no-post-thumbnail"],"yoast_head":"<!-- This site is optimized with the Yoast SEO Premium plugin v26.7 (Yoast SEO v26.7) - https:\/\/yoast.com\/wordpress\/plugins\/seo\/ -->\n<title>Extra delar - Miaustore Sweden<\/title>\n<meta name=\"robots\" content=\"index, follow, max-snippet:-1, max-image-preview:large, max-video-preview:-1\" \/>\n<link rel=\"canonical\" href=\"https:\/\/miaustore.com\/se\/extra-delar.html\" \/>\n<meta property=\"og:locale\" content=\"sv_SE\" \/>\n<meta property=\"og:type\" content=\"article\" \/>\n<meta property=\"og:title\" content=\"Extra delar\" \/>\n<meta property=\"og:description\" content=\"Tillbaka till hemsidan Extra delar 1. Reservpump Komplett SetMiaustores reservpump \u00e4r tillverkad av h\u00f6gkvalitativt och livsmedelss\u00e4kert material, vilket g\u00f6r den till en av de b\u00e4sta p\u00e5 marknaden. Den speciella designen minimerar str\u00f6mf\u00f6rbrukningen och f\u00f6rhindrar att h\u00e5r- och smutspartiklar samlas och skadar pumpen tack vare pumpskyddet. USB-pumpen har en livsl\u00e4ngd p\u00e5 20 000 timmar och levereras med tv\u00e5 \u00e5rs garanti. Vid ... Read More\" \/>\n<meta property=\"og:url\" content=\"https:\/\/miaustore.com\/se\/extra-delar.html\" \/>\n<meta property=\"og:site_name\" content=\"Miaustore Sweden\" \/>\n<meta property=\"article:modified_time\" content=\"2024-11-18T13:19:02+00:00\" \/>\n<meta property=\"og:image\" content=\"https:\/\/miaustore.com\/wp-content\/uploads\/2022\/08\/test_jc6.jpg\" \/>\n<meta name=\"twitter:card\" content=\"summary_large_image\" \/>\n<meta name=\"twitter:label1\" content=\"Ber\u00e4knad l\u00e4stid\" \/>\n\t<meta name=\"twitter:data1\" content=\"20 minuter\" \/>\n<script type=\"application\/ld+json\" class=\"yoast-schema-graph\">{\"@context\":\"https:\/\/schema.org\",\"@graph\":[{\"@type\":\"WebPage\",\"@id\":\"https:\/\/miaustore.com\/se\/extra-delar.html\",\"url\":\"https:\/\/miaustore.com\/se\/extra-delar.html\",\"name\":\"Extra delar - Miaustore Sweden\",\"isPartOf\":{\"@id\":\"https:\/\/miaustore.com\/se\/#website\"},\"primaryImageOfPage\":{\"@id\":\"https:\/\/miaustore.com\/se\/extra-delar.html#primaryimage\"},\"image\":{\"@id\":\"https:\/\/miaustore.com\/se\/extra-delar.html#primaryimage\"},\"thumbnailUrl\":\"https:\/\/miaustore.com\/wp-content\/uploads\/2022\/08\/test_jc6.jpg\",\"datePublished\":\"2020-02-17T11:27:07+00:00\",\"dateModified\":\"2024-11-18T13:19:02+00:00\",\"breadcrumb\":{\"@id\":\"https:\/\/miaustore.com\/se\/extra-delar.html#breadcrumb\"},\"inLanguage\":\"sv-SE\",\"potentialAction\":[{\"@type\":\"ReadAction\",\"target\":[\"https:\/\/miaustore.com\/se\/extra-delar.html\"]}]},{\"@type\":\"ImageObject\",\"inLanguage\":\"sv-SE\",\"@id\":\"https:\/\/miaustore.com\/se\/extra-delar.html#primaryimage\",\"url\":\"https:\/\/miaustore.com\/wp-content\/uploads\/2022\/08\/test_jc6.jpg\",\"contentUrl\":\"https:\/\/miaustore.com\/wp-content\/uploads\/2022\/08\/test_jc6.jpg\"},{\"@type\":\"BreadcrumbList\",\"@id\":\"https:\/\/miaustore.com\/se\/extra-delar.html#breadcrumb\",\"itemListElement\":[{\"@type\":\"ListItem\",\"position\":1,\"name\":\"Startseite\",\"item\":\"https:\/\/miaustore.com\/se\/\"},{\"@type\":\"ListItem\",\"position\":2,\"name\":\"Extra delar\"}]},{\"@type\":\"WebSite\",\"@id\":\"https:\/\/miaustore.com\/se\/#website\",\"url\":\"https:\/\/miaustore.com\/se\/\",\"name\":\"Miaustore Sweden\",\"description\":\"Keramisk kattvattenfont\u00e4n\",\"potentialAction\":[{\"@type\":\"SearchAction\",\"target\":{\"@type\":\"EntryPoint\",\"urlTemplate\":\"https:\/\/miaustore.com\/se\/?s={search_term_string}\"},\"query-input\":{\"@type\":\"PropertyValueSpecification\",\"valueRequired\":true,\"valueName\":\"search_term_string\"}}],\"inLanguage\":\"sv-SE\"}]}<\/script>\n<!-- \/ Yoast SEO Premium plugin. -->","yoast_head_json":{"title":"Extra delar - Miaustore Sweden","robots":{"index":"index","follow":"follow","max-snippet":"max-snippet:-1","max-image-preview":"max-image-preview:large","max-video-preview":"max-video-preview:-1"},"canonical":"https:\/\/miaustore.com\/se\/extra-delar.html","og_locale":"sv_SE","og_type":"article","og_title":"Extra delar","og_description":"Tillbaka till hemsidan Extra delar 1. Reservpump Komplett SetMiaustores reservpump \u00e4r tillverkad av h\u00f6gkvalitativt och livsmedelss\u00e4kert material, vilket g\u00f6r den till en av de b\u00e4sta p\u00e5 marknaden. Den speciella designen minimerar str\u00f6mf\u00f6rbrukningen och f\u00f6rhindrar att h\u00e5r- och smutspartiklar samlas och skadar pumpen tack vare pumpskyddet. USB-pumpen har en livsl\u00e4ngd p\u00e5 20 000 timmar och levereras med tv\u00e5 \u00e5rs garanti. Vid ... Read More","og_url":"https:\/\/miaustore.com\/se\/extra-delar.html","og_site_name":"Miaustore Sweden","article_modified_time":"2024-11-18T13:19:02+00:00","og_image":[{"url":"https:\/\/miaustore.com\/wp-content\/uploads\/2022\/08\/test_jc6.jpg","type":"","width":"","height":""}],"twitter_card":"summary_large_image","twitter_misc":{"Ber\u00e4knad l\u00e4stid":"20 minuter"},"schema":{"@context":"https:\/\/schema.org","@graph":[{"@type":"WebPage","@id":"https:\/\/miaustore.com\/se\/extra-delar.html","url":"https:\/\/miaustore.com\/se\/extra-delar.html","name":"Extra delar - Miaustore Sweden","isPartOf":{"@id":"https:\/\/miaustore.com\/se\/#website"},"primaryImageOfPage":{"@id":"https:\/\/miaustore.com\/se\/extra-delar.html#primaryimage"},"image":{"@id":"https:\/\/miaustore.com\/se\/extra-delar.html#primaryimage"},"thumbnailUrl":"https:\/\/miaustore.com\/wp-content\/uploads\/2022\/08\/test_jc6.jpg","datePublished":"2020-02-17T11:27:07+00:00","dateModified":"2024-11-18T13:19:02+00:00","breadcrumb":{"@id":"https:\/\/miaustore.com\/se\/extra-delar.html#breadcrumb"},"inLanguage":"sv-SE","potentialAction":[{"@type":"ReadAction","target":["https:\/\/miaustore.com\/se\/extra-delar.html"]}]},{"@type":"ImageObject","inLanguage":"sv-SE","@id":"https:\/\/miaustore.com\/se\/extra-delar.html#primaryimage","url":"https:\/\/miaustore.com\/wp-content\/uploads\/2022\/08\/test_jc6.jpg","contentUrl":"https:\/\/miaustore.com\/wp-content\/uploads\/2022\/08\/test_jc6.jpg"},{"@type":"BreadcrumbList","@id":"https:\/\/miaustore.com\/se\/extra-delar.html#breadcrumb","itemListElement":[{"@type":"ListItem","position":1,"name":"Startseite","item":"https:\/\/miaustore.com\/se\/"},{"@type":"ListItem","position":2,"name":"Extra delar"}]},{"@type":"WebSite","@id":"https:\/\/miaustore.com\/se\/#website","url":"https:\/\/miaustore.com\/se\/","name":"Miaustore Sweden","description":"Keramisk kattvattenfont\u00e4n","potentialAction":[{"@type":"SearchAction","target":{"@type":"EntryPoint","urlTemplate":"https:\/\/miaustore.com\/se\/?s={search_term_string}"},"query-input":{"@type":"PropertyValueSpecification","valueRequired":true,"valueName":"search_term_string"}}],"inLanguage":"sv-SE"}]}},"_links":{"self":[{"href":"https:\/\/miaustore.com\/se\/wp-json\/wp\/v2\/pages\/1171","targetHints":{"allow":["GET"]}}],"collection":[{"href":"https:\/\/miaustore.com\/se\/wp-json\/wp\/v2\/pages"}],"about":[{"href":"https:\/\/miaustore.com\/se\/wp-json\/wp\/v2\/types\/page"}],"author":[{"embeddable":true,"href":"https:\/\/miaustore.com\/se\/wp-json\/wp\/v2\/users\/1"}],"replies":[{"embeddable":true,"href":"https:\/\/miaustore.com\/se\/wp-json\/wp\/v2\/comments?post=1171"}],"version-history":[{"count":0,"href":"https:\/\/miaustore.com\/se\/wp-json\/wp\/v2\/pages\/1171\/revisions"}],"wp:attachment":[{"href":"https:\/\/miaustore.com\/se\/wp-json\/wp\/v2\/media?parent=1171"}],"curies":[{"name":"wp","href":"https:\/\/api.w.org\/{rel}","templated":true}]}}