{"id":19074,"date":"2020-10-30T14:36:05","date_gmt":"2020-10-30T13:36:05","guid":{"rendered":"https:\/\/miaustore.com\/se\/?page_id=19074"},"modified":"2024-09-18T04:56:49","modified_gmt":"2024-09-18T02:56:49","slug":"keramisk-kattfontan-2","status":"publish","type":"page","link":"https:\/\/miaustore.com\/se\/","title":{"rendered":"Keramisk kattfont\u00e4n"},"content":{"rendered":"<div id=\"cs-content\" class=\"cs-content\"><\/div>","protected":false},"excerpt":{"rendered":"","protected":false},"author":1,"featured_media":0,"parent":0,"menu_order":0,"comment_status":"closed","ping_status":"closed","template":"template-blank-4.php","meta":{"_glsr_average":0,"_glsr_ranking":0,"_glsr_reviews":0,"footnotes":""},"class_list":["post-19074","page","type-page","status-publish","hentry","no-post-thumbnail"],"yoast_head":"<!-- This site is optimized with the Yoast SEO Premium plugin v26.7 (Yoast SEO v26.7) - https:\/\/yoast.com\/wordpress\/plugins\/seo\/ -->\n<title>Miaustore Sweden Keramisk kattfont\u00e4n - vatten font\u00e4n f\u00f6r ditt husdjur<\/title>\n<meta name=\"description\" content=\"Rekommenderat av veterin\u00e4rer och tillverkat av h\u00f6gkvalitativ keramik, hj\u00e4lper Miaustores kattvattenbrunn din katt att h\u00e5lla sig frisk.\" \/>\n<meta name=\"robots\" content=\"index, follow, max-snippet:-1, max-image-preview:large, max-video-preview:-1\" \/>\n<link rel=\"canonical\" href=\"https:\/\/miaustore.com\/se\/\" \/>\n<meta property=\"og:locale\" content=\"sv_SE\" \/>\n<meta property=\"og:type\" content=\"article\" \/>\n<meta property=\"og:title\" content=\"Keramisk kattfont\u00e4n\" \/>\n<meta property=\"og:description\" content=\"Rekommenderat av veterin\u00e4rer och tillverkat av h\u00f6gkvalitativ keramik, hj\u00e4lper Miaustores kattvattenbrunn din katt att h\u00e5lla sig frisk.\" \/>\n<meta property=\"og:url\" content=\"https:\/\/miaustore.com\/se\/\" \/>\n<meta property=\"og:site_name\" content=\"Miaustore Sweden\" \/>\n<meta property=\"article:modified_time\" content=\"2024-09-18T02:56:49+00:00\" \/>\n<meta property=\"og:image\" content=\"https:\/\/miaustore.com\/uk\/wp-content\/uploads\/sites\/3\/2019\/01\/blue-w-cat-1-mini.jpg\" \/>\n<meta name=\"twitter:card\" content=\"summary_large_image\" \/>\n<meta name=\"twitter:label1\" content=\"Ber\u00e4knad l\u00e4stid\" \/>\n\t<meta name=\"twitter:data1\" content=\"29 minuter\" \/>\n<script type=\"application\/ld+json\" class=\"yoast-schema-graph\">{\"@context\":\"https:\/\/schema.org\",\"@graph\":[{\"@type\":\"WebPage\",\"@id\":\"https:\/\/miaustore.com\/se\/\",\"url\":\"https:\/\/miaustore.com\/se\/\",\"name\":\"Miaustore Sweden Keramisk kattfont\u00e4n - vatten font\u00e4n f\u00f6r ditt husdjur\",\"isPartOf\":{\"@id\":\"https:\/\/miaustore.com\/se\/#website\"},\"primaryImageOfPage\":{\"@id\":\"https:\/\/miaustore.com\/se\/#primaryimage\"},\"image\":{\"@id\":\"https:\/\/miaustore.com\/se\/#primaryimage\"},\"thumbnailUrl\":\"https:\/\/miaustore.com\/uk\/wp-content\/uploads\/sites\/3\/2019\/01\/blue-w-cat-1-mini.jpg\",\"datePublished\":\"2020-10-30T13:36:05+00:00\",\"dateModified\":\"2024-09-18T02:56:49+00:00\",\"description\":\"Rekommenderat av veterin\u00e4rer och tillverkat av h\u00f6gkvalitativ keramik, hj\u00e4lper Miaustores kattvattenbrunn din katt att h\u00e5lla sig frisk.\",\"breadcrumb\":{\"@id\":\"https:\/\/miaustore.com\/se\/#breadcrumb\"},\"inLanguage\":\"sv-SE\",\"potentialAction\":[{\"@type\":\"ReadAction\",\"target\":[\"https:\/\/miaustore.com\/se\/\"]}]},{\"@type\":\"ImageObject\",\"inLanguage\":\"sv-SE\",\"@id\":\"https:\/\/miaustore.com\/se\/#primaryimage\",\"url\":\"https:\/\/miaustore.com\/uk\/wp-content\/uploads\/sites\/3\/2019\/01\/blue-w-cat-1-mini.jpg\",\"contentUrl\":\"https:\/\/miaustore.com\/uk\/wp-content\/uploads\/sites\/3\/2019\/01\/blue-w-cat-1-mini.jpg\"},{\"@type\":\"BreadcrumbList\",\"@id\":\"https:\/\/miaustore.com\/se\/#breadcrumb\",\"itemListElement\":[{\"@type\":\"ListItem\",\"position\":1,\"name\":\"Startseite\",\"item\":\"https:\/\/miaustore.com\/se\/\"},{\"@type\":\"ListItem\",\"position\":2,\"name\":\"Keramisk kattfont\u00e4n\"}]},{\"@type\":\"WebSite\",\"@id\":\"https:\/\/miaustore.com\/se\/#website\",\"url\":\"https:\/\/miaustore.com\/se\/\",\"name\":\"Miaustore Sweden\",\"description\":\"Keramisk kattvattenfont\u00e4n\",\"potentialAction\":[{\"@type\":\"SearchAction\",\"target\":{\"@type\":\"EntryPoint\",\"urlTemplate\":\"https:\/\/miaustore.com\/se\/?s={search_term_string}\"},\"query-input\":{\"@type\":\"PropertyValueSpecification\",\"valueRequired\":true,\"valueName\":\"search_term_string\"}}],\"inLanguage\":\"sv-SE\"}]}<\/script>\n<!-- \/ Yoast SEO Premium plugin. -->","yoast_head_json":{"title":"Miaustore Sweden Keramisk kattfont\u00e4n - vatten font\u00e4n f\u00f6r ditt husdjur","description":"Rekommenderat av veterin\u00e4rer och tillverkat av h\u00f6gkvalitativ keramik, hj\u00e4lper Miaustores kattvattenbrunn din katt att h\u00e5lla sig frisk.","robots":{"index":"index","follow":"follow","max-snippet":"max-snippet:-1","max-image-preview":"max-image-preview:large","max-video-preview":"max-video-preview:-1"},"canonical":"https:\/\/miaustore.com\/se\/","og_locale":"sv_SE","og_type":"article","og_title":"Keramisk kattfont\u00e4n","og_description":"Rekommenderat av veterin\u00e4rer och tillverkat av h\u00f6gkvalitativ keramik, hj\u00e4lper Miaustores kattvattenbrunn din katt att h\u00e5lla sig frisk.","og_url":"https:\/\/miaustore.com\/se\/","og_site_name":"Miaustore Sweden","article_modified_time":"2024-09-18T02:56:49+00:00","og_image":[{"url":"https:\/\/miaustore.com\/uk\/wp-content\/uploads\/sites\/3\/2019\/01\/blue-w-cat-1-mini.jpg","type":"","width":"","height":""}],"twitter_card":"summary_large_image","twitter_misc":{"Ber\u00e4knad l\u00e4stid":"29 minuter"},"schema":{"@context":"https:\/\/schema.org","@graph":[{"@type":"WebPage","@id":"https:\/\/miaustore.com\/se\/","url":"https:\/\/miaustore.com\/se\/","name":"Miaustore Sweden Keramisk kattfont\u00e4n - vatten font\u00e4n f\u00f6r ditt husdjur","isPartOf":{"@id":"https:\/\/miaustore.com\/se\/#website"},"primaryImageOfPage":{"@id":"https:\/\/miaustore.com\/se\/#primaryimage"},"image":{"@id":"https:\/\/miaustore.com\/se\/#primaryimage"},"thumbnailUrl":"https:\/\/miaustore.com\/uk\/wp-content\/uploads\/sites\/3\/2019\/01\/blue-w-cat-1-mini.jpg","datePublished":"2020-10-30T13:36:05+00:00","dateModified":"2024-09-18T02:56:49+00:00","description":"Rekommenderat av veterin\u00e4rer och tillverkat av h\u00f6gkvalitativ keramik, hj\u00e4lper Miaustores kattvattenbrunn din katt att h\u00e5lla sig frisk.","breadcrumb":{"@id":"https:\/\/miaustore.com\/se\/#breadcrumb"},"inLanguage":"sv-SE","potentialAction":[{"@type":"ReadAction","target":["https:\/\/miaustore.com\/se\/"]}]},{"@type":"ImageObject","inLanguage":"sv-SE","@id":"https:\/\/miaustore.com\/se\/#primaryimage","url":"https:\/\/miaustore.com\/uk\/wp-content\/uploads\/sites\/3\/2019\/01\/blue-w-cat-1-mini.jpg","contentUrl":"https:\/\/miaustore.com\/uk\/wp-content\/uploads\/sites\/3\/2019\/01\/blue-w-cat-1-mini.jpg"},{"@type":"BreadcrumbList","@id":"https:\/\/miaustore.com\/se\/#breadcrumb","itemListElement":[{"@type":"ListItem","position":1,"name":"Startseite","item":"https:\/\/miaustore.com\/se\/"},{"@type":"ListItem","position":2,"name":"Keramisk kattfont\u00e4n"}]},{"@type":"WebSite","@id":"https:\/\/miaustore.com\/se\/#website","url":"https:\/\/miaustore.com\/se\/","name":"Miaustore Sweden","description":"Keramisk kattvattenfont\u00e4n","potentialAction":[{"@type":"SearchAction","target":{"@type":"EntryPoint","urlTemplate":"https:\/\/miaustore.com\/se\/?s={search_term_string}"},"query-input":{"@type":"PropertyValueSpecification","valueRequired":true,"valueName":"search_term_string"}}],"inLanguage":"sv-SE"}]}},"_links":{"self":[{"href":"https:\/\/miaustore.com\/se\/wp-json\/wp\/v2\/pages\/19074","targetHints":{"allow":["GET"]}}],"collection":[{"href":"https:\/\/miaustore.com\/se\/wp-json\/wp\/v2\/pages"}],"about":[{"href":"https:\/\/miaustore.com\/se\/wp-json\/wp\/v2\/types\/page"}],"author":[{"embeddable":true,"href":"https:\/\/miaustore.com\/se\/wp-json\/wp\/v2\/users\/1"}],"replies":[{"embeddable":true,"href":"https:\/\/miaustore.com\/se\/wp-json\/wp\/v2\/comments?post=19074"}],"version-history":[{"count":0,"href":"https:\/\/miaustore.com\/se\/wp-json\/wp\/v2\/pages\/19074\/revisions"}],"wp:attachment":[{"href":"https:\/\/miaustore.com\/se\/wp-json\/wp\/v2\/media?parent=19074"}],"curies":[{"name":"wp","href":"https:\/\/api.w.org\/{rel}","templated":true}]}}