{"id":25836,"date":"2020-12-09T18:41:06","date_gmt":"2020-12-09T17:41:06","guid":{"rendered":"https:\/\/miaustore.com\/se\/?page_id=25836"},"modified":"2020-12-09T18:44:46","modified_gmt":"2020-12-09T17:44:46","slug":"auktoriserad-aterforsaljare","status":"publish","type":"page","link":"https:\/\/miaustore.com\/se\/auktoriserad-aterforsaljare.html","title":{"rendered":"Auktoriserad \u00e5terf\u00f6rs\u00e4ljare"},"content":{"rendered":"<p id=\"tw-target-text\" class=\"tw-data-text tw-text-large XcVN5d tw-ta\" dir=\"ltr\" data-placeholder=\"\u00dcbersetzung\">\u00c4r du intresserad av v\u00e5ra produkter men vill \u00f6vertyga dig sj\u00e4lv om den utm\u00e4rkta kvaliteten? Inga problem, v\u00e5ra auktoriserade \u00e5terf\u00f6rs\u00e4ljare har alla Miaustore-produkter i lager och en utst\u00e4llningsmodell.<\/p>\r\n<img decoding=\"async\" class=\" wp-image-25837 alignleft\" src=\"https:\/\/miaustore.com\/se\/wp-content\/uploads\/sites\/8\/2020\/12\/Hund-katt-1024x267.jpg\" alt=\"\" width=\"227\" height=\"59\" srcset=\"https:\/\/miaustore.com\/se\/wp-content\/uploads\/sites\/8\/2020\/12\/Hund-katt-1024x267.jpg 1024w, https:\/\/miaustore.com\/se\/wp-content\/uploads\/sites\/8\/2020\/12\/Hund-katt-300x78.jpg 300w, https:\/\/miaustore.com\/se\/wp-content\/uploads\/sites\/8\/2020\/12\/Hund-katt-768x200.jpg 768w, https:\/\/miaustore.com\/se\/wp-content\/uploads\/sites\/8\/2020\/12\/Hund-katt-100x26.jpg 100w, https:\/\/miaustore.com\/se\/wp-content\/uploads\/sites\/8\/2020\/12\/Hund-katt-758x197.jpg 758w, https:\/\/miaustore.com\/se\/wp-content\/uploads\/sites\/8\/2020\/12\/Hund-katt-1056x275.jpg 1056w, https:\/\/miaustore.com\/se\/wp-content\/uploads\/sites\/8\/2020\/12\/Hund-katt-600x156.jpg 600w, https:\/\/miaustore.com\/se\/wp-content\/uploads\/sites\/8\/2020\/12\/Hund-katt.jpg 1309w\" sizes=\"(max-width: 227px) 100vw, 227px\" \/>\r\n<div class=\"site-branding\">\r\n<h4 dir=\"ltr\" data-placeholder=\"\u00dcbersetzung\"><span style=\"vertical-align: inherit;\"><span style=\"vertical-align: inherit;\">Hund &amp; Kattspecialisten AB<\/span><\/span><\/h4>\r\n<p class=\"site-description\">Sveriges st\u00f6rsta butik f\u00f6r hund &amp; katt! Vi har mer \u00e4n 10 000 artiklar och gratis parkering!<\/p>\r\n<span style=\"vertical-align: inherit;\"><span style=\"vertical-align: inherit;\">&#8221;<\/span><\/span>Vi s\u00e4ljer enbart hund- och kattrelaterade produkter och har numera \u00f6ver 10 000 artiklar i lager. V\u00e5r ambition \u00e4r att kunna tillhandah\u00e5lla kvalitetsprodukter som kanske inte finns i varje annan djurbutik och d\u00e4rf\u00f6r importerar vi sj\u00e4lva flera produkter fr\u00e5n bla Norge, Tyskland, England och USA.\r\n\r\nVi f\u00f6rs\u00f6ker anpassa v\u00e5rt sortiment efter v\u00e5ra kunders \u00f6nskem\u00e5l, och hj\u00e4lper g\u00e4rna till att best\u00e4lla special produkter, som kanske inte finns i v\u00e5rt lager normalt.&#8221;\r\n<div class=\"textwidget\">\r\n\r\n<iframe style=\"border: 0;\" tabindex=\"0\" src=\"https:\/\/www.google.com\/maps\/embed?pb=!1m23!1m12!1m3!1d65259.06172974894!2d15.107227321586882!3d59.26037359319353!2m3!1f0!2f0!3f0!3m2!1i1024!2i768!4f13.1!4m8!3e6!4m5!1s0x465c14c6864ef13b%3A0x9ed21cd2dce462e9!2sHund%20%26%20Kattspecialisten%2C%20Elementv%C3%A4gen%2012%2C%20702%2027%20%C3%96rebro%2C%20Schweden!3m2!1d59.2603924!2d15.177266699999999!4m0!5e0!3m2!1sde!2ses!4v1607535353384!5m2!1sde!2ses\" width=\"600\" height=\"450\" frameborder=\"0\" allowfullscreen=\"allowfullscreen\" aria-hidden=\"false\"><\/iframe>\r\n<h5 class=\"widget-title\">\u00d6PPETTIDER:<\/h5>\r\nVardagar 10.00-18.00;\r\nL\u00f6rdagar 10.00-14.00;\r\nS\u00f6ndagar st\u00e4ngt\r\n\r\n<\/div>\r\n<\/div>","protected":false},"excerpt":{"rendered":"<p>\u00c4r du intresserad av v\u00e5ra produkter men vill \u00f6vertyga dig sj\u00e4lv om den utm\u00e4rkta kvaliteten? Inga problem, v\u00e5ra auktoriserade \u00e5terf\u00f6rs\u00e4ljare har alla Miaustore-produkter i lager och en utst\u00e4llningsmodell. Hund &amp; Kattspecialisten AB Sveriges st\u00f6rsta butik f\u00f6r hund &amp; katt! Vi har mer \u00e4n 10 000 artiklar och gratis parkering! &#8221;Vi s\u00e4ljer enbart hund- och kattrelaterade produkter och har numera \u00f6ver &#8230; <\/p>\n<div><a href=\"https:\/\/miaustore.com\/se\/auktoriserad-aterforsaljare.html\" class=\"more-link\">Read More<\/a><\/div>\n","protected":false},"author":1,"featured_media":0,"parent":0,"menu_order":0,"comment_status":"closed","ping_status":"closed","template":"","meta":{"_glsr_average":0,"_glsr_ranking":0,"_glsr_reviews":0,"footnotes":""},"class_list":["post-25836","page","type-page","status-publish","hentry","no-post-thumbnail"],"yoast_head":"<!-- This site is optimized with the Yoast SEO Premium plugin v26.7 (Yoast SEO v26.7) - https:\/\/yoast.com\/wordpress\/plugins\/seo\/ -->\n<title>Auktoriserad \u00e5terf\u00f6rs\u00e4ljare - Miaustore Sweden<\/title>\n<meta name=\"robots\" content=\"index, follow, max-snippet:-1, max-image-preview:large, max-video-preview:-1\" \/>\n<link rel=\"canonical\" href=\"https:\/\/miaustore.com\/se\/auktoriserad-aterforsaljare.html\" \/>\n<meta property=\"og:locale\" content=\"sv_SE\" \/>\n<meta property=\"og:type\" content=\"article\" \/>\n<meta property=\"og:title\" content=\"Auktoriserad \u00e5terf\u00f6rs\u00e4ljare\" \/>\n<meta property=\"og:description\" content=\"\u00c4r du intresserad av v\u00e5ra produkter men vill \u00f6vertyga dig sj\u00e4lv om den utm\u00e4rkta kvaliteten? Inga problem, v\u00e5ra auktoriserade \u00e5terf\u00f6rs\u00e4ljare har alla Miaustore-produkter i lager och en utst\u00e4llningsmodell. Hund &amp; Kattspecialisten AB Sveriges st\u00f6rsta butik f\u00f6r hund &amp; katt! Vi har mer \u00e4n 10 000 artiklar och gratis parkering! &#8221;Vi s\u00e4ljer enbart hund- och kattrelaterade produkter och har numera \u00f6ver ... Read More\" \/>\n<meta property=\"og:url\" content=\"https:\/\/miaustore.com\/se\/auktoriserad-aterforsaljare.html\" \/>\n<meta property=\"og:site_name\" content=\"Miaustore Sweden\" \/>\n<meta property=\"article:modified_time\" content=\"2020-12-09T17:44:46+00:00\" \/>\n<meta property=\"og:image\" content=\"https:\/\/miaustore.com\/se\/wp-content\/uploads\/sites\/8\/2020\/12\/Hund-katt.jpg\" \/>\n\t<meta property=\"og:image:width\" content=\"1309\" \/>\n\t<meta property=\"og:image:height\" content=\"341\" \/>\n\t<meta property=\"og:image:type\" content=\"image\/jpeg\" \/>\n<meta name=\"twitter:card\" content=\"summary_large_image\" \/>\n<meta name=\"twitter:label1\" content=\"Ber\u00e4knad l\u00e4stid\" \/>\n\t<meta name=\"twitter:data1\" content=\"1 minut\" \/>\n<script type=\"application\/ld+json\" class=\"yoast-schema-graph\">{\"@context\":\"https:\/\/schema.org\",\"@graph\":[{\"@type\":\"WebPage\",\"@id\":\"https:\/\/miaustore.com\/se\/auktoriserad-aterforsaljare.html\",\"url\":\"https:\/\/miaustore.com\/se\/auktoriserad-aterforsaljare.html\",\"name\":\"Auktoriserad \u00e5terf\u00f6rs\u00e4ljare - Miaustore Sweden\",\"isPartOf\":{\"@id\":\"https:\/\/miaustore.com\/se\/#website\"},\"primaryImageOfPage\":{\"@id\":\"https:\/\/miaustore.com\/se\/auktoriserad-aterforsaljare.html#primaryimage\"},\"image\":{\"@id\":\"https:\/\/miaustore.com\/se\/auktoriserad-aterforsaljare.html#primaryimage\"},\"thumbnailUrl\":\"https:\/\/miaustore.com\/se\/wp-content\/uploads\/sites\/8\/2020\/12\/Hund-katt-1024x267.jpg\",\"datePublished\":\"2020-12-09T17:41:06+00:00\",\"dateModified\":\"2020-12-09T17:44:46+00:00\",\"breadcrumb\":{\"@id\":\"https:\/\/miaustore.com\/se\/auktoriserad-aterforsaljare.html#breadcrumb\"},\"inLanguage\":\"sv-SE\",\"potentialAction\":[{\"@type\":\"ReadAction\",\"target\":[\"https:\/\/miaustore.com\/se\/auktoriserad-aterforsaljare.html\"]}]},{\"@type\":\"ImageObject\",\"inLanguage\":\"sv-SE\",\"@id\":\"https:\/\/miaustore.com\/se\/auktoriserad-aterforsaljare.html#primaryimage\",\"url\":\"https:\/\/miaustore.com\/se\/wp-content\/uploads\/sites\/8\/2020\/12\/Hund-katt.jpg\",\"contentUrl\":\"https:\/\/miaustore.com\/se\/wp-content\/uploads\/sites\/8\/2020\/12\/Hund-katt.jpg\",\"width\":1309,\"height\":341},{\"@type\":\"BreadcrumbList\",\"@id\":\"https:\/\/miaustore.com\/se\/auktoriserad-aterforsaljare.html#breadcrumb\",\"itemListElement\":[{\"@type\":\"ListItem\",\"position\":1,\"name\":\"Startseite\",\"item\":\"https:\/\/miaustore.com\/se\/\"},{\"@type\":\"ListItem\",\"position\":2,\"name\":\"Auktoriserad \u00e5terf\u00f6rs\u00e4ljare\"}]},{\"@type\":\"WebSite\",\"@id\":\"https:\/\/miaustore.com\/se\/#website\",\"url\":\"https:\/\/miaustore.com\/se\/\",\"name\":\"Miaustore Sweden\",\"description\":\"Keramisk kattvattenfont\u00e4n\",\"potentialAction\":[{\"@type\":\"SearchAction\",\"target\":{\"@type\":\"EntryPoint\",\"urlTemplate\":\"https:\/\/miaustore.com\/se\/?s={search_term_string}\"},\"query-input\":{\"@type\":\"PropertyValueSpecification\",\"valueRequired\":true,\"valueName\":\"search_term_string\"}}],\"inLanguage\":\"sv-SE\"}]}<\/script>\n<!-- \/ Yoast SEO Premium plugin. -->","yoast_head_json":{"title":"Auktoriserad \u00e5terf\u00f6rs\u00e4ljare - Miaustore Sweden","robots":{"index":"index","follow":"follow","max-snippet":"max-snippet:-1","max-image-preview":"max-image-preview:large","max-video-preview":"max-video-preview:-1"},"canonical":"https:\/\/miaustore.com\/se\/auktoriserad-aterforsaljare.html","og_locale":"sv_SE","og_type":"article","og_title":"Auktoriserad \u00e5terf\u00f6rs\u00e4ljare","og_description":"\u00c4r du intresserad av v\u00e5ra produkter men vill \u00f6vertyga dig sj\u00e4lv om den utm\u00e4rkta kvaliteten? Inga problem, v\u00e5ra auktoriserade \u00e5terf\u00f6rs\u00e4ljare har alla Miaustore-produkter i lager och en utst\u00e4llningsmodell. Hund &amp; Kattspecialisten AB Sveriges st\u00f6rsta butik f\u00f6r hund &amp; katt! Vi har mer \u00e4n 10 000 artiklar och gratis parkering! &#8221;Vi s\u00e4ljer enbart hund- och kattrelaterade produkter och har numera \u00f6ver ... Read More","og_url":"https:\/\/miaustore.com\/se\/auktoriserad-aterforsaljare.html","og_site_name":"Miaustore Sweden","article_modified_time":"2020-12-09T17:44:46+00:00","og_image":[{"width":1309,"height":341,"url":"https:\/\/miaustore.com\/se\/wp-content\/uploads\/sites\/8\/2020\/12\/Hund-katt.jpg","type":"image\/jpeg"}],"twitter_card":"summary_large_image","twitter_misc":{"Ber\u00e4knad l\u00e4stid":"1 minut"},"schema":{"@context":"https:\/\/schema.org","@graph":[{"@type":"WebPage","@id":"https:\/\/miaustore.com\/se\/auktoriserad-aterforsaljare.html","url":"https:\/\/miaustore.com\/se\/auktoriserad-aterforsaljare.html","name":"Auktoriserad \u00e5terf\u00f6rs\u00e4ljare - Miaustore Sweden","isPartOf":{"@id":"https:\/\/miaustore.com\/se\/#website"},"primaryImageOfPage":{"@id":"https:\/\/miaustore.com\/se\/auktoriserad-aterforsaljare.html#primaryimage"},"image":{"@id":"https:\/\/miaustore.com\/se\/auktoriserad-aterforsaljare.html#primaryimage"},"thumbnailUrl":"https:\/\/miaustore.com\/se\/wp-content\/uploads\/sites\/8\/2020\/12\/Hund-katt-1024x267.jpg","datePublished":"2020-12-09T17:41:06+00:00","dateModified":"2020-12-09T17:44:46+00:00","breadcrumb":{"@id":"https:\/\/miaustore.com\/se\/auktoriserad-aterforsaljare.html#breadcrumb"},"inLanguage":"sv-SE","potentialAction":[{"@type":"ReadAction","target":["https:\/\/miaustore.com\/se\/auktoriserad-aterforsaljare.html"]}]},{"@type":"ImageObject","inLanguage":"sv-SE","@id":"https:\/\/miaustore.com\/se\/auktoriserad-aterforsaljare.html#primaryimage","url":"https:\/\/miaustore.com\/se\/wp-content\/uploads\/sites\/8\/2020\/12\/Hund-katt.jpg","contentUrl":"https:\/\/miaustore.com\/se\/wp-content\/uploads\/sites\/8\/2020\/12\/Hund-katt.jpg","width":1309,"height":341},{"@type":"BreadcrumbList","@id":"https:\/\/miaustore.com\/se\/auktoriserad-aterforsaljare.html#breadcrumb","itemListElement":[{"@type":"ListItem","position":1,"name":"Startseite","item":"https:\/\/miaustore.com\/se\/"},{"@type":"ListItem","position":2,"name":"Auktoriserad \u00e5terf\u00f6rs\u00e4ljare"}]},{"@type":"WebSite","@id":"https:\/\/miaustore.com\/se\/#website","url":"https:\/\/miaustore.com\/se\/","name":"Miaustore Sweden","description":"Keramisk kattvattenfont\u00e4n","potentialAction":[{"@type":"SearchAction","target":{"@type":"EntryPoint","urlTemplate":"https:\/\/miaustore.com\/se\/?s={search_term_string}"},"query-input":{"@type":"PropertyValueSpecification","valueRequired":true,"valueName":"search_term_string"}}],"inLanguage":"sv-SE"}]}},"_links":{"self":[{"href":"https:\/\/miaustore.com\/se\/wp-json\/wp\/v2\/pages\/25836","targetHints":{"allow":["GET"]}}],"collection":[{"href":"https:\/\/miaustore.com\/se\/wp-json\/wp\/v2\/pages"}],"about":[{"href":"https:\/\/miaustore.com\/se\/wp-json\/wp\/v2\/types\/page"}],"author":[{"embeddable":true,"href":"https:\/\/miaustore.com\/se\/wp-json\/wp\/v2\/users\/1"}],"replies":[{"embeddable":true,"href":"https:\/\/miaustore.com\/se\/wp-json\/wp\/v2\/comments?post=25836"}],"version-history":[{"count":0,"href":"https:\/\/miaustore.com\/se\/wp-json\/wp\/v2\/pages\/25836\/revisions"}],"wp:attachment":[{"href":"https:\/\/miaustore.com\/se\/wp-json\/wp\/v2\/media?parent=25836"}],"curies":[{"name":"wp","href":"https:\/\/api.w.org\/{rel}","templated":true}]}}