{"id":94,"date":"2018-06-01T16:31:44","date_gmt":"2018-06-01T14:31:44","guid":{"rendered":"https:\/\/miaustore.com\/se\/?page_id=94"},"modified":"2024-09-12T16:35:04","modified_gmt":"2024-09-12T14:35:04","slug":"villkor","status":"publish","type":"page","link":"https:\/\/miaustore.com\/se\/villkor.html","title":{"rendered":"Villkor"},"content":{"rendered":"<h1>Villkor f\u00f6r Miaustore<\/h1>\r\n&nbsp;\r\n<h2>Immateriell \u00e4gander\u00e4tt<\/h2>\r\nAnv\u00e4ndningen av informationen p\u00e5 denna webbplats \u00e4r gratis, s\u00e5 l\u00e4nge du inte kopierar, distribuerar eller p\u00e5 annat s\u00e4tt anv\u00e4nder eller missbrukar denna information. Du f\u00e5r endast \u00e5teranv\u00e4nda informationen p\u00e5 denna webbplats i enlighet med bindande lagens best\u00e4mmelser.\r\n\r\nDet \u00e4r inte till\u00e5tet att \u00e5teranv\u00e4nda text, bilder eller annat material p\u00e5 denna webbplats utan uttryckligt skriftligt tillst\u00e5nd fr\u00e5n Miaustore. Den immateriella \u00e4gander\u00e4tten tillh\u00f6r Miaustore.\r\n<h2><strong>Specialerbjudanden och rabatter<\/strong><\/h2>\r\nSpecialerbjudanden och kampanjer \u00e4r tidsbegr\u00e4nsade och g\u00e4ller endast de produkter som anges i respektive erbjudande. Rabatter \u00e4r inte \u00f6verl\u00e5tbara och kan inte bytas ut mot kontanter. Det \u00e4r inte m\u00f6jligt att kombinera flera erbjudanden, rabatter eller kuponger, om inte detta uttryckligen anges. Varje kampanj kan endast anv\u00e4ndas en g\u00e5ng per kund. Vid missf\u00f6rst\u00e5nd eller problem med till\u00e4mpningen av rabatterna f\u00f6rbeh\u00e5ller vi oss r\u00e4tten att \u00e5terkalla eller \u00e4ndra rabatten.\r\n\r\n&nbsp;\r\n<h2>Om till\u00e4mpligt:<\/h2>\r\nF\u00f6r priserna p\u00e5 v\u00e5r hemsida str\u00e4var vi efter den mest exakta representationen av verkligheten och de avsedda priserna. Fel som uppst\u00e5r och kan identifieras som programmerings- eller typfel \u00e4r inga sk\u00e4l f\u00f6r att kr\u00e4va eller godk\u00e4nna ett avtal eller avtal med Miastore.\r\n\r\nMiaustore str\u00e4var efter den mest aktuella hemsidan m\u00f6jligt. Om, trots dessa anstr\u00e4ngningar, informationen eller inneh\u00e5llet p\u00e5 denna webbplats \u00e4r ofullst\u00e4ndig och \/ eller felaktig, kan vi inte ta ansvar f\u00f6r det.\r\n\r\nInformationen och \/ eller produkterna p\u00e5 denna webbplats erbjuds utan garanti och \/ eller p\u00e5st\u00e5 exakthet. Vi f\u00f6rbeh\u00e5ller oss r\u00e4tten att \u00e4ndra, ta bort eller installera om dessa material utan f\u00f6reg\u00e5ende meddelande. Miaustore p\u00e5tar sig inget ansvar f\u00f6r information p\u00e5 webbplatser som vi refererar via hyperl\u00e4nkar.\r\n<br class=\"clear\" \/>Font\u00e4nens f\u00e4rgpigment blandas f\u00f6r hand, s\u00e5 det kan finnas sm\u00e5 f\u00e4rgskillnader j\u00e4mf\u00f6rt med v\u00e5rt foto p\u00e5 hemsidan. Vi erbjuder inga \u00e5terbetalningar om beg\u00e4ran beror p\u00e5 f\u00e4rgskillnader.\r\n\r\n&nbsp;\r\n<h2>\u00e4ndringar<\/h2>\r\nOm dessa villkor \u00e4ndras hittar du p\u00e5 den h\u00e4r sidan den senaste versionen av ansvarsfriskrivningen p\u00e5 https:\/\/www.miastore.com\/\r\n<h3><\/h3>\r\n<h3><span class=\"tlid-translation translation\" lang=\"sv\">F\u00e4rgskillnader<\/span><\/h3>\r\nVarje font\u00e4n \u00e4r gjord f\u00f6r hand, s\u00e5 det h\u00e4nder d\u00e5 och d\u00e5 att en font\u00e4n inte \u00e4r exakt samma f\u00e4rg som p\u00e5 v\u00e5r webbplats. Tyv\u00e4rr har vi inget inflytande p\u00e5 detta och vi ber om urs\u00e4kt. Var och en av v\u00e5ra font\u00e4ner \u00e4r unikt handgjorda. Font\u00e4nerna med m\u00f6nster som harlekin, galax och valn\u00f6t p\u00e5verkas s\u00e4rskilt av dessa oegentligheter.<br class=\"clear\" \/><br class=\"clear\" \/>\r\n\r\nUnder bakningsprocessen bakas inte en font\u00e4n som helhet.<br class=\"clear\" \/>Den keramiska blandningen h\u00e4lls i l\u00e4mpliga handgjorda formar f\u00f6r varje torn, den f\u00e5r sedan torka naturligt, efter det att en bel\u00e4ggning av keramisk glasyr appliceras och br\u00e4nns vid h\u00f6ga temperaturer.<br class=\"clear\" \/>Basen tillverkas i tv\u00e5 steg. F\u00f6rst h\u00e4lls blandningen i handgjorda formar och den bakas, i det andra steget formas baserna f\u00f6r hand tills \u00f6nskad form uppn\u00e5s och sedan glaseras och avfyras igen.<br class=\"clear\" \/><br class=\"clear\" \/>\r\n\r\nP\u00e5 grund av det dubbla steget avfyras baserna vid andra temperaturer \u00e4n tornen, eftersom det inte g\u00e5r att baka en font\u00e4n som helhet, ibland f\u00f6rekommer f\u00e4rgskillnader. Dessa beror p\u00e5 att tornen som ligger n\u00e4rmare ugnskanten f\u00e5r mer v\u00e4rme i ugnen och d\u00e4rf\u00f6r verkar lite ljusare \u00e4n resten av tornen.<br class=\"clear\" \/><br class=\"clear\" \/>\r\n\r\nN\u00e4r font\u00e4nen har monterats som en helhet kan det finnas en liten f\u00e4rgskillnad. Vi ber om urs\u00e4kt f\u00f6r eventuella besv\u00e4r. Du f\u00e5r en h\u00f6gkvalitativ produkt och en unik bit.<br class=\"clear\" \/><br class=\"clear\" \/>\r\n\r\nUt\u00f6ver detta blandas font\u00e4nf\u00e4rgpigmenten f\u00f6r hand s\u00e5 sm\u00e5 skillnader i f\u00e4rg kan uppst\u00e5. Vi ger inte \u00e5terbetalning om beg\u00e4ran beror p\u00e5 skillnader i f\u00e4rg.\r\n\r\n&nbsp;\r\n<h2>14 dagars returr\u00e4tt<\/h2>\r\n<br class=\"clear\" \/>Enligt EU-lagstiftningen har varje kund r\u00e4tt att \u00e5ngra sitt k\u00f6p inom 14 dagar efter mottagande av produkten.\r\n\r\nF\u00f6r att returr\u00e4tten ska g\u00e4lla m\u00e5ste produkten vara i samma skick som n\u00e4r du mottog den, och returneras i sin originalf\u00f6rpackning.\r\n\r\nF\u00f6r att returnera produkten, v\u00e4nligen kontakta support@miaustore.com.<br class=\"clear\" \/><br class=\"clear\" \/>\r\n\r\nDu f\u00e5r sj\u00e4lv st\u00e5 f\u00f6r returkostnaden.<br class=\"clear\" \/><br class=\"clear\" \/>\r\n<p style=\"text-align: center;\">V\u00e4nligen skicka den produkt som ska returneras till:<\/p>\r\n<p style=\"text-align: center;\"><b data-stringify-type=\"bold\">Miaustore.com<\/b>\r\nisklad e-fulfillment\r\nDia\u013eni\u010dn\u00e1 cesta 5, Hala D, gate 35\r\n90301 Senec\r\nSlovakia<\/p>\r\n&nbsp;\r\n<h2>1 \u00e5rs n\u00f6jdhetsgaranti<\/h2>\r\n<br class=\"clear\" \/><br class=\"clear\" \/>Du kan skicka tillbaka kattfont\u00e4nen inom ett \u00e5r och f\u00e5 pengarna tillbaka om katten inte dricker ur font\u00e4nen eller om du \u00e4r missn\u00f6jd av n\u00e5gon annan anledning. Produkten m\u00e5ste vara i samma skick som n\u00e4r du mottog den, och returneras i sin originalf\u00f6rpackning.\r\n\r\n<span class=\"VIiyi\" lang=\"sv\"><span class=\"JLqJ4b ChMk0b\" data-language-for-alternatives=\"sv\" data-language-to-translate-into=\"auto\" data-phrase-index=\"2\">Du kan kontakta support@miaustore.com<\/span><\/span><br class=\"clear\" \/><br class=\"clear\" \/>\r\n\r\n<span class=\"VIiyi\" lang=\"sv\"><span class=\"JLqJ4b ChMk0b\" data-language-for-alternatives=\"sv\" data-language-to-translate-into=\"auto\" data-phrase-index=\"4\">Returkostnaden betalas av k\u00f6paren.<\/span><\/span><br class=\"clear\" \/><br class=\"clear\" \/>\r\n\r\n&nbsp;\r\n\r\n<span class=\"VIiyi\" lang=\"sv\"><span class=\"JLqJ4b ChMk0b\" data-language-for-alternatives=\"sv\" data-language-to-translate-into=\"auto\" data-phrase-index=\"6\">Avst\u00e5 fr\u00e5n att skicka andra produkter \u00e4n k\u00e4llan till v\u00e5rt lager.<\/span> <span class=\"JLqJ4b ChMk0b\" data-language-for-alternatives=\"sv\" data-language-to-translate-into=\"auto\" data-phrase-index=\"7\">Om du returnerar andra produkter kan vi inte ta h\u00e4nsyn till dem och du kan beh\u00f6va betala hela returkostnaden om du vill att dessa produkter ska returneras till dig.<\/span><\/span>\r\n\r\n&nbsp;\r\n<p style=\"text-align: center;\">V\u00e4nligen skicka den produkt som ska returneras till:<br class=\"clear\" \/><b data-stringify-type=\"bold\">Miaustore.com<\/b>\r\nisklad e-fulfillment\r\nDia\u013eni\u010dn\u00e1 cesta 5, Hala D, gate 35\r\n90301 Senec\r\nSlovakia<\/p>\r\n<span class=\"VIiyi\" lang=\"sv\">\u00a0 <\/span><span class=\"VIiyi\" lang=\"sv\"><span class=\"JLqJ4b ChMk0b\" data-language-for-alternatives=\"sv\" data-language-to-translate-into=\"auto\" data-phrase-index=\"11\">* 2 \u00e5rs garanti t\u00e4cker skadade delar av pumpen genom att visa en bild av den trasiga delen.<\/span> <span class=\"JLqJ4b ChMk0b\" data-language-for-alternatives=\"sv\" data-language-to-translate-into=\"auto\" data-phrase-index=\"12\">Om en del g\u00e5r f\u00f6rlorad eller kastas \u00e4r det fortfarande m\u00f6jligt att k\u00f6pa reservdelar till pumpen p\u00e5 webbplatsen.<\/span><\/span>\r\n\r\n&nbsp;\r\n<h2>10 \u00e5rs garanti<\/h2>\r\n<span class=\"tlid-translation translation\" lang=\"sv\"><span class=\"\" title=\"\">Du kan ocks\u00e5 k\u00f6pa med en ut\u00f6kad garanti p\u00e5 10 \u00e5r med vattenfunktionen eller upp till 14 dagar efter k\u00f6pet.<\/span><\/span>\r\n\r\nOm du reklamerar ett fel p\u00e5 produkten kan du beh\u00f6va skicka ett foto av felet.<b data-stringify-type=\"bold\"><\/b><br class=\"clear\" \/><br class=\"clear\" \/>10-\u00e5rsgarantin g\u00e4ller endast en font\u00e4n. Om du inte skriftligen beg\u00e4r n\u00e5got annat, kommer garantin att g\u00e4lla den f\u00f6rsta (till\u00e4mpliga) font\u00e4nen. Om du har mer \u00e4n en font\u00e4n m\u00e5ste du k\u00f6pa separata 10-\u00e5rsgarantier.<br class=\"clear\" \/><br class=\"clear\" \/>\r\n\r\nFr\u00e5n ink\u00f6psdagen t\u00e4cker denna garanti gratis leverans till dig, inklusive f\u00f6ljande:<br class=\"clear\" \/>&#8211; En kattvattenbrunn<br class=\"clear\" \/>&#8211; Vattenpump<br class=\"clear\" \/>&#8211; Plasttopp, silikonanslutningsr\u00f6r och pumpanslutning<br class=\"clear\" \/>&#8211; USB-adapter<br class=\"clear\" \/><br class=\"clear\" \/>\r\n\r\nGarantin g\u00e4ller inte f\u00f6r:<br class=\"clear\" \/>&#8211; Keramiska frakturer efter 6 m\u00e5nader (samt inget utbyte mot keramiska frakturer som inte begr\u00e4nsar anv\u00e4ndningen av brunnen, t.ex. flisning, skador p\u00e5 keramiken, s\u00e5 kallade fl\u00e4ckar)<br class=\"clear\" \/>&#8211; Oaktsam eller avsiktlig skada p\u00e5:<br class=\"clear\" \/>Font\u00e4nen, vattenpump, plasttopp, silikonanslutningsr\u00f6r och pumpkontakt, USB-adapter<br class=\"clear\" \/>&#8211; Ytterligare produkter du har k\u00f6pt fr\u00e5n Miaustore.com<br class=\"clear\" \/>&#8211; Lagstadgade garantier<br class=\"clear\" \/>&#8211; F\u00e4rgbyte p\u00e5 grund av kalkavlagringar<br class=\"clear\" \/>&#8211; Vi byter inte ut pumpar som inte \u00f6ppnas och underh\u00e5lls i enlighet med v\u00e5ra pumpreng\u00f6ringsinstruktioner<br class=\"clear\" \/>&#8211; Graverad keramik. Om du vill gravera font\u00e4nen igen \u00e4r det n\u00f6dv\u00e4ndigt att betala extra.<br class=\"clear\" \/><br class=\"clear\" \/>\r\n\r\nEn \u00f6verl\u00e5telse av tio \u00e5rs garanti till tredje part \u00e4r utesluten.<br class=\"clear\" \/><br class=\"clear\" \/>\r\n\r\nAnv\u00e4ndning av filtrerat vatten kan hj\u00e4lpa till att bibeh\u00e5lla pumpen f\u00f6r maximal effektivitet. Ofiltrerat, kalkhaltigt vatten kan skada pumpmotorn och begr\u00e4nsa \u00e5rens anv\u00e4ndning.<br class=\"clear\" \/><br class=\"clear\" \/>\r\n<h2><strong>S\u00e4rskilda egenskaper hos handgjorda produkter<\/strong><\/h2>\r\nV\u00e5ra handgjorda produkter, s\u00e4rskilt keramik och glaserade f\u00f6rem\u00e5l, k\u00e4nnetecknas av sitt unika hantverk och individuella tillverkning. D\u00e4rf\u00f6r kan sm\u00e5 variationer i f\u00e4rg, form, storlek och textur f\u00f6rekomma, vilket \u00e4r en naturlig del av tillverkningsprocessen. S\u00e5dana produktionsrelaterade avvikelser, s\u00e5som sm\u00e5 oj\u00e4mnheter, f\u00e4rgskillnader eller mindre luftbubblor i glasyren, utg\u00f6r inga fel utan framh\u00e4ver snarare produktens unika karakt\u00e4r.\r\n\r\nDessa variationer utg\u00f6r inte sk\u00e4l f\u00f6r reklamation s\u00e5 l\u00e4nge de inte p\u00e5verkar produktens funktionalitet och ligger inom branschstandardens toleranser.\r\n<h2><span class=\"tlid-translation translation\" lang=\"sv\"><span title=\"\">Kalkvatten skadar pumpen<\/span><\/span><\/h2>\r\nKorrekt sk\u00f6tsel och reng\u00f6ring kan f\u00f6rhindra detta. Kranvatten \u00e4r kalkhaltigt. Vissa zoner \u00e4r mindre utsatta, andra \u00e4r mer belastade med kalk.<br class=\"clear\" \/>Om du anv\u00e4nder h\u00e5rt vatten f\u00f6r att starta font\u00e4nen kommer pumpen f\u00f6rr eller senare att sluta fungera eftersom utrymmet mellan pumpen och rotorn f\u00f6rkalkas. Vid denna tidpunkt rekommenderar vi uttryckligen att anv\u00e4nda stillast\u00e5ende vatten fr\u00e5n flaskan eller \u00e5tminstone filtrera kranvattnet i f\u00f6rv\u00e4g.<br class=\"clear\" \/>Du kan anv\u00e4nda vin\u00e4ger eller citron f\u00f6r att reng\u00f6ra pumpen och ta bort kalk och andra mineraler. Om pumpen har slutat fungera hj\u00e4lper <a href=\"https:\/\/miaustore.com\/se\/pumpunderhall.html\">dessa tips<\/a> att f\u00e5 pumpen att g\u00e5 igen (f\u00f6r svarta pumpar, v\u00e4nligen kontakta support@miaustore.com f\u00f6r ytterligare tips).","protected":false},"excerpt":{"rendered":"<p>Villkor f\u00f6r Miaustore &nbsp; Immateriell \u00e4gander\u00e4tt Anv\u00e4ndningen av informationen p\u00e5 denna webbplats \u00e4r gratis, s\u00e5 l\u00e4nge du inte kopierar, distribuerar eller p\u00e5 annat s\u00e4tt anv\u00e4nder eller missbrukar denna information. Du f\u00e5r endast \u00e5teranv\u00e4nda informationen p\u00e5 denna webbplats i enlighet med bindande lagens best\u00e4mmelser. Det \u00e4r inte till\u00e5tet att \u00e5teranv\u00e4nda text, bilder eller annat material p\u00e5 denna webbplats utan uttryckligt skriftligt &#8230; <\/p>\n<div><a href=\"https:\/\/miaustore.com\/se\/villkor.html\" class=\"more-link\">Read More<\/a><\/div>\n","protected":false},"author":1,"featured_media":0,"parent":0,"menu_order":0,"comment_status":"closed","ping_status":"closed","template":"template-blank-1.php","meta":{"_glsr_average":0,"_glsr_ranking":0,"_glsr_reviews":0,"footnotes":""},"class_list":["post-94","page","type-page","status-publish","hentry","no-post-thumbnail"],"yoast_head":"<!-- This site is optimized with the Yoast SEO Premium plugin v26.7 (Yoast SEO v26.7) - https:\/\/yoast.com\/wordpress\/plugins\/seo\/ -->\n<title>Villkor f\u00f6r Miaustore Comapny in Sweden - Ceramic Cat Water Fountain<\/title>\n<meta name=\"description\" content=\"P\u00e5 denna sida hittar du villkoren f\u00f6r https:\/\/www.miastore.com\/se som tillhandah\u00e5lls av Miaustore. I dessa villkor anger vi under vilken bokning vi...\" \/>\n<meta name=\"robots\" content=\"index, follow, max-snippet:-1, max-image-preview:large, max-video-preview:-1\" \/>\n<link rel=\"canonical\" href=\"https:\/\/miaustore.com\/se\/villkor.html\" \/>\n<meta property=\"og:locale\" content=\"sv_SE\" \/>\n<meta property=\"og:type\" content=\"article\" \/>\n<meta property=\"og:title\" content=\"Villkor\" \/>\n<meta property=\"og:description\" content=\"P\u00e5 denna sida hittar du villkoren f\u00f6r https:\/\/www.miastore.com\/se som tillhandah\u00e5lls av Miaustore. I dessa villkor anger vi under vilken bokning vi...\" \/>\n<meta property=\"og:url\" content=\"https:\/\/miaustore.com\/se\/villkor.html\" \/>\n<meta property=\"og:site_name\" content=\"Miaustore Sweden\" \/>\n<meta property=\"article:modified_time\" content=\"2024-09-12T14:35:04+00:00\" \/>\n<meta name=\"twitter:card\" content=\"summary_large_image\" \/>\n<meta name=\"twitter:label1\" content=\"Ber\u00e4knad l\u00e4stid\" \/>\n\t<meta name=\"twitter:data1\" content=\"6 minuter\" \/>\n<script type=\"application\/ld+json\" class=\"yoast-schema-graph\">{\"@context\":\"https:\/\/schema.org\",\"@graph\":[{\"@type\":\"WebPage\",\"@id\":\"https:\/\/miaustore.com\/se\/villkor.html\",\"url\":\"https:\/\/miaustore.com\/se\/villkor.html\",\"name\":\"Villkor f\u00f6r Miaustore Comapny in Sweden - Ceramic Cat Water Fountain\",\"isPartOf\":{\"@id\":\"https:\/\/miaustore.com\/se\/#website\"},\"datePublished\":\"2018-06-01T14:31:44+00:00\",\"dateModified\":\"2024-09-12T14:35:04+00:00\",\"description\":\"P\u00e5 denna sida hittar du villkoren f\u00f6r https:\/\/www.miastore.com\/se som tillhandah\u00e5lls av Miaustore. I dessa villkor anger vi under vilken bokning vi...\",\"breadcrumb\":{\"@id\":\"https:\/\/miaustore.com\/se\/villkor.html#breadcrumb\"},\"inLanguage\":\"sv-SE\",\"potentialAction\":[{\"@type\":\"ReadAction\",\"target\":[\"https:\/\/miaustore.com\/se\/villkor.html\"]}]},{\"@type\":\"BreadcrumbList\",\"@id\":\"https:\/\/miaustore.com\/se\/villkor.html#breadcrumb\",\"itemListElement\":[{\"@type\":\"ListItem\",\"position\":1,\"name\":\"Startseite\",\"item\":\"https:\/\/miaustore.com\/se\/\"},{\"@type\":\"ListItem\",\"position\":2,\"name\":\"Villkor\"}]},{\"@type\":\"WebSite\",\"@id\":\"https:\/\/miaustore.com\/se\/#website\",\"url\":\"https:\/\/miaustore.com\/se\/\",\"name\":\"Miaustore Sweden\",\"description\":\"Keramisk kattvattenfont\u00e4n\",\"potentialAction\":[{\"@type\":\"SearchAction\",\"target\":{\"@type\":\"EntryPoint\",\"urlTemplate\":\"https:\/\/miaustore.com\/se\/?s={search_term_string}\"},\"query-input\":{\"@type\":\"PropertyValueSpecification\",\"valueRequired\":true,\"valueName\":\"search_term_string\"}}],\"inLanguage\":\"sv-SE\"}]}<\/script>\n<!-- \/ Yoast SEO Premium plugin. -->","yoast_head_json":{"title":"Villkor f\u00f6r Miaustore Comapny in Sweden - Ceramic Cat Water Fountain","description":"P\u00e5 denna sida hittar du villkoren f\u00f6r https:\/\/www.miastore.com\/se som tillhandah\u00e5lls av Miaustore. I dessa villkor anger vi under vilken bokning vi...","robots":{"index":"index","follow":"follow","max-snippet":"max-snippet:-1","max-image-preview":"max-image-preview:large","max-video-preview":"max-video-preview:-1"},"canonical":"https:\/\/miaustore.com\/se\/villkor.html","og_locale":"sv_SE","og_type":"article","og_title":"Villkor","og_description":"P\u00e5 denna sida hittar du villkoren f\u00f6r https:\/\/www.miastore.com\/se som tillhandah\u00e5lls av Miaustore. I dessa villkor anger vi under vilken bokning vi...","og_url":"https:\/\/miaustore.com\/se\/villkor.html","og_site_name":"Miaustore Sweden","article_modified_time":"2024-09-12T14:35:04+00:00","twitter_card":"summary_large_image","twitter_misc":{"Ber\u00e4knad l\u00e4stid":"6 minuter"},"schema":{"@context":"https:\/\/schema.org","@graph":[{"@type":"WebPage","@id":"https:\/\/miaustore.com\/se\/villkor.html","url":"https:\/\/miaustore.com\/se\/villkor.html","name":"Villkor f\u00f6r Miaustore Comapny in Sweden - Ceramic Cat Water Fountain","isPartOf":{"@id":"https:\/\/miaustore.com\/se\/#website"},"datePublished":"2018-06-01T14:31:44+00:00","dateModified":"2024-09-12T14:35:04+00:00","description":"P\u00e5 denna sida hittar du villkoren f\u00f6r https:\/\/www.miastore.com\/se som tillhandah\u00e5lls av Miaustore. I dessa villkor anger vi under vilken bokning vi...","breadcrumb":{"@id":"https:\/\/miaustore.com\/se\/villkor.html#breadcrumb"},"inLanguage":"sv-SE","potentialAction":[{"@type":"ReadAction","target":["https:\/\/miaustore.com\/se\/villkor.html"]}]},{"@type":"BreadcrumbList","@id":"https:\/\/miaustore.com\/se\/villkor.html#breadcrumb","itemListElement":[{"@type":"ListItem","position":1,"name":"Startseite","item":"https:\/\/miaustore.com\/se\/"},{"@type":"ListItem","position":2,"name":"Villkor"}]},{"@type":"WebSite","@id":"https:\/\/miaustore.com\/se\/#website","url":"https:\/\/miaustore.com\/se\/","name":"Miaustore Sweden","description":"Keramisk kattvattenfont\u00e4n","potentialAction":[{"@type":"SearchAction","target":{"@type":"EntryPoint","urlTemplate":"https:\/\/miaustore.com\/se\/?s={search_term_string}"},"query-input":{"@type":"PropertyValueSpecification","valueRequired":true,"valueName":"search_term_string"}}],"inLanguage":"sv-SE"}]}},"_links":{"self":[{"href":"https:\/\/miaustore.com\/se\/wp-json\/wp\/v2\/pages\/94","targetHints":{"allow":["GET"]}}],"collection":[{"href":"https:\/\/miaustore.com\/se\/wp-json\/wp\/v2\/pages"}],"about":[{"href":"https:\/\/miaustore.com\/se\/wp-json\/wp\/v2\/types\/page"}],"author":[{"embeddable":true,"href":"https:\/\/miaustore.com\/se\/wp-json\/wp\/v2\/users\/1"}],"replies":[{"embeddable":true,"href":"https:\/\/miaustore.com\/se\/wp-json\/wp\/v2\/comments?post=94"}],"version-history":[{"count":0,"href":"https:\/\/miaustore.com\/se\/wp-json\/wp\/v2\/pages\/94\/revisions"}],"wp:attachment":[{"href":"https:\/\/miaustore.com\/se\/wp-json\/wp\/v2\/media?parent=94"}],"curies":[{"name":"wp","href":"https:\/\/api.w.org\/{rel}","templated":true}]}}