{"id":96,"date":"2018-06-01T16:32:29","date_gmt":"2018-06-01T14:32:29","guid":{"rendered":"https:\/\/miaustore.com\/se\/?page_id=96"},"modified":"2023-03-14T13:16:16","modified_gmt":"2023-03-14T12:16:16","slug":"kontakt","status":"publish","type":"page","link":"https:\/\/miaustore.com\/se\/kontakt.html","title":{"rendered":"Kontakta oss"},"content":{"rendered":"<strong>V\u00c4LJ INTE H\u00c4R F\u00d6R ATT KONTAKTA OSS OM FR\u00c5GOR DROPPAR.<\/strong><br class=\"\u201cclear\u201d\" \/><\/br><\/br>\r\n\r\n<strong>Customer service:<\/strong><\/br>\r\nsupport@miaustore.com<\/br><\/br>\r\n\r\n<strong>Partners, affiliates och best\u00e4ller stora m\u00e4ngder:<\/strong><\/br>\r\nbusiness@miaustore.com<\/br><\/br>\r\n\r\n<strong>lageradress:<\/strong><\/br>\r\n\r\nMiaustore.com<br>\r\nisklad e-fulfillment<br>\r\nDia\u013eni\u010dn\u00e1 cesta 5, Hala D, gate 35<br>\r\n90301 Senec<br>\r\nSlovakia<\/br><\/br>\r\n\r\n<br class=\"\u201cclear\u201d\" \/><br class=\"clear\" \/><br class=\"clear\" \/><strong>Pump klagom\u00e5l<\/strong><br class=\"clear\" \/>Innan du kontaktar oss om en pump klagom\u00e5l, l\u00e4s f\u00f6ljande manual &#8221;<a href=\"https:\/\/miaustore.com\/se\/pumpunderhall.html\">Miaustore anv\u00e4ndning och underh\u00e5ll<\/a>&#8221;. F\u00f6r det mesta \u00e4r k\u00e4llan till felet i felaktig hantering av pumpreng\u00f6ring och avkalkning. Detta kan leda till att pumpen blockerar och d\u00e4rf\u00f6r inte fungerar som den ska.","protected":false},"excerpt":{"rendered":"<p>V\u00c4LJ INTE H\u00c4R F\u00d6R ATT KONTAKTA OSS OM FR\u00c5GOR DROPPAR. Customer service: support@miaustore.com Partners, affiliates och best\u00e4ller stora m\u00e4ngder: business@miaustore.com lageradress: Miaustore.com isklad e-fulfillment Dia\u013eni\u010dn\u00e1 cesta 5, Hala D, gate 35 90301 Senec Slovakia Pump klagom\u00e5lInnan du kontaktar oss om en pump klagom\u00e5l, l\u00e4s f\u00f6ljande manual &#8221;Miaustore anv\u00e4ndning och underh\u00e5ll&#8221;. F\u00f6r det mesta \u00e4r k\u00e4llan till felet i felaktig hantering &#8230; <\/p>\n<div><a href=\"https:\/\/miaustore.com\/se\/kontakt.html\" class=\"more-link\">Read More<\/a><\/div>\n","protected":false},"author":1,"featured_media":0,"parent":0,"menu_order":0,"comment_status":"closed","ping_status":"closed","template":"","meta":{"_glsr_average":0,"_glsr_ranking":0,"_glsr_reviews":0,"footnotes":""},"class_list":["post-96","page","type-page","status-publish","hentry","no-post-thumbnail"],"yoast_head":"<!-- This site is optimized with the Yoast SEO Premium plugin v26.7 (Yoast SEO v26.7) - https:\/\/yoast.com\/wordpress\/plugins\/seo\/ -->\n<title>Kontakta oss - Miaustore Sweden Keramisk kattfont\u00e4n<\/title>\n<meta name=\"description\" content=\"Kontakta oss om du har fr\u00e5gor. Vi kommer att g\u00f6ra v\u00e5rt b\u00e4sta f\u00f6r att hj\u00e4lpa dig och besvara dina fr\u00e5gor. Customer service: support@miaustore.com\" \/>\n<meta name=\"robots\" content=\"index, follow, max-snippet:-1, max-image-preview:large, max-video-preview:-1\" \/>\n<link rel=\"canonical\" href=\"https:\/\/miaustore.com\/se\/kontakt.html\" \/>\n<meta property=\"og:locale\" content=\"sv_SE\" \/>\n<meta property=\"og:type\" content=\"article\" \/>\n<meta property=\"og:title\" content=\"Kontakta oss\" \/>\n<meta property=\"og:description\" content=\"Kontakta oss om du har fr\u00e5gor. Vi kommer att g\u00f6ra v\u00e5rt b\u00e4sta f\u00f6r att hj\u00e4lpa dig och besvara dina fr\u00e5gor. Customer service: support@miaustore.com\" \/>\n<meta property=\"og:url\" content=\"https:\/\/miaustore.com\/se\/kontakt.html\" \/>\n<meta property=\"og:site_name\" content=\"Miaustore Sweden\" \/>\n<meta property=\"article:modified_time\" content=\"2023-03-14T12:16:16+00:00\" \/>\n<meta name=\"twitter:card\" content=\"summary_large_image\" \/>\n<meta name=\"twitter:label1\" content=\"Ber\u00e4knad l\u00e4stid\" \/>\n\t<meta name=\"twitter:data1\" content=\"1 minut\" \/>\n<script type=\"application\/ld+json\" class=\"yoast-schema-graph\">{\"@context\":\"https:\/\/schema.org\",\"@graph\":[{\"@type\":\"WebPage\",\"@id\":\"https:\/\/miaustore.com\/se\/kontakt.html\",\"url\":\"https:\/\/miaustore.com\/se\/kontakt.html\",\"name\":\"Kontakta oss - Miaustore Sweden Keramisk kattfont\u00e4n\",\"isPartOf\":{\"@id\":\"https:\/\/miaustore.com\/se\/#website\"},\"datePublished\":\"2018-06-01T14:32:29+00:00\",\"dateModified\":\"2023-03-14T12:16:16+00:00\",\"description\":\"Kontakta oss om du har fr\u00e5gor. Vi kommer att g\u00f6ra v\u00e5rt b\u00e4sta f\u00f6r att hj\u00e4lpa dig och besvara dina fr\u00e5gor. Customer service: support@miaustore.com\",\"breadcrumb\":{\"@id\":\"https:\/\/miaustore.com\/se\/kontakt.html#breadcrumb\"},\"inLanguage\":\"sv-SE\",\"potentialAction\":[{\"@type\":\"ReadAction\",\"target\":[\"https:\/\/miaustore.com\/se\/kontakt.html\"]}]},{\"@type\":\"BreadcrumbList\",\"@id\":\"https:\/\/miaustore.com\/se\/kontakt.html#breadcrumb\",\"itemListElement\":[{\"@type\":\"ListItem\",\"position\":1,\"name\":\"Startseite\",\"item\":\"https:\/\/miaustore.com\/se\/\"},{\"@type\":\"ListItem\",\"position\":2,\"name\":\"Kontakta oss\"}]},{\"@type\":\"WebSite\",\"@id\":\"https:\/\/miaustore.com\/se\/#website\",\"url\":\"https:\/\/miaustore.com\/se\/\",\"name\":\"Miaustore Sweden\",\"description\":\"Keramisk kattvattenfont\u00e4n\",\"potentialAction\":[{\"@type\":\"SearchAction\",\"target\":{\"@type\":\"EntryPoint\",\"urlTemplate\":\"https:\/\/miaustore.com\/se\/?s={search_term_string}\"},\"query-input\":{\"@type\":\"PropertyValueSpecification\",\"valueRequired\":true,\"valueName\":\"search_term_string\"}}],\"inLanguage\":\"sv-SE\"}]}<\/script>\n<!-- \/ Yoast SEO Premium plugin. -->","yoast_head_json":{"title":"Kontakta oss - Miaustore Sweden Keramisk kattfont\u00e4n","description":"Kontakta oss om du har fr\u00e5gor. Vi kommer att g\u00f6ra v\u00e5rt b\u00e4sta f\u00f6r att hj\u00e4lpa dig och besvara dina fr\u00e5gor. Customer service: support@miaustore.com","robots":{"index":"index","follow":"follow","max-snippet":"max-snippet:-1","max-image-preview":"max-image-preview:large","max-video-preview":"max-video-preview:-1"},"canonical":"https:\/\/miaustore.com\/se\/kontakt.html","og_locale":"sv_SE","og_type":"article","og_title":"Kontakta oss","og_description":"Kontakta oss om du har fr\u00e5gor. Vi kommer att g\u00f6ra v\u00e5rt b\u00e4sta f\u00f6r att hj\u00e4lpa dig och besvara dina fr\u00e5gor. Customer service: support@miaustore.com","og_url":"https:\/\/miaustore.com\/se\/kontakt.html","og_site_name":"Miaustore Sweden","article_modified_time":"2023-03-14T12:16:16+00:00","twitter_card":"summary_large_image","twitter_misc":{"Ber\u00e4knad l\u00e4stid":"1 minut"},"schema":{"@context":"https:\/\/schema.org","@graph":[{"@type":"WebPage","@id":"https:\/\/miaustore.com\/se\/kontakt.html","url":"https:\/\/miaustore.com\/se\/kontakt.html","name":"Kontakta oss - Miaustore Sweden Keramisk kattfont\u00e4n","isPartOf":{"@id":"https:\/\/miaustore.com\/se\/#website"},"datePublished":"2018-06-01T14:32:29+00:00","dateModified":"2023-03-14T12:16:16+00:00","description":"Kontakta oss om du har fr\u00e5gor. Vi kommer att g\u00f6ra v\u00e5rt b\u00e4sta f\u00f6r att hj\u00e4lpa dig och besvara dina fr\u00e5gor. Customer service: support@miaustore.com","breadcrumb":{"@id":"https:\/\/miaustore.com\/se\/kontakt.html#breadcrumb"},"inLanguage":"sv-SE","potentialAction":[{"@type":"ReadAction","target":["https:\/\/miaustore.com\/se\/kontakt.html"]}]},{"@type":"BreadcrumbList","@id":"https:\/\/miaustore.com\/se\/kontakt.html#breadcrumb","itemListElement":[{"@type":"ListItem","position":1,"name":"Startseite","item":"https:\/\/miaustore.com\/se\/"},{"@type":"ListItem","position":2,"name":"Kontakta oss"}]},{"@type":"WebSite","@id":"https:\/\/miaustore.com\/se\/#website","url":"https:\/\/miaustore.com\/se\/","name":"Miaustore Sweden","description":"Keramisk kattvattenfont\u00e4n","potentialAction":[{"@type":"SearchAction","target":{"@type":"EntryPoint","urlTemplate":"https:\/\/miaustore.com\/se\/?s={search_term_string}"},"query-input":{"@type":"PropertyValueSpecification","valueRequired":true,"valueName":"search_term_string"}}],"inLanguage":"sv-SE"}]}},"_links":{"self":[{"href":"https:\/\/miaustore.com\/se\/wp-json\/wp\/v2\/pages\/96","targetHints":{"allow":["GET"]}}],"collection":[{"href":"https:\/\/miaustore.com\/se\/wp-json\/wp\/v2\/pages"}],"about":[{"href":"https:\/\/miaustore.com\/se\/wp-json\/wp\/v2\/types\/page"}],"author":[{"embeddable":true,"href":"https:\/\/miaustore.com\/se\/wp-json\/wp\/v2\/users\/1"}],"replies":[{"embeddable":true,"href":"https:\/\/miaustore.com\/se\/wp-json\/wp\/v2\/comments?post=96"}],"version-history":[{"count":0,"href":"https:\/\/miaustore.com\/se\/wp-json\/wp\/v2\/pages\/96\/revisions"}],"wp:attachment":[{"href":"https:\/\/miaustore.com\/se\/wp-json\/wp\/v2\/media?parent=96"}],"curies":[{"name":"wp","href":"https:\/\/api.w.org\/{rel}","templated":true}]}}