{"id":98,"date":"2018-06-01T16:34:38","date_gmt":"2018-06-01T14:34:38","guid":{"rendered":"https:\/\/miaustore.com\/se\/?page_id=98"},"modified":"2023-06-02T11:43:37","modified_gmt":"2023-06-02T09:43:37","slug":"om-oss","status":"publish","type":"page","link":"https:\/\/miaustore.com\/se\/om-oss.html","title":{"rendered":"Om oss"},"content":{"rendered":"\t\t<div data-elementor-type=\"wp-page\" data-elementor-id=\"98\" class=\"elementor elementor-98\" data-elementor-post-type=\"page\">\n\t\t\t\t\t\t<section class=\"elementor-section elementor-top-section elementor-element elementor-element-554129a elementor-section-boxed elementor-section-height-default elementor-section-height-default\" data-id=\"554129a\" data-element_type=\"section\">\n\t\t\t\t\t\t<div class=\"elementor-container elementor-column-gap-default\">\n\t\t\t\t\t<div class=\"elementor-column elementor-col-100 elementor-top-column elementor-element elementor-element-b948c45\" data-id=\"b948c45\" data-element_type=\"column\">\n\t\t\t<div class=\"elementor-widget-wrap elementor-element-populated\">\n\t\t\t\t\t\t<div class=\"elementor-element elementor-element-4d8f934 elementor-widget elementor-widget-text-editor\" data-id=\"4d8f934\" data-element_type=\"widget\" data-widget_type=\"text-editor.default\">\n\t\t\t\t<div class=\"elementor-widget-container\">\n\t\t\t\t\t\t\t\t\t<h1>V\u00e5rt f\u00f6retag<\/h1>\n<p>Kreativa, innovativa kattprodukter f\u00f6r att f\u00f6rb\u00e4ttra ditt husdjurs h\u00e4lsa och livskvalitet.<br><br>P\u00e5 Miaustore tror vi p\u00e5 att f\u00f6rb\u00e4ttra livet f\u00f6r katter och deras \u00e4gare genom v\u00e4l unders\u00f6kta, handgjorda kattprodukter.<br><br>V\u00e5r huvudprodukt \u00e4r kattfont\u00e4nen, fr\u00e4mst gjord av er, kunderna! Genom marknadsunders\u00f6kningar, kundrecensioner och med hj\u00e4lp av ingenj\u00f6rer fr\u00e5n hela v\u00e4rlden kunde vi skapa en kattfont\u00e4n som inte har n\u00e5gra av konkurrenternas problem som en bullrig pump etc. samtidigt som vi beh\u00e5ller alla f\u00f6rdelar av font\u00e4nerna.<br><br>V\u00e5rt m\u00e5l \u00e4r att st\u00e4ndigt lyssna p\u00e5 katter och \u00e4gare och erbjuda dem de produkter de vill ha, av b\u00e4sta m\u00f6jliga kvalitet, till b\u00e4sta pris.<br><\/p>\n<h2>\u00c4garinformation<\/h2>\n<p><br><\/p>\n<p><strong>F\u00f6retags\u00e4gare (UBO):<\/strong>&nbsp;Chen Yongju<br><strong>F\u00f6retagets namn:<\/strong>&nbsp;Miaustore EU Webshop Limited<br><strong>F\u00f6retagets adress<\/strong>: Rum 1902, Easey Commercial Building, 253-261 Hennessy Road, Wan Chai, Hong Kong<br><strong>F\u00f6retagslicensnummer:<\/strong>&nbsp;3220155<br><strong>E-post:&nbsp;<\/strong>Miaustore699@outlook.com<br><strong>Tel:<\/strong>&nbsp;(+852) 57481890 (endast text)<\/p>\n<h2>Returpolicy<\/h2>\n<p>Sedan den 1 november 2018 erbjuder Miaustore sina kunder 1 \u00e5rs acceptgaranti. Om font\u00e4nen inte accepteras av katten eller om n\u00e5got av l\u00f6ftena fr\u00e5n Miaustore inte uppfylls (enkel reng\u00f6ring, h\u00f6g kvalitet, enkel p\u00e5fyllning, s\u00e4kerhet etc.) kan k\u00f6paren returnera font\u00e4nen inom 1-\u00e5rsperioden och f\u00e5 tillbaka k\u00f6peskillingen som betalats f\u00f6r font\u00e4nen. Font\u00e4nen m\u00e5ste vara i intakt skick f\u00f6r att g\u00f6ra anspr\u00e5k p\u00e5 1-\u00e5rs garanti.<br><br>V\u00e4nligen avst\u00e5 fr\u00e5n att returnera andra produkter \u00e4n kattfont\u00e4nen. Om du returnerar fler produkter kan vi inte ta h\u00e4nsyn till dem och du kan beh\u00f6va betala hela returkostnaderna om du vill f\u00e5 dina produkter returnerade. Vi ber om din f\u00f6rst\u00e5else f\u00f6r att vi inte kan \u00e5terbetala personliga produkter som gravyr.<br><br>Alla icke-font\u00e4nprodukter kan returneras inom 14 dagar.<br><br>Du ska st\u00e5 f\u00f6r de direkta kostnaderna f\u00f6r att returnera varorna. Kontakta oss innan du returnerar varorna.<br><\/p>\n<h5 style=\"text-align: center;\"><strong>Font\u00e4nen m\u00e5ste returneras till f\u00f6ljande adress:<\/strong><\/h5>\n<p style=\"text-align: center;\">Miaustore.com<\/p>\n<p><br><\/p>\n<p style=\"text-align: center;\">isklad e-fulfillment Dia\u013eni\u010dn\u00e1 cesta 5, Hala D, gate 35 90301 Senec Slovakia<\/p>\n<p>,<\/p>\t\t\t\t\t\t\t\t<\/div>\n\t\t\t\t<\/div>\n\t\t\t\t\t<\/div>\n\t\t<\/div>\n\t\t\t\t\t<\/div>\n\t\t<\/section>\n\t\t\t\t<\/div>\n\t\t","protected":false},"excerpt":{"rendered":"<p>V\u00e5rt f\u00f6retag Kreativa, innovativa kattprodukter f\u00f6r att f\u00f6rb\u00e4ttra ditt husdjurs h\u00e4lsa och livskvalitet.P\u00e5 Miaustore tror vi p\u00e5 att f\u00f6rb\u00e4ttra livet f\u00f6r katter och deras \u00e4gare genom v\u00e4l unders\u00f6kta, handgjorda kattprodukter.V\u00e5r huvudprodukt \u00e4r kattfont\u00e4nen, fr\u00e4mst gjord av er, kunderna! Genom marknadsunders\u00f6kningar, kundrecensioner och med hj\u00e4lp av ingenj\u00f6rer fr\u00e5n hela v\u00e4rlden kunde vi skapa en kattfont\u00e4n som inte har n\u00e5gra av konkurrenternas &#8230; <\/p>\n<div><a href=\"https:\/\/miaustore.com\/se\/om-oss.html\" class=\"more-link\">Read More<\/a><\/div>\n","protected":false},"author":1,"featured_media":0,"parent":0,"menu_order":0,"comment_status":"closed","ping_status":"closed","template":"elementor_header_footer","meta":{"_glsr_average":0,"_glsr_ranking":0,"_glsr_reviews":0,"footnotes":""},"class_list":["post-98","page","type-page","status-publish","hentry","no-post-thumbnail"],"yoast_head":"<!-- This site is optimized with the Yoast SEO Premium plugin v26.7 (Yoast SEO v26.7) - https:\/\/yoast.com\/wordpress\/plugins\/seo\/ -->\n<title>Om oss - Miaustore Sweden Ceramic Cat Water Fountain<\/title>\n<meta name=\"description\" content=\"V\u00e5rt f\u00f6retag Kreativa, innovativa kattprodukter f\u00f6r att f\u00f6rb\u00e4ttra ditt husdjurs h\u00e4lsa och livskvalitet Miaustore tror p\u00e5 att f\u00f6rb\u00e4ttra katternas och...\" \/>\n<meta name=\"robots\" content=\"index, follow, max-snippet:-1, max-image-preview:large, max-video-preview:-1\" \/>\n<link rel=\"canonical\" href=\"https:\/\/miaustore.com\/se\/om-oss.html\" \/>\n<meta property=\"og:locale\" content=\"sv_SE\" \/>\n<meta property=\"og:type\" content=\"article\" \/>\n<meta property=\"og:title\" content=\"Om oss\" \/>\n<meta property=\"og:description\" content=\"V\u00e5rt f\u00f6retag Kreativa, innovativa kattprodukter f\u00f6r att f\u00f6rb\u00e4ttra ditt husdjurs h\u00e4lsa och livskvalitet Miaustore tror p\u00e5 att f\u00f6rb\u00e4ttra katternas och...\" \/>\n<meta property=\"og:url\" content=\"https:\/\/miaustore.com\/se\/om-oss.html\" \/>\n<meta property=\"og:site_name\" content=\"Miaustore Sweden\" \/>\n<meta property=\"article:modified_time\" content=\"2023-06-02T09:43:37+00:00\" \/>\n<meta name=\"twitter:card\" content=\"summary_large_image\" \/>\n<meta name=\"twitter:label1\" content=\"Ber\u00e4knad l\u00e4stid\" \/>\n\t<meta name=\"twitter:data1\" content=\"2 minuter\" \/>\n<script type=\"application\/ld+json\" class=\"yoast-schema-graph\">{\"@context\":\"https:\/\/schema.org\",\"@graph\":[{\"@type\":\"WebPage\",\"@id\":\"https:\/\/miaustore.com\/se\/om-oss.html\",\"url\":\"https:\/\/miaustore.com\/se\/om-oss.html\",\"name\":\"Om oss - Miaustore Sweden Ceramic Cat Water Fountain\",\"isPartOf\":{\"@id\":\"https:\/\/miaustore.com\/se\/#website\"},\"datePublished\":\"2018-06-01T14:34:38+00:00\",\"dateModified\":\"2023-06-02T09:43:37+00:00\",\"description\":\"V\u00e5rt f\u00f6retag Kreativa, innovativa kattprodukter f\u00f6r att f\u00f6rb\u00e4ttra ditt husdjurs h\u00e4lsa och livskvalitet Miaustore tror p\u00e5 att f\u00f6rb\u00e4ttra katternas och...\",\"breadcrumb\":{\"@id\":\"https:\/\/miaustore.com\/se\/om-oss.html#breadcrumb\"},\"inLanguage\":\"sv-SE\",\"potentialAction\":[{\"@type\":\"ReadAction\",\"target\":[\"https:\/\/miaustore.com\/se\/om-oss.html\"]}]},{\"@type\":\"BreadcrumbList\",\"@id\":\"https:\/\/miaustore.com\/se\/om-oss.html#breadcrumb\",\"itemListElement\":[{\"@type\":\"ListItem\",\"position\":1,\"name\":\"Startseite\",\"item\":\"https:\/\/miaustore.com\/se\/\"},{\"@type\":\"ListItem\",\"position\":2,\"name\":\"Om oss\"}]},{\"@type\":\"WebSite\",\"@id\":\"https:\/\/miaustore.com\/se\/#website\",\"url\":\"https:\/\/miaustore.com\/se\/\",\"name\":\"Miaustore Sweden\",\"description\":\"Keramisk kattvattenfont\u00e4n\",\"potentialAction\":[{\"@type\":\"SearchAction\",\"target\":{\"@type\":\"EntryPoint\",\"urlTemplate\":\"https:\/\/miaustore.com\/se\/?s={search_term_string}\"},\"query-input\":{\"@type\":\"PropertyValueSpecification\",\"valueRequired\":true,\"valueName\":\"search_term_string\"}}],\"inLanguage\":\"sv-SE\"}]}<\/script>\n<!-- \/ Yoast SEO Premium plugin. -->","yoast_head_json":{"title":"Om oss - Miaustore Sweden Ceramic Cat Water Fountain","description":"V\u00e5rt f\u00f6retag Kreativa, innovativa kattprodukter f\u00f6r att f\u00f6rb\u00e4ttra ditt husdjurs h\u00e4lsa och livskvalitet Miaustore tror p\u00e5 att f\u00f6rb\u00e4ttra katternas och...","robots":{"index":"index","follow":"follow","max-snippet":"max-snippet:-1","max-image-preview":"max-image-preview:large","max-video-preview":"max-video-preview:-1"},"canonical":"https:\/\/miaustore.com\/se\/om-oss.html","og_locale":"sv_SE","og_type":"article","og_title":"Om oss","og_description":"V\u00e5rt f\u00f6retag Kreativa, innovativa kattprodukter f\u00f6r att f\u00f6rb\u00e4ttra ditt husdjurs h\u00e4lsa och livskvalitet Miaustore tror p\u00e5 att f\u00f6rb\u00e4ttra katternas och...","og_url":"https:\/\/miaustore.com\/se\/om-oss.html","og_site_name":"Miaustore Sweden","article_modified_time":"2023-06-02T09:43:37+00:00","twitter_card":"summary_large_image","twitter_misc":{"Ber\u00e4knad l\u00e4stid":"2 minuter"},"schema":{"@context":"https:\/\/schema.org","@graph":[{"@type":"WebPage","@id":"https:\/\/miaustore.com\/se\/om-oss.html","url":"https:\/\/miaustore.com\/se\/om-oss.html","name":"Om oss - Miaustore Sweden Ceramic Cat Water Fountain","isPartOf":{"@id":"https:\/\/miaustore.com\/se\/#website"},"datePublished":"2018-06-01T14:34:38+00:00","dateModified":"2023-06-02T09:43:37+00:00","description":"V\u00e5rt f\u00f6retag Kreativa, innovativa kattprodukter f\u00f6r att f\u00f6rb\u00e4ttra ditt husdjurs h\u00e4lsa och livskvalitet Miaustore tror p\u00e5 att f\u00f6rb\u00e4ttra katternas och...","breadcrumb":{"@id":"https:\/\/miaustore.com\/se\/om-oss.html#breadcrumb"},"inLanguage":"sv-SE","potentialAction":[{"@type":"ReadAction","target":["https:\/\/miaustore.com\/se\/om-oss.html"]}]},{"@type":"BreadcrumbList","@id":"https:\/\/miaustore.com\/se\/om-oss.html#breadcrumb","itemListElement":[{"@type":"ListItem","position":1,"name":"Startseite","item":"https:\/\/miaustore.com\/se\/"},{"@type":"ListItem","position":2,"name":"Om oss"}]},{"@type":"WebSite","@id":"https:\/\/miaustore.com\/se\/#website","url":"https:\/\/miaustore.com\/se\/","name":"Miaustore Sweden","description":"Keramisk kattvattenfont\u00e4n","potentialAction":[{"@type":"SearchAction","target":{"@type":"EntryPoint","urlTemplate":"https:\/\/miaustore.com\/se\/?s={search_term_string}"},"query-input":{"@type":"PropertyValueSpecification","valueRequired":true,"valueName":"search_term_string"}}],"inLanguage":"sv-SE"}]}},"_links":{"self":[{"href":"https:\/\/miaustore.com\/se\/wp-json\/wp\/v2\/pages\/98","targetHints":{"allow":["GET"]}}],"collection":[{"href":"https:\/\/miaustore.com\/se\/wp-json\/wp\/v2\/pages"}],"about":[{"href":"https:\/\/miaustore.com\/se\/wp-json\/wp\/v2\/types\/page"}],"author":[{"embeddable":true,"href":"https:\/\/miaustore.com\/se\/wp-json\/wp\/v2\/users\/1"}],"replies":[{"embeddable":true,"href":"https:\/\/miaustore.com\/se\/wp-json\/wp\/v2\/comments?post=98"}],"version-history":[{"count":0,"href":"https:\/\/miaustore.com\/se\/wp-json\/wp\/v2\/pages\/98\/revisions"}],"wp:attachment":[{"href":"https:\/\/miaustore.com\/se\/wp-json\/wp\/v2\/media?parent=98"}],"curies":[{"name":"wp","href":"https:\/\/api.w.org\/{rel}","templated":true}]}}