{"id":75760,"date":"2022-06-15T21:32:43","date_gmt":"2022-06-15T19:32:43","guid":{"rendered":"https:\/\/miaustore.com\/se\/?post_type=product&#038;p=75760"},"modified":"2022-08-05T13:25:37","modified_gmt":"2022-08-05T11:25:37","slug":"langsam-matare-ljusbla","status":"publish","type":"product","link":"https:\/\/miaustore.com\/se\/produkt\/langsam-matare-ljusbla\/","title":{"rendered":"Sk\u00e5l l\u00e5ngsam matare &#8211; Ljusbl\u00e5"},"content":{"rendered":"","protected":false},"excerpt":{"rendered":"","protected":false},"featured_media":0,"comment_status":"closed","ping_status":"closed","template":"","meta":{"_glsr_average":0,"_glsr_ranking":0,"_glsr_reviews":0},"product_brand":[],"product_cat":[49],"product_tag":[],"class_list":{"0":"post-75760","1":"product","2":"type-product","3":"status-publish","5":"product_cat-slow-feeder","6":"product_shipping_class-kr76","7":"no-post-thumbnail","9":"first","10":"instock","11":"taxable","12":"shipping-taxable","13":"purchasable","14":"product-type-simple"},"bundled_by":[],"bundle_stock_status":"instock","bundle_stock_quantity":null,"bundle_virtual":false,"bundle_layout":"","bundle_add_to_cart_form_location":"","bundle_editable_in_cart":false,"bundle_sold_individually_context":"","bundle_item_grouping":"","bundle_min_size":"","bundle_max_size":"","bundle_price":[],"bundled_items":[],"bundle_sell_ids":[],"yoast_head":"<!-- This site is optimized with the Yoast SEO Premium plugin v26.7 (Yoast SEO v26.7) - https:\/\/yoast.com\/wordpress\/plugins\/seo\/ -->\n<title>Sk\u00e5l l\u00e5ngsam matare - Ljusbl\u00e5 - Miaustore Sweden<\/title>\n<meta name=\"robots\" content=\"index, follow, max-snippet:-1, max-image-preview:large, max-video-preview:-1\" \/>\n<link rel=\"canonical\" href=\"https:\/\/miaustore.com\/se\/produkt\/langsam-matare-ljusbla\/\" \/>\n<meta property=\"og:locale\" content=\"sv_SE\" \/>\n<meta property=\"og:type\" content=\"article\" \/>\n<meta property=\"og:title\" content=\"Sk\u00e5l l\u00e5ngsam matare - Ljusbl\u00e5\" \/>\n<meta property=\"og:url\" content=\"https:\/\/miaustore.com\/se\/produkt\/langsam-matare-ljusbla\/\" \/>\n<meta property=\"og:site_name\" content=\"Miaustore Sweden\" \/>\n<meta property=\"article:modified_time\" content=\"2022-08-05T11:25:37+00:00\" \/>\n<meta name=\"twitter:card\" content=\"summary_large_image\" \/>\n<script type=\"application\/ld+json\" class=\"yoast-schema-graph\">{\"@context\":\"https:\/\/schema.org\",\"@graph\":[{\"@type\":\"WebPage\",\"@id\":\"https:\/\/miaustore.com\/se\/produkt\/langsam-matare-ljusbla\/\",\"url\":\"https:\/\/miaustore.com\/se\/produkt\/langsam-matare-ljusbla\/\",\"name\":\"Sk\u00e5l l\u00e5ngsam matare - Ljusbl\u00e5 - Miaustore Sweden\",\"isPartOf\":{\"@id\":\"https:\/\/miaustore.com\/se\/#website\"},\"datePublished\":\"2022-06-15T19:32:43+00:00\",\"dateModified\":\"2022-08-05T11:25:37+00:00\",\"breadcrumb\":{\"@id\":\"https:\/\/miaustore.com\/se\/produkt\/langsam-matare-ljusbla\/#breadcrumb\"},\"inLanguage\":\"sv-SE\",\"potentialAction\":[{\"@type\":\"ReadAction\",\"target\":[\"https:\/\/miaustore.com\/se\/produkt\/langsam-matare-ljusbla\/\"]}]},{\"@type\":\"BreadcrumbList\",\"@id\":\"https:\/\/miaustore.com\/se\/produkt\/langsam-matare-ljusbla\/#breadcrumb\",\"itemListElement\":[{\"@type\":\"ListItem\",\"position\":1,\"name\":\"Startseite\",\"item\":\"https:\/\/miaustore.com\/se\/\"},{\"@type\":\"ListItem\",\"position\":2,\"name\":\"Shop\",\"item\":\"https:\/\/miaustore.com\/se\/shop.html\"},{\"@type\":\"ListItem\",\"position\":3,\"name\":\"Sk\u00e5l l\u00e5ngsam matare &#8211; Ljusbl\u00e5\"}]},{\"@type\":\"WebSite\",\"@id\":\"https:\/\/miaustore.com\/se\/#website\",\"url\":\"https:\/\/miaustore.com\/se\/\",\"name\":\"Miaustore Sweden\",\"description\":\"Keramisk kattvattenfont\u00e4n\",\"potentialAction\":[{\"@type\":\"SearchAction\",\"target\":{\"@type\":\"EntryPoint\",\"urlTemplate\":\"https:\/\/miaustore.com\/se\/?s={search_term_string}\"},\"query-input\":{\"@type\":\"PropertyValueSpecification\",\"valueRequired\":true,\"valueName\":\"search_term_string\"}}],\"inLanguage\":\"sv-SE\"}]}<\/script>\n<!-- \/ Yoast SEO Premium plugin. -->","yoast_head_json":{"title":"Sk\u00e5l l\u00e5ngsam matare - Ljusbl\u00e5 - Miaustore Sweden","robots":{"index":"index","follow":"follow","max-snippet":"max-snippet:-1","max-image-preview":"max-image-preview:large","max-video-preview":"max-video-preview:-1"},"canonical":"https:\/\/miaustore.com\/se\/produkt\/langsam-matare-ljusbla\/","og_locale":"sv_SE","og_type":"article","og_title":"Sk\u00e5l l\u00e5ngsam matare - Ljusbl\u00e5","og_url":"https:\/\/miaustore.com\/se\/produkt\/langsam-matare-ljusbla\/","og_site_name":"Miaustore Sweden","article_modified_time":"2022-08-05T11:25:37+00:00","twitter_card":"summary_large_image","schema":{"@context":"https:\/\/schema.org","@graph":[{"@type":"WebPage","@id":"https:\/\/miaustore.com\/se\/produkt\/langsam-matare-ljusbla\/","url":"https:\/\/miaustore.com\/se\/produkt\/langsam-matare-ljusbla\/","name":"Sk\u00e5l l\u00e5ngsam matare - Ljusbl\u00e5 - Miaustore Sweden","isPartOf":{"@id":"https:\/\/miaustore.com\/se\/#website"},"datePublished":"2022-06-15T19:32:43+00:00","dateModified":"2022-08-05T11:25:37+00:00","breadcrumb":{"@id":"https:\/\/miaustore.com\/se\/produkt\/langsam-matare-ljusbla\/#breadcrumb"},"inLanguage":"sv-SE","potentialAction":[{"@type":"ReadAction","target":["https:\/\/miaustore.com\/se\/produkt\/langsam-matare-ljusbla\/"]}]},{"@type":"BreadcrumbList","@id":"https:\/\/miaustore.com\/se\/produkt\/langsam-matare-ljusbla\/#breadcrumb","itemListElement":[{"@type":"ListItem","position":1,"name":"Startseite","item":"https:\/\/miaustore.com\/se\/"},{"@type":"ListItem","position":2,"name":"Shop","item":"https:\/\/miaustore.com\/se\/shop.html"},{"@type":"ListItem","position":3,"name":"Sk\u00e5l l\u00e5ngsam matare &#8211; Ljusbl\u00e5"}]},{"@type":"WebSite","@id":"https:\/\/miaustore.com\/se\/#website","url":"https:\/\/miaustore.com\/se\/","name":"Miaustore Sweden","description":"Keramisk kattvattenfont\u00e4n","potentialAction":[{"@type":"SearchAction","target":{"@type":"EntryPoint","urlTemplate":"https:\/\/miaustore.com\/se\/?s={search_term_string}"},"query-input":{"@type":"PropertyValueSpecification","valueRequired":true,"valueName":"search_term_string"}}],"inLanguage":"sv-SE"}]}},"_links":{"self":[{"href":"https:\/\/miaustore.com\/se\/wp-json\/wp\/v2\/product\/75760","targetHints":{"allow":["GET"]}}],"collection":[{"href":"https:\/\/miaustore.com\/se\/wp-json\/wp\/v2\/product"}],"about":[{"href":"https:\/\/miaustore.com\/se\/wp-json\/wp\/v2\/types\/product"}],"replies":[{"embeddable":true,"href":"https:\/\/miaustore.com\/se\/wp-json\/wp\/v2\/comments?post=75760"}],"wp:attachment":[{"href":"https:\/\/miaustore.com\/se\/wp-json\/wp\/v2\/media?parent=75760"}],"wp:term":[{"taxonomy":"product_brand","embeddable":true,"href":"https:\/\/miaustore.com\/se\/wp-json\/wp\/v2\/product_brand?post=75760"},{"taxonomy":"product_cat","embeddable":true,"href":"https:\/\/miaustore.com\/se\/wp-json\/wp\/v2\/product_cat?post=75760"},{"taxonomy":"product_tag","embeddable":true,"href":"https:\/\/miaustore.com\/se\/wp-json\/wp\/v2\/product_tag?post=75760"}],"curies":[{"name":"wp","href":"https:\/\/api.w.org\/{rel}","templated":true}]}}